{"id":218,"date":"2015-04-14T10:13:09","date_gmt":"2015-04-14T10:13:09","guid":{"rendered":"https:\/\/xml-io.proteusthemes.com\/cargopress\/?page_id=6"},"modified":"2022-06-03T01:23:48","modified_gmt":"2022-06-03T01:23:48","slug":"home-2","status":"publish","type":"page","link":"https:\/\/lingmax.com\/de\/","title":{"rendered":"Heimat"},"content":{"rendered":"<div id=\"pl-218\"  class=\"panel-layout\" ><div id=\"pg-218-0\"  class=\"panel-grid panel-has-style\" ><div class=\"siteorigin-panels-stretch panel-row-style panel-row-style-for-218-0\" data-stretch-type=\"full-stretched\" ><div id=\"pgc-218-0-0\"  class=\"panel-grid-cell\" ><div id=\"panel-218-0-0-0\" class=\"so-panel widget widget_sow-slider panel-first-child panel-last-child\" data-index=\"0\" ><div\n\t\t\t\n\t\t\tclass=\"so-widget-sow-slider so-widget-sow-slider-default-a2f6f5f9e179-218\"\n\t\t\t\n\t\t><div class=\"sow-slider-base\" style=\"display: none\"><ul\n\t\t\t\t\tclass=\"sow-slider-images\"\n\t\t\t\t\tdata-settings=\"{&quot;pagination&quot;:true,&quot;speed&quot;:&quot;800&quot;,&quot;timeout&quot;:&quot;8000&quot;,&quot;paused&quot;:false,&quot;pause_on_hover&quot;:true,&quot;swipe&quot;:&quot;on&quot;,&quot;nav_always_show_desktop&quot;:&quot;&quot;,&quot;nav_always_show_mobile&quot;:&quot;&quot;,&quot;breakpoint&quot;:&quot;780px&quot;,&quot;unmute&quot;:false,&quot;anchor&quot;:null}\"\n\t\t\t\t\t\t\t\t\t>\t\t<li class=\"sow-slider-image  sow-slider-image-cover\" style=\"background-image: url(https:\/\/lingmax.com\/wp-content\/uploads\/2022\/05\/lingmax_slider1_6.png)\" >\n\t\t\t\t\t\t\t\t\t<img fetchpriority=\"high\" decoding=\"async\" width=\"1920\" height=\"468\" src=\"https:\/\/lingmax.com\/wp-content\/uploads\/2022\/05\/lingmax_slider1_6.png\" class=\"sow-slider-background-image skip-lazy\" alt=\"\" loading=\"eager\" srcset=\"https:\/\/lingmax.com\/wp-content\/uploads\/2022\/05\/lingmax_slider1_6.png 1920w, https:\/\/lingmax.com\/wp-content\/uploads\/2022\/05\/lingmax_slider1_6-300x73.png 300w, https:\/\/lingmax.com\/wp-content\/uploads\/2022\/05\/lingmax_slider1_6-1024x250.png 1024w, https:\/\/lingmax.com\/wp-content\/uploads\/2022\/05\/lingmax_slider1_6-768x187.png 768w, https:\/\/lingmax.com\/wp-content\/uploads\/2022\/05\/lingmax_slider1_6-1536x374.png 1536w\" sizes=\"(max-width: 1920px) 100vw, 1920px\" \/>\t\t\t\t\t\t\t\t<\/li>\n\t\t\t\t<li class=\"sow-slider-image  sow-slider-image-cover\" style=\"background-image: url(https:\/\/lingmax.com\/wp-content\/uploads\/2022\/05\/lingmax_slider1_5.png)\" >\n\t\t\t\t\t\t\t\t\t<img decoding=\"async\" width=\"1919\" height=\"468\" src=\"https:\/\/lingmax.com\/wp-content\/uploads\/2022\/05\/lingmax_slider1_5.png\" class=\"sow-slider-background-image skip-lazy\" alt=\"\" loading=\"eager\" srcset=\"https:\/\/lingmax.com\/wp-content\/uploads\/2022\/05\/lingmax_slider1_5.png 1919w, https:\/\/lingmax.com\/wp-content\/uploads\/2022\/05\/lingmax_slider1_5-300x73.png 300w, https:\/\/lingmax.com\/wp-content\/uploads\/2022\/05\/lingmax_slider1_5-1024x250.png 1024w, https:\/\/lingmax.com\/wp-content\/uploads\/2022\/05\/lingmax_slider1_5-768x187.png 768w, https:\/\/lingmax.com\/wp-content\/uploads\/2022\/05\/lingmax_slider1_5-1536x375.png 1536w\" sizes=\"(max-width: 1919px) 100vw, 1919px\" \/>\t\t\t\t\t\t\t\t<\/li>\n\t\t\t\t<li class=\"sow-slider-image  sow-slider-image-cover\" style=\"background-image: url(https:\/\/lingmax.com\/wp-content\/uploads\/2022\/05\/lingmax_slide1-1920x468-1.png)\" >\n\t\t\t\t\t\t\t\t\t<img decoding=\"async\" width=\"1920\" height=\"468\" src=\"https:\/\/lingmax.com\/wp-content\/uploads\/2022\/05\/lingmax_slide1-1920x468-1.png\" class=\"sow-slider-background-image skip-lazy\" alt=\"\" loading=\"eager\" srcset=\"https:\/\/lingmax.com\/wp-content\/uploads\/2022\/05\/lingmax_slide1-1920x468-1.png 1920w, https:\/\/lingmax.com\/wp-content\/uploads\/2022\/05\/lingmax_slide1-1920x468-1-300x73.png 300w, https:\/\/lingmax.com\/wp-content\/uploads\/2022\/05\/lingmax_slide1-1920x468-1-1024x250.png 1024w, https:\/\/lingmax.com\/wp-content\/uploads\/2022\/05\/lingmax_slide1-1920x468-1-768x187.png 768w, https:\/\/lingmax.com\/wp-content\/uploads\/2022\/05\/lingmax_slide1-1920x468-1-1536x374.png 1536w\" sizes=\"(max-width: 1920px) 100vw, 1920px\" \/>\t\t\t\t\t\t\t\t<\/li>\n\t\t<\/ul>\t\t\t\t<ol class=\"sow-slider-pagination\">\n\t\t\t\t\t\t\t\t\t\t\t<li><a href=\"#\" data-goto=\"0\" aria-label=\"display slide 1\"><\/a><\/li>\n\t\t\t\t\t\t\t\t\t\t\t<li><a href=\"#\" data-goto=\"1\" aria-label=\"display slide 2\"><\/a><\/li>\n\t\t\t\t\t\t\t\t\t\t\t<li><a href=\"#\" data-goto=\"2\" aria-label=\"display slide 3\"><\/a><\/li>\n\t\t\t\t\t\t\t\t\t<\/ol>\n\n\t\t\t\t<div class=\"sow-slide-nav sow-slide-nav-next\">\n\t\t\t\t\t<a href=\"#\" data-goto=\"next\" aria-label=\"next slide\" data-action=\"next\">\n\t\t\t\t\t\t<em class=\"sow-sld-icon-thin-right\"><\/em>\n\t\t\t\t\t<\/a>\n\t\t\t\t<\/div>\n\n\t\t\t\t<div class=\"sow-slide-nav sow-slide-nav-prev\">\n\t\t\t\t\t<a href=\"#\" data-goto=\"previous\" aria-label=\"previous slide\" data-action=\"prev\">\n\t\t\t\t\t\t<em class=\"sow-sld-icon-thin-left\"><\/em>\n\t\t\t\t\t<\/a>\n\t\t\t\t<\/div>\n\t\t\t\t<\/div><\/div><\/div><\/div><\/div><\/div><div id=\"pg-218-1\"  class=\"panel-grid panel-no-style\" ><div id=\"pgc-218-1-0\"  class=\"panel-grid-cell\" ><div id=\"panel-218-1-0-0\" class=\"so-panel widget widget_sow-editor panel-first-child panel-last-child\" data-index=\"1\" ><div\n\t\t\t\n\t\t\tclass=\"so-widget-sow-editor so-widget-sow-editor-base\"\n\t\t\t\n\t\t><h3 class=\"widget-title\"><span class=\"widget-title__inline\">INTERNATIONALES \u00dcBERSETZUNGSB\u00dcRO LINGMAX<\/span><\/h3>\n<div class=\"siteorigin-widget-tinymce textwidget\">\n\t<p>Die Welt von heute unterscheidet sich von der von gestern darin, dass Grenzen zwischen L\u00e4ndern weniger wichtig sind. Sie st\u00f6ren nicht mehr mit Reisen, Bildung, Suche nach einem interessanten Job. Es ist fast unm\u00f6glich, ein Unternehmen zu finden, das keine Produkte importiert oder exportiert. Um alle M\u00f6glichkeiten, die uns die Integration in die internationale Gemeinschaft er\u00f6ffnet, voll aussch\u00f6pfen zu k\u00f6nnen, brauchen wir qualitativ hochwertige \u00dcbersetzungen.<\/p>\n<p>Das Unternehmen LingMAX ist seit mehr als 8 Jahren auf dem GUS-Markt t\u00e4tig. Unsere Spezialisierung ist die schriftliche \u00dcbersetzung von Texten aus Fremdsprachen ins Russische und Ukrainische und umgekehrt. Wir haben umfangreiche Erfahrung in der \u00dcbersetzung von Materialien zu verschiedenen Themen aus dem Englischen ins Russische und Ukrainische:<\/p>\n<p>- Maschinenbau;<br \/>\n- Konstruktion;<br \/>\n- \u00d6l- und Gasf\u00f6rderung;<br \/>\n- Leicht- und Lebensmittelindustrie;<br \/>\n- Chemie und \u00d6kologie;<br \/>\n- Medikamente und medizinische Ger\u00e4te;<br \/>\n- Vermarktung und Werbung;<br \/>\n- Rechtswissenschaft;<br \/>\n- Wirtschaft;<br \/>\n- Bankgesch\u00e4fte;<br \/>\n- Software.<\/p>\n<p>Unsere Stammkunden sind internationale Vertriebswebsites, Industrie- und Handelsunternehmen, Banken, Verlage, Bildungseinrichtungen, internationale Wirtschaftsorganisationen, Sportvereine, Reise- und Transportunternehmen. Die Erfahrung in der Zusammenarbeit mit verschiedenen Arten von Unternehmen l\u00e4sst uns behaupten, dass wir in der Lage sein werden, uns an die Besonderheiten Ihres Unternehmens \u201eanzupassen\u201c und f\u00fcr viele Jahre ein bequemer Partner zu werden.<\/p>\n<p>Qualitativ hochwertige und schnelle \u00dcbersetzungen des \u00dcbersetzungsb\u00fcros LingMAX helfen Ihnen dabei, mit einer gro\u00dfen Anzahl ausl\u00e4ndischer Partner auf qualitativ hochwertige Weise zu kommunizieren, Informationen \u00fcber Ihre Produkte und Dienstleistungen schneller zu verbreiten und Ihre Marke bekannter zu machen.<\/p>\n<p>Bitte kontaktieren Sie uns und unser Kundenbetreuer hilft Ihnen dabei, mehr \u00fcber unsere Dienstleistungen zu erfahren und f\u00fchrt Sie Schritt f\u00fcr Schritt durch die Ausf\u00fchrung Ihrer Bestellung. Unser Ziel ist Ihre 100%ige Zufriedenheit mit unserer Arbeit.<\/p>\n<\/div>\n<\/div><\/div><\/div><\/div><div id=\"pg-218-2\"  class=\"panel-grid panel-has-style\" ><div class=\"siteorigin-panels-stretch panel-row-style panel-row-style-for-218-2\" data-stretch-type=\"full\" ><div id=\"pgc-218-2-0\"  class=\"panel-grid-cell\" ><div id=\"panel-218-2-0-0\" class=\"so-panel widget widget_pw_icon_box widget-icon-box panel-first-child\" data-index=\"2\" ><div class=\"widget-title--big panel-widget-style panel-widget-style-for-218-2-0-0\" >\n\n\t\t<a class=\"icon-box\" href=\"\/onlineorders\" target=\"_self\">\n\n\t\t<i class=\"fa  fa-laptop\"><\/i>\n\t\t<div class=\"icon-box__title\">ONLINE-\u00dcBERSETZUNGSBESTELLUNG<\/div>\n\t\t<span class=\"icon-box__subtitle\">Bestellen Sie die \u00dcbersetzung von Dokumenten online mit wenigen Klicks<\/span>\n\n\t\t<\/a>\n\n<\/div><\/div><div id=\"panel-218-2-0-1\" class=\"so-panel widget widget_pw_icon_box widget-icon-box panel-last-child\" data-index=\"3\" ><div class=\"widget-title--big panel-widget-style panel-widget-style-for-218-2-0-1\" >\n\n\t\t<a class=\"icon-box\" href=\"\/usloviya\" target=\"_self\">\n\n\t\t<i class=\"fa  fa-users\"><\/i>\n\t\t<div class=\"icon-box__title\">AN UNTERNEHMENSKUNDEN<\/div>\n\t\t<span class=\"icon-box__subtitle\">Lesen Sie die Bedingungen f\u00fcr die \u00dcbersetzung von Dokumenten f\u00fcr Firmenkunden<\/span>\n\n\t\t<\/a>\n\n<\/div><\/div><\/div><div id=\"pgc-218-2-1\"  class=\"panel-grid-cell\" ><div id=\"panel-218-2-1-0\" class=\"so-panel widget widget_black-studio-tinymce widget_black_studio_tinymce panel-first-child panel-last-child\" data-index=\"4\" ><div class=\"featured-widget panel-widget-style panel-widget-style-for-218-2-1-0\" ><h3 class=\"widget-title\"><span class=\"widget-title__inline\">KOSTEN BERECHNEN<\/span><\/h3><div class=\"textwidget\">Bitte f\u00fcllen Sie das Formular aus, um die \u00dcbersetzungskosten zu berechnen\n<br><br>\n<div role=\"form\" class=\"wpcf7\" id=\"wpcf7-f313-o1\" lang=\"en-US\" dir=\"ltr\">\n<div class=\"screen-reader-response\"><p role=\"status\" aria-live=\"polite\" aria-atomic=\"true\"><\/p> <ul><\/ul><\/div>\n<form action=\"\/de\/wp-json\/wp\/v2\/pages\/218#wpcf7-f313-o1\" method=\"post\" class=\"wpcf7-form init\" novalidate=\"novalidate\" data-status=\"init\">\n<div style=\"display: none;\">\n<input type=\"hidden\" name=\"_wpcf7\" value=\"313\" \/>\n<input type=\"hidden\" name=\"_wpcf7_version\" value=\"5.5.6.1\" \/>\n<input type=\"hidden\" name=\"_wpcf7_locale\" value=\"en_US\" \/>\n<input type=\"hidden\" name=\"_wpcf7_unit_tag\" value=\"wpcf7-f313-o1\" \/>\n<input type=\"hidden\" name=\"_wpcf7_container_post\" value=\"0\" \/>\n<input type=\"hidden\" name=\"_wpcf7_posted_data_hash\" value=\"\" \/>\n<input type=\"hidden\" name=\"lang\" value=\"de\" \/>\n<input type=\"hidden\" name=\"_wpcf7_recaptcha_response\" value=\"\" \/>\n<\/div>\n<div class=\"contact-form-small\">\n<div class=\"row\">\n<div class=\"col-xs-12  col-md-6\">\n      <span class=\"wpcf7-form-control-wrap your-name\"><input type=\"text\" name=\"your-name\" value=\"\" size=\"40\" class=\"wpcf7-form-control wpcf7-text wpcf7-validates-as-required\" aria-required=\"true\" aria-invalid=\"false\" placeholder=\"Name\" \/><\/span><br \/>\n      <span class=\"wpcf7-form-control-wrap your-email\"><input type=\"email\" name=\"your-email\" value=\"\" size=\"40\" class=\"wpcf7-form-control wpcf7-text wpcf7-email wpcf7-validates-as-required wpcf7-validates-as-email\" aria-required=\"true\" aria-invalid=\"false\" placeholder=\"Email\" \/><\/span>\n    <\/div>\n<div class=\"col-xs-12  col-md-6\">\n        <span class=\"wpcf7-form-control-wrap your-message\"><textarea name=\"your-message\" cols=\"40\" rows=\"10\" class=\"wpcf7-form-control wpcf7-textarea\" aria-invalid=\"false\" placeholder=\"Nachricht\"><\/textarea><\/span>\n    <\/div>\n<div class=\"col-xs-12  col-md-12\">\n      <input type=\"submit\" value=\"Senden\" class=\"wpcf7-form-control has-spinner wpcf7-submit btn btn-primary pull-right\" \/>\n    <\/div>\n<\/div>\n<\/div>\n<div class=\"wpcf7-response-output\" aria-hidden=\"true\"><\/div><\/form><\/div><\/div><\/div><\/div><\/div><\/div><\/div><\/div>","protected":false},"excerpt":{"rendered":"<p>Die Welt von heute unterscheidet sich von der von gestern darin, dass Grenzen zwischen L\u00e4ndern weniger wichtig sind. Sie st\u00f6ren nicht mehr mit Reisen, Bildung, Suche nach einem interessanten Job. Es ist fast unm\u00f6glich, ein Unternehmen zu finden, das keine Produkte importiert oder exportiert. Um alle M\u00f6glichkeiten, die uns die Integration in die internationale Gemeinschaft &hellip;<\/p>\n","protected":false},"author":1,"featured_media":0,"parent":0,"menu_order":0,"comment_status":"closed","ping_status":"open","template":"template-front-page-slider.php","meta":{"inline_featured_image":false,"footnotes":""},"acf":[],"_links":{"self":[{"href":"https:\/\/lingmax.com\/de\/wp-json\/wp\/v2\/pages\/218"}],"collection":[{"href":"https:\/\/lingmax.com\/de\/wp-json\/wp\/v2\/pages"}],"about":[{"href":"https:\/\/lingmax.com\/de\/wp-json\/wp\/v2\/types\/page"}],"author":[{"embeddable":true,"href":"https:\/\/lingmax.com\/de\/wp-json\/wp\/v2\/users\/1"}],"replies":[{"embeddable":true,"href":"https:\/\/lingmax.com\/de\/wp-json\/wp\/v2\/comments?post=218"}],"version-history":[{"count":104,"href":"https:\/\/lingmax.com\/de\/wp-json\/wp\/v2\/pages\/218\/revisions"}],"predecessor-version":[{"id":1017,"href":"https:\/\/lingmax.com\/de\/wp-json\/wp\/v2\/pages\/218\/revisions\/1017"}],"wp:attachment":[{"href":"https:\/\/lingmax.com\/de\/wp-json\/wp\/v2\/media?parent=218"}],"curies":[{"name":"wp","href":"https:\/\/api.w.org\/{rel}","templated":true}]}}