{"id":817,"date":"2022-05-31T06:59:30","date_gmt":"2022-05-31T06:59:30","guid":{"rendered":"https:\/\/lingmax.com\/?page_id=817"},"modified":"2022-07-23T14:43:44","modified_gmt":"2022-07-23T14:43:44","slug":"ukraine","status":"publish","type":"page","link":"https:\/\/lingmax.com\/de\/ukraine\/","title":{"rendered":"Ukraine"},"content":{"rendered":"<div id=\"pl-817\"  class=\"panel-layout\" ><div id=\"pg-817-0\"  class=\"panel-grid panel-no-style\" ><div id=\"pgc-817-0-0\"  class=\"panel-grid-cell\" ><div id=\"panel-817-0-0-0\" class=\"so-panel widget widget_sow-editor panel-first-child panel-last-child\" data-index=\"0\" ><div\n\t\t\t\n\t\t\tclass=\"so-widget-sow-editor so-widget-sow-editor-base\"\n\t\t\t\n\t\t><h3 class=\"widget-title\"><span class=\"widget-title__inline\">LINGMAX \u00dcBERSETZUNGSB\u00dcRO IN DER UKRAINE<\/span><\/h3>\n<div class=\"siteorigin-widget-tinymce textwidget\">\n\t<p>In den letzten 15 Jahren haben Unternehmen, die Text\u00fcbersetzungsdienste anbieten, stark an Popularit\u00e4t gewonnen. Da internationale Beziehungen zum wichtigsten Schl\u00fcssel zum Erfolg in der Entwicklung des Unternehmens geworden sind, ist der Eintritt in den internationalen Markt die Hauptaufgabe f\u00fcr jedes Unternehmen oder jede Organisation. Aber daf\u00fcr ist es notwendig, die Sprachbarriere zu \u00fcberwinden.<br \/>\n\u00dcbersetzungsb\u00fcros \u00fcbersetzen nicht nur Texte verschiedener Themen, Komplexit\u00e4t und Umfang, was zur \u00dcberwindung der Sprachbarriere beitr\u00e4gt, sondern bieten auch zus\u00e4tzliche Dienstleistungen wie Beglaubigung, konsularische Beglaubigung, Anbringen des Apostille-Stempels an. Die \u00dcbersetzung eines Dokuments ist in Regierungsstellen, Institutionen und Organisationen nicht g\u00fcltig, wenn es keine Best\u00e4tigung enth\u00e4lt, dass die \u00dcbersetzung von einem beglaubigten \u00dcbersetzer durchgef\u00fchrt wurde.<\/p>\n<p>Das internationale \u00dcbersetzungsb\u00fcro Lingmax in der Ukraine ist bereit, Sie bei der \u00dcbersetzung von Texten zu verschiedenen Themen in die g\u00e4ngigsten Sprachen der Welt zu unterst\u00fctzen: Spanisch, Deutsch, Franz\u00f6sisch, Japanisch, Chinesisch, Russisch, Italienisch, Portugiesisch, Koreanisch, Arabisch und andere 55 Sprachen der Welt. Umfang und Komplexit\u00e4t spielen f\u00fcr uns keine Rolle.<\/p>\n<p>Auf der Grundlage der W\u00fcnsche des Kunden w\u00e4hlt der Manager einen professionellen \u00dcbersetzer aus, der die Sprachkombination des Dokuments flie\u00dfend beherrscht und ein Spezialist auf dem Gebiet ist, zu dem das Dokument geh\u00f6rt.<br \/>\nWir garantieren Ihnen qualitativ hochwertige und schnelle \u00dcbersetzungen zu erschwinglichen Preisen.<\/p>\n<p>Warum uns w\u00e4hlen?<\/p>\n<p>Das \u00dcbersetzungsb\u00fcro Lingmax bietet die folgenden Arten von \u00dcbersetzungen an:<br \/>\n- juristische \u00dcbersetzungen;<br \/>\n-technische \u00dcbersetzungen;<br \/>\n- Wirtschafts\u00fcbersetzungen;<br \/>\n- medizinische \u00dcbersetzungen;<br \/>\n-\u00dcbersetzungen von IT-Texten.<\/p>\n<p>In 15 Jahren erfolgreicher Arbeit in der Ukraine konnten wir die Arbeit aller \u00c4mter auf h\u00f6chstem Niveau organisieren. So k\u00f6nnen Sie Auftr\u00e4ge schnellstm\u00f6glich und ohne Qualit\u00e4tsverlust erf\u00fcllen. Dank koordinierter Aktionen erhalten Sie die \u00dcbersetzung immer p\u00fcnktlich.<br \/>\nDas internationale \u00dcbersetzungsb\u00fcro \u201eLingmax\u201c in der Ukraine bietet Dienstleistungen f\u00fcr die notarielle Beglaubigung von \u00dcbersetzungen, die konsularische Beglaubigung und das Anbringen des \u201eApostille\u201c-Stempels an.<br \/>\nUnser Team vereint professionelle Linguisten aus der ganzen Welt, was es erm\u00f6glicht, jede \u00dcbersetzung genau und effizient auszuf\u00fchren.<\/p>\n<p>Wenn Sie Fragen haben, z\u00f6gern Sie nicht, die auf unserer offiziellen Website aufgef\u00fchrten Nummern anzurufen: www.lingmax.com oder senden Sie eine Anfrage per E-Mail:<br \/>\nUnsere Manager werden sich so schnell wie m\u00f6glich mit Ihnen in Verbindung setzen.<\/p>\n<\/div>\n<\/div><\/div><\/div><\/div><\/div>","protected":false},"excerpt":{"rendered":"<p>In den letzten 15 Jahren haben Unternehmen, die Text\u00fcbersetzungsdienste anbieten, stark an Popularit\u00e4t gewonnen. Da internationale Beziehungen zum wichtigsten Schl\u00fcssel zum Erfolg in der Entwicklung des Unternehmens geworden sind, ist der Eintritt in den internationalen Markt die Hauptaufgabe f\u00fcr jedes Unternehmen oder jede Organisation. Aber daf\u00fcr ist es notwendig, die Sprachbarriere zu \u00fcberwinden. \u00dcbersetzungsb\u00fcros \u00fcbersetzen &hellip;<\/p>\n","protected":false},"author":1,"featured_media":0,"parent":0,"menu_order":0,"comment_status":"closed","ping_status":"closed","template":"","meta":{"inline_featured_image":false,"footnotes":""},"acf":[],"_links":{"self":[{"href":"https:\/\/lingmax.com\/de\/wp-json\/wp\/v2\/pages\/817"}],"collection":[{"href":"https:\/\/lingmax.com\/de\/wp-json\/wp\/v2\/pages"}],"about":[{"href":"https:\/\/lingmax.com\/de\/wp-json\/wp\/v2\/types\/page"}],"author":[{"embeddable":true,"href":"https:\/\/lingmax.com\/de\/wp-json\/wp\/v2\/users\/1"}],"replies":[{"embeddable":true,"href":"https:\/\/lingmax.com\/de\/wp-json\/wp\/v2\/comments?post=817"}],"version-history":[{"count":51,"href":"https:\/\/lingmax.com\/de\/wp-json\/wp\/v2\/pages\/817\/revisions"}],"predecessor-version":[{"id":1398,"href":"https:\/\/lingmax.com\/de\/wp-json\/wp\/v2\/pages\/817\/revisions\/1398"}],"wp:attachment":[{"href":"https:\/\/lingmax.com\/de\/wp-json\/wp\/v2\/media?parent=817"}],"curies":[{"name":"wp","href":"https:\/\/api.w.org\/{rel}","templated":true}]}}