{"id":838,"date":"2022-05-31T07:50:03","date_gmt":"2022-05-31T07:50:03","guid":{"rendered":"https:\/\/lingmax.com\/?page_id=838"},"modified":"2022-06-03T02:12:43","modified_gmt":"2022-06-03T02:12:43","slug":"moldova","status":"publish","type":"page","link":"https:\/\/lingmax.com\/de\/moldova\/","title":{"rendered":"Moldawien"},"content":{"rendered":"<div id=\"pl-838\"  class=\"panel-layout\" ><div id=\"pg-838-0\"  class=\"panel-grid panel-no-style\" ><div id=\"pgc-838-0-0\"  class=\"panel-grid-cell\" ><div id=\"panel-838-0-0-0\" class=\"so-panel widget widget_sow-editor panel-first-child panel-last-child\" data-index=\"0\" ><div\n\t\t\t\n\t\t\tclass=\"so-widget-sow-editor so-widget-sow-editor-base\"\n\t\t\t\n\t\t><h3 class=\"widget-title\"><span class=\"widget-title__inline\">Internationales \u00dcbersetzungsb\u00fcro \u201eLingmax\u201c in Moldawien<\/span><\/h3>\n<div class=\"siteorigin-widget-tinymce textwidget\">\n\t<div>\n<p>Internationales \u00dcbersetzungsb\u00fcro \u201eLingmax\u201c in Moldawien<br \/>\nUnsere Adresse: Chisinau, st. Puschkina 26, von. 201<br \/>\nTelefon: +37369106200<\/p>\n<p>Telefon: +380675177550<\/p>\n<p>Das \u00dcbersetzungsb\u00fcro \u201eLingmax\u201c in Moldawien bietet eine umfassende Palette von Dienstleistungen f\u00fcr die \u00dcbersetzung von Dokumenten aus\/in die meisten Sprachen Europas und Asiens. Wir sind spezialisiert auf hochwertige \u00dcbersetzungen von Dokumenten f\u00fcr Privatpersonen und Unternehmen.<\/p>\n<p>Preisliste<\/p>\n<\/div>\n<table class=\"bordered\" width=\"100%\">\n<thead>\n<tr>\n<th valign=\"middle\"><span style=\"color: #000000;\">\u042f\u0437\u044b\u043a \u043f\u0435\u0440\u0435\u0432\u043e\u0434\u0430<\/span><\/th>\n<th><span style=\"color: #000000;\">\u0421\u0442\u0430\u043d\u0434\u0430\u0440\u0442<\/span><\/th>\n<th><span style=\"color: #000000;\">\u0422\u0435\u043a\u0441\u0442<\/span><\/th>\n<\/tr>\n<\/thead>\n<tbody>\n<tr>\n<td><img decoding=\"async\" src=\"https:\/\/lingmax.com\/flag_icons\/GB.png\" alt=\"\" width=\"15\" \/>\u00a0\u0410\u043d\u0433\u043b\u0438\u0439\u0441\u043a\u0438\u0439<\/td>\n<td>55<\/td>\n<td>70<\/td>\n<\/tr>\n<tr>\n<td><img loading=\"lazy\" decoding=\"async\" src=\"https:\/\/lingmax.com\/flag_icons\/AE.png\" alt=\"\" width=\"15\" height=\"15\" \/>\u00a0\u0410\u0440\u0430\u0431\u0441\u043a\u0438\u0439<\/td>\n<td>225<\/td>\n<td>225<\/td>\n<\/tr>\n<tr>\n<td><img loading=\"lazy\" decoding=\"async\" src=\"https:\/\/lingmax.com\/flag_icons\/AM.png\" alt=\"\" width=\"15\" height=\"15\" \/>\u00a0\u0410\u0440\u043c\u044f\u043d\u0441\u043a\u0438\u0439<\/td>\n<td>85<\/td>\n<td>95<\/td>\n<\/tr>\n<tr>\n<td><img loading=\"lazy\" decoding=\"async\" src=\"https:\/\/lingmax.com\/flag_icons\/BG.png\" alt=\"\" width=\"15\" height=\"15\" \/>\u00a0\u0411\u043e\u043b\u0433\u0430\u0440\u0441\u043a\u0438\u0439<\/td>\n<td>90<\/td>\n<td>125<\/td>\n<\/tr>\n<tr>\n<td><img loading=\"lazy\" decoding=\"async\" src=\"https:\/\/lingmax.com\/flag_icons\/HU.png\" alt=\"\" width=\"15\" height=\"15\" \/>\u00a0\u0412\u0435\u043d\u0433\u0435\u0440\u0441\u043a\u0438\u0439<\/td>\n<td>65<\/td>\n<td>90<\/td>\n<\/tr>\n<tr>\n<td><img loading=\"lazy\" decoding=\"async\" src=\"https:\/\/lingmax.com\/flag_icons\/NL.png\" alt=\"\" width=\"15\" height=\"15\" \/>\u00a0\u0413\u043e\u043b\u043b\u0430\u043d\u0434\u0441\u043a\u0438\u0439<\/td>\n<td>260<\/td>\n<td>270<\/td>\n<\/tr>\n<tr>\n<td><img loading=\"lazy\" decoding=\"async\" src=\"https:\/\/lingmax.com\/flag_icons\/GR.png\" alt=\"\" width=\"15\" height=\"15\" \/>\u00a0\u0413\u0440\u0435\u0447\u0435\u0441\u043a\u0438\u0439<\/td>\n<td>\u00a0100<\/td>\n<td>\u00a0105<\/td>\n<\/tr>\n<tr>\n<td><img loading=\"lazy\" decoding=\"async\" src=\"https:\/\/lingmax.com\/flag_icons\/GE.png\" alt=\"\" width=\"15\" height=\"15\" \/>\u00a0\u0413\u0440\u0443\u0437\u0438\u043d\u0441\u043a\u0438\u0439<\/td>\n<td>55<\/td>\n<td>70<\/td>\n<\/tr>\n<tr>\n<td><img loading=\"lazy\" decoding=\"async\" src=\"https:\/\/lingmax.com\/flag_icons\/DK.png\" alt=\"\" width=\"15\" height=\"15\" \/>\u00a0\u0414\u0430\u0442\u0441\u043a\u0438\u0439<\/td>\n<td>225<\/td>\n<td>225<\/td>\n<\/tr>\n<tr>\n<td><img loading=\"lazy\" decoding=\"async\" src=\"https:\/\/lingmax.com\/flag_icons\/IL.png\" alt=\"\" width=\"15\" height=\"15\" \/>\u00a0\u0418\u0432\u0440\u0438\u0442<\/td>\n<td>240<\/td>\n<td>245<\/td>\n<\/tr>\n<tr>\n<td><img loading=\"lazy\" decoding=\"async\" src=\"https:\/\/lingmax.com\/flag_icons\/ES.png\" alt=\"\" width=\"15\" height=\"15\" \/>\u00a0\u0418\u0441\u043f\u0430\u043d\u0441\u043a\u0438\u0439<\/td>\n<td>85<\/td>\n<td>95<\/td>\n<\/tr>\n<tr>\n<td><img loading=\"lazy\" decoding=\"async\" src=\"https:\/\/lingmax.com\/flag_icons\/IT.png\" alt=\"\" width=\"15\" height=\"15\" \/>\u00a0\u0418\u0442\u0430\u043b\u044c\u044f\u043d\u0441\u043a\u0438\u0439<\/td>\n<td>85<\/td>\n<td>95<\/td>\n<\/tr>\n<tr>\n<td><img loading=\"lazy\" decoding=\"async\" src=\"https:\/\/lingmax.com\/flag_icons\/CN.png\" alt=\"\" width=\"15\" height=\"15\" \/>\u00a0\u041a\u0438\u0442\u0430\u0439\u0441\u043a\u0438\u0439<\/td>\n<td>105<\/td>\n<td>105<\/td>\n<\/tr>\n<tr>\n<td><img loading=\"lazy\" decoding=\"async\" src=\"https:\/\/lingmax.com\/flag_icons\/LV.png\" alt=\"\" width=\"15\" height=\"15\" \/>\u00a0\u041b\u0430\u0442\u044b\u0448\u0441\u043a\u0438\u0439<\/td>\n<td>225<\/td>\n<td>225<\/td>\n<\/tr>\n<tr>\n<td><img loading=\"lazy\" decoding=\"async\" src=\"https:\/\/lingmax.com\/flag_icons\/LT.png\" alt=\"\" width=\"15\" height=\"15\" \/>\u00a0\u041b\u0438\u0442\u043e\u0432\u0441\u043a\u0438\u0439<\/td>\n<td>110<\/td>\n<td>110<\/td>\n<\/tr>\n<tr>\n<td><img loading=\"lazy\" decoding=\"async\" src=\"https:\/\/lingmax.com\/flag_icons\/DE.png\" alt=\"\" width=\"15\" height=\"15\" \/>\u00a0\u041d\u0435\u043c\u0435\u0446\u043a\u0438\u0439<\/td>\n<td>85<\/td>\n<td>95<\/td>\n<\/tr>\n<tr>\n<td><img loading=\"lazy\" decoding=\"async\" src=\"https:\/\/lingmax.com\/flag_icons\/NO.png\" alt=\"\" width=\"15\" height=\"15\" \/>\u00a0\u041d\u043e\u0440\u0432\u0435\u0436\u0441\u043a\u0438\u0439<\/td>\n<td>\u00a0225<\/td>\n<td>\u00a0225<\/td>\n<\/tr>\n<tr>\n<td><img loading=\"lazy\" decoding=\"async\" src=\"https:\/\/lingmax.com\/flag_icons\/PL.png\" alt=\"\" width=\"15\" height=\"15\" \/>\u00a0\u041f\u043e\u043b\u044c\u0441\u043a\u0438\u0439<\/td>\n<td>\u00a085<\/td>\n<td>\u00a095<\/td>\n<\/tr>\n<tr>\n<td><img loading=\"lazy\" decoding=\"async\" src=\"https:\/\/lingmax.com\/flag_icons\/PT.png\" alt=\"\" width=\"15\" height=\"15\" \/>\u00a0\u041f\u043e\u0440\u0442\u0443\u0433\u0430\u043b\u044c\u0441\u043a\u0438\u0439<\/td>\n<td>\u00a075<\/td>\n<td>90<\/td>\n<\/tr>\n<tr>\n<td><img loading=\"lazy\" decoding=\"async\" src=\"https:\/\/lingmax.com\/flag_icons\/RS.png\" alt=\"\" width=\"15\" height=\"15\" \/>\u00a0\u0421\u0435\u0440\u0431\u043e\u0445\u043e\u0440\u0432\u0430\u0442\u0441\u043a\u0438\u0439<\/td>\n<td>\u00a090<\/td>\n<td>\u00a0100<\/td>\n<\/tr>\n<tr>\n<td><img loading=\"lazy\" decoding=\"async\" src=\"https:\/\/lingmax.com\/flag_icons\/SK.png\" alt=\"\" width=\"15\" height=\"15\" \/>\u00a0\u0421\u043b\u043e\u0432\u0430\u0446\u043a\u0438\u0439<\/td>\n<td>\u00a090<\/td>\n<td>\u00a0100<\/td>\n<\/tr>\n<tr>\n<td><img loading=\"lazy\" decoding=\"async\" src=\"https:\/\/lingmax.com\/flag_icons\/SI.png\" alt=\"\" width=\"15\" height=\"15\" \/>\u00a0\u0421\u043b\u043e\u0432\u0435\u043d\u0441\u043a\u0438\u0439<\/td>\n<td>90<\/td>\n<td>100<\/td>\n<\/tr>\n<tr>\n<td><img loading=\"lazy\" decoding=\"async\" src=\"https:\/\/lingmax.com\/flag_icons\/TR.png\" alt=\"\" width=\"15\" height=\"15\" \/>\u00a0\u0422\u0443\u0440\u0435\u0446\u043a\u0438\u0439<\/td>\n<td>65<\/td>\n<td>65<\/td>\n<\/tr>\n<tr>\n<td><img loading=\"lazy\" decoding=\"async\" src=\"https:\/\/lingmax.com\/flag_icons\/FR.png\" alt=\"\" width=\"15\" height=\"15\" \/>\u00a0\u0424\u0440\u0430\u043d\u0446\u0443\u0437\u0441\u043a\u0438\u0439<\/td>\n<td>85<\/td>\n<td>95<\/td>\n<\/tr>\n<tr>\n<td><img loading=\"lazy\" decoding=\"async\" src=\"https:\/\/lingmax.com\/flag_icons\/CZ.png\" alt=\"\" width=\"15\" height=\"15\" \/>\u00a0\u0427\u0435\u0448\u0441\u043a\u0438\u0439<\/td>\n<td>75<\/td>\n<td>150<\/td>\n<\/tr>\n<tr>\n<td><img loading=\"lazy\" decoding=\"async\" src=\"https:\/\/lingmax.com\/flag_icons\/SE.png\" alt=\"\" width=\"15\" height=\"15\" \/>\u00a0\u0428\u0432\u0435\u0434\u0441\u043a\u0438\u0439<\/td>\n<td>225<\/td>\n<td>225<\/td>\n<\/tr>\n<tr>\n<td><img loading=\"lazy\" decoding=\"async\" src=\"https:\/\/lingmax.com\/flag_icons\/EE.png\" alt=\"\" width=\"15\" height=\"15\" \/>\u00a0\u042d\u0441\u0442\u043e\u043d\u0441\u043a\u0438\u0439<\/td>\n<td>120<\/td>\n<td><\/td>\n<\/tr>\n<tr>\n<td><img loading=\"lazy\" decoding=\"async\" src=\"https:\/\/lingmax.com\/flag_icons\/JP.png\" alt=\"\" width=\"15\" height=\"15\" \/>\u00a0\u042f\u043f\u043e\u043d\u0441\u043a\u0438\u0439<\/td>\n<td>105<\/td>\n<td>110<\/td>\n<\/tr>\n<tr>\n<td><img loading=\"lazy\" decoding=\"async\" src=\"https:\/\/lingmax.com\/flag_icons\/RU.png\" alt=\"\" width=\"15\" height=\"15\" \/>\u00a0\u0420\u0443\u0441\u0441\u043a\u0438\u0439<\/td>\n<td>75<\/td>\n<td>85<\/td>\n<\/tr>\n<tr>\n<td>\u0423\u043a\u0440\u0430\u0438\u043d\u0441\u043a\u0438\u0439<\/td>\n<td>\u00a085<\/td>\n<td>\u00a095<\/td>\n<\/tr>\n<\/tbody>\n<\/table>\n<div><\/div>\n<div>\n<p>Unser \u00dcbersetzungsb\u00fcro vereint eine gro\u00dfe Anzahl professioneller \u00dcbersetzer, die in den folgenden Bereichen \u00fcbersetzen:<br \/>\n-Jurisprudenz;<br \/>\n-Wirtschaft;<br \/>\n-Technik;<br \/>\n-die Medizin;<br \/>\n-Informationstechnologien (\u00dcbersetzung von IT-Texten).<br \/>\nWir garantieren qualitativ hochwertige \u00dcbersetzungen in jedem der oben genannten Bereiche. F\u00fcr jeden Auftrag w\u00e4hlen wir einen \u00dcbersetzer aus, der das Sprachpaar flie\u00dfend beherrscht und auf die Branche spezialisiert ist, zu der das Dokument geh\u00f6rt. Um sicherzustellen, dass die \u00dcbersetzung fehlerfrei ist und alle erforderlichen Qualit\u00e4tsstandards erf\u00fcllt, wird die \u00dcbersetzung immer von der Lektoratabteilung gepr\u00fcft und erst danach an den Kunden \u00fcbergeben. Die gut koordinierte Arbeit des Teams des \u00dcbersetzungsb\u00fcros Lingmax erm\u00f6glichte es, Auftr\u00e4ge schnellstm\u00f6glich und ohne Qualit\u00e4tsverlust zu erf\u00fcllen.<br \/>\nDas internationale \u00dcbersetzungsb\u00fcro \u201eLingmax\u201c in Moldawien bietet auch notarielle Beglaubigungen, konsularische Beglaubigungen und das Anbringen des \u201eApostille\u201c-Stempels an. Wir bieten auch dringende \u00dcbersetzungen an.<br \/>\nKontakt unter den auf der Website aufgef\u00fchrten Telefonnummern. Unsere Manager beantworten alle Ihre Fragen.<\/p>\n<p>Wir akzeptieren Zahlungen auf folgende Weise:<br \/>\n- Bargeld im B\u00fcro;<br \/>\n- elektronisches Geld WebMoney, YandexMoney;<br \/>\n- \u00dcberweisung von Geldern auf eine Bankkarte.<br \/>\nWir akzeptieren Zahlungen auf folgende Weise:<br \/>\n- Bargeld im B\u00fcro;<br \/>\n- elektronisches Geld WebMoney, YandexMoney;<br \/>\n- \u00dcberweisung von Geldern auf eine Bankkarte.<\/p>\n<\/div>\n<\/div>\n<\/div><\/div><\/div><\/div><\/div>","protected":false},"excerpt":{"rendered":"<p>Internationales \u00dcbersetzungsb\u00fcro \u201eLingmax\u201c in Moldawien Unsere Adresse: Chisinau, st. Puschkina 26, von. 201 Telefon: +37369106200 Telefon: +380675177550 Das \u00dcbersetzungsb\u00fcro \u201eLingmax\u201c in Moldawien bietet eine umfassende Palette von Dienstleistungen f\u00fcr die \u00dcbersetzung von Dokumenten aus\/in die meisten Sprachen Europas und Asiens. Wir sind spezialisiert auf hochwertige \u00dcbersetzungen von Dokumenten f\u00fcr Privatpersonen und Unternehmen. Preisliste \u042f\u0437\u044b\u043a \u043f\u0435\u0440\u0435\u0432\u043e\u0434\u0430 &hellip;<\/p>\n","protected":false},"author":1,"featured_media":0,"parent":0,"menu_order":0,"comment_status":"closed","ping_status":"closed","template":"template-country.php","meta":{"inline_featured_image":false,"footnotes":""},"acf":[],"_links":{"self":[{"href":"https:\/\/lingmax.com\/de\/wp-json\/wp\/v2\/pages\/838"}],"collection":[{"href":"https:\/\/lingmax.com\/de\/wp-json\/wp\/v2\/pages"}],"about":[{"href":"https:\/\/lingmax.com\/de\/wp-json\/wp\/v2\/types\/page"}],"author":[{"embeddable":true,"href":"https:\/\/lingmax.com\/de\/wp-json\/wp\/v2\/users\/1"}],"replies":[{"embeddable":true,"href":"https:\/\/lingmax.com\/de\/wp-json\/wp\/v2\/comments?post=838"}],"version-history":[{"count":29,"href":"https:\/\/lingmax.com\/de\/wp-json\/wp\/v2\/pages\/838\/revisions"}],"predecessor-version":[{"id":1264,"href":"https:\/\/lingmax.com\/de\/wp-json\/wp\/v2\/pages\/838\/revisions\/1264"}],"wp:attachment":[{"href":"https:\/\/lingmax.com\/de\/wp-json\/wp\/v2\/media?parent=838"}],"curies":[{"name":"wp","href":"https:\/\/api.w.org\/{rel}","templated":true}]}}