{"id":851,"date":"2022-05-31T07:58:24","date_gmt":"2022-05-31T07:58:24","guid":{"rendered":"https:\/\/lingmax.com\/?page_id=851"},"modified":"2022-06-03T01:54:39","modified_gmt":"2022-06-03T01:54:39","slug":"china","status":"publish","type":"page","link":"https:\/\/lingmax.com\/de\/china\/","title":{"rendered":"China"},"content":{"rendered":"<div id=\"pl-851\"  class=\"panel-layout\" ><div id=\"pg-851-0\"  class=\"panel-grid panel-no-style\" ><div id=\"pgc-851-0-0\"  class=\"panel-grid-cell\" ><div id=\"panel-851-0-0-0\" class=\"so-panel widget widget_sow-editor panel-first-child panel-last-child\" data-index=\"0\" ><div\n\t\t\t\n\t\t\tclass=\"so-widget-sow-editor so-widget-sow-editor-base\"\n\t\t\t\n\t\t><h3 class=\"widget-title\"><span class=\"widget-title__inline\">Internationales \u00dcbersetzungsb\u00fcro Lingmax in China<\/span><\/h3>\n<div class=\"siteorigin-widget-tinymce textwidget\">\n\t<p>Lingmax Translation Agency ist ein schnell wachsendes Unternehmen, das \u00dcbersetzungsdienste f\u00fcr verschiedene Dokumente und Websites auf internationaler Ebene anbietet. Unser Team besteht aus hochkar\u00e4tigen Fachleuten, die sich seit vielen Jahren auf die \u00dcbersetzung von Texten aus verschiedenen Bereichen der Wissenschaft, Technik, Medizin und Rechtswissenschaft spezialisiert haben. Unser Ziel ist es, Ihnen und Ihrem Unternehmen dabei zu helfen, Sprachbarrieren zu \u00fcberwinden.<\/p>\n<p>Unsere Spezialisierung<\/p>\n<p>Unsere \u00dcbersetzer sprechen alle g\u00e4ngigen Sprachen in Europa und Asien, wodurch wir fast jede \u00dcbersetzung durchf\u00fchren k\u00f6nnen. Wir k\u00fcmmern uns um jeden unserer Kunden und bieten qualitativ hochwertige Dienstleistungen sowohl f\u00fcr Privatpersonen als auch f\u00fcr kommerzielle Organisationen.<\/p>\n<p>Bequemer und zuverl\u00e4ssiger Service<\/p>\n<p>Das internationale \u00dcbersetzungsb\u00fcro Lingmax in China ist bereit, \u00dcbersetzungen jeder Komplexit\u00e4t und jedes Volumens zu \u00fcbernehmen. Wir bieten Ihnen wettbewerbsf\u00e4hige Preise und termingerechte \u00dcbersetzungen in hoher Qualit\u00e4t.<\/p>\n<p>Qualit\u00e4tskontrolle<\/p>\n<p>Alle Bestellungen werden einer doppelten Qualit\u00e4tskontrolle unterzogen. Nachdem der Manager den Auftrag erhalten hat, sendet er ihn an den \u00dcbersetzer, der das f\u00fcr die \u00dcbersetzung des Dokuments erforderliche Sprachpaar flie\u00dfend beherrscht. Anschlie\u00dfend wird die fertige \u00dcbersetzung vom Lektorat gepr\u00fcft. Die \u00dcbersetzung wird dem Kunden erst dann \u00fcbergeben, wenn alle relevanten Pr\u00fcfungen, Korrekturen und Layouts abgeschlossen sind.<\/p>\n<p>unser Team<\/p>\n<p>In \u00fcber 15 Jahren Arbeit haben wir ein Team von Fachleuten zusammengestellt, das in der Lage ist, jede \u00dcbersetzung auszuf\u00fchren:<br \/>\n\u2022 jeder \u00dcbersetzer spricht flie\u00dfend sein eigenes Sprachpaar;<br \/>\n\u2022 jeder \u00dcbersetzer ein Spezialist auf einem bestimmten Gebiet ist (Wirtschaft, Medizin, Recht usw.);<br \/>\n\u2022 Jeder \u00dcbersetzer hat Erfahrung im Bereich Sprach\u00fcbersetzungen.<\/p>\n<p>Das Leistungsspektrum:<\/p>\n<p>Das internationale \u00dcbersetzungsb\u00fcro Lingmax in China bietet die folgenden Arten von \u00dcbersetzungen an:<br \/>\n\u2022 schriftliche \u00dcbersetzungen (technische \u00dcbersetzung, medizinische \u00dcbersetzung, Wirtschafts\u00fcbersetzung, juristische \u00dcbersetzung)<br \/>\n\u2022 m\u00fcndliche \u00dcbersetzungen (Konsekutiv\u00fcbersetzung)<br \/>\n\u2022 Site-\u00dcbersetzung<\/p>\n<p>Wir f\u00fchren auch durch:<br \/>\n\u2022 konsularische Beglaubigung und Apostille;<br \/>\n\u2022 Beglaubigung von Dokumenten;<br \/>\n\u2022 Beglaubigung durch das Siegel des \u00dcbersetzungsb\u00fcros (kostenlos);<\/p>\n<p>Unsere Firma bietet auch dringende \u00dcbersetzungen von Dokumenten an.<br \/>\nUm die Dienste unseres \u00dcbersetzungsb\u00fcros zu nutzen, k\u00f6nnen Sie:<br \/>\n\u2022 Kontaktieren Sie die Manager unter den Telefonnummern, die auf der offiziellen Website www.lingmax.com aufgef\u00fchrt sind.<br \/>\n\u2022 F\u00fcllen Sie das Online-Formular auf unserer Website aus.<br \/>\n\u2022 Senden Sie uns eine E-Mail an die Mailbox: hot@lingmax.com<\/p>\n<\/div>\n<\/div><\/div><\/div><\/div><\/div>","protected":false},"excerpt":{"rendered":"<p>Lingmax Translation Agency ist ein schnell wachsendes Unternehmen, das \u00dcbersetzungsdienste f\u00fcr verschiedene Dokumente und Websites auf internationaler Ebene anbietet. Unser Team besteht aus hochkar\u00e4tigen Fachleuten, die sich seit vielen Jahren auf die \u00dcbersetzung von Texten aus verschiedenen Bereichen der Wissenschaft, Technik, Medizin und Rechtswissenschaft spezialisiert haben. Unser Ziel ist es, Ihnen und Ihrem Unternehmen dabei &hellip;<\/p>\n","protected":false},"author":1,"featured_media":0,"parent":0,"menu_order":0,"comment_status":"closed","ping_status":"closed","template":"template-country.php","meta":{"inline_featured_image":false,"footnotes":""},"acf":[],"_links":{"self":[{"href":"https:\/\/lingmax.com\/de\/wp-json\/wp\/v2\/pages\/851"}],"collection":[{"href":"https:\/\/lingmax.com\/de\/wp-json\/wp\/v2\/pages"}],"about":[{"href":"https:\/\/lingmax.com\/de\/wp-json\/wp\/v2\/types\/page"}],"author":[{"embeddable":true,"href":"https:\/\/lingmax.com\/de\/wp-json\/wp\/v2\/users\/1"}],"replies":[{"embeddable":true,"href":"https:\/\/lingmax.com\/de\/wp-json\/wp\/v2\/comments?post=851"}],"version-history":[{"count":20,"href":"https:\/\/lingmax.com\/de\/wp-json\/wp\/v2\/pages\/851\/revisions"}],"predecessor-version":[{"id":1244,"href":"https:\/\/lingmax.com\/de\/wp-json\/wp\/v2\/pages\/851\/revisions\/1244"}],"wp:attachment":[{"href":"https:\/\/lingmax.com\/de\/wp-json\/wp\/v2\/media?parent=851"}],"curies":[{"name":"wp","href":"https:\/\/api.w.org\/{rel}","templated":true}]}}