{"id":857,"date":"2022-05-31T08:00:21","date_gmt":"2022-05-31T08:00:21","guid":{"rendered":"https:\/\/lingmax.com\/?page_id=857"},"modified":"2022-06-03T01:47:21","modified_gmt":"2022-06-03T01:47:21","slug":"hong_kong","status":"publish","type":"page","link":"https:\/\/lingmax.com\/de\/hong_kong\/","title":{"rendered":"Hongkong"},"content":{"rendered":"<div id=\"pl-857\"  class=\"panel-layout\" ><div id=\"pg-857-0\"  class=\"panel-grid panel-no-style\" ><div id=\"pgc-857-0-0\"  class=\"panel-grid-cell\" ><div id=\"panel-857-0-0-0\" class=\"so-panel widget widget_sow-editor panel-first-child panel-last-child\" data-index=\"0\" ><div\n\t\t\t\n\t\t\tclass=\"so-widget-sow-editor so-widget-sow-editor-base\"\n\t\t\t\n\t\t><h3 class=\"widget-title\"><span class=\"widget-title__inline\">Internationales \u00dcbersetzungsb\u00fcro Lingmax in Hongkong<\/span><\/h3>\n<div class=\"siteorigin-widget-tinymce textwidget\">\n\t<p>Das \u00dcbersetzungsb\u00fcro Lingmax wurde 2006 von einem Team aus Linguisten und Gesch\u00e4ftsleuten gegr\u00fcndet. In 8 Jahren erfolgreicher Arbeit konnten wir uns einen hohen Ruf und Vertrauen bei den Kunden erarbeiten, was bei der Arbeit im Bereich \u00dcbersetzungen nicht weniger wichtig ist. Wir konnten in die M\u00e4rkte Ukraine, Russland, Moldawien eintreten und dort Fu\u00df fassen.<\/p>\n<p>&nbsp;<\/p>\n<p>Unsere Agentur bietet folgende \u00dcbersetzungsdienste an:<\/p>\n<p>- \u00dcbersetzung von Dokumenten mit Beglaubigung (Reisepass, Geburtsurkunde, Milit\u00e4rausweis, Arbeitsbuch, Diplom, Zeugnis, F\u00fchrerschein, Zustimmung zum Verlassen des Kindes usw.)<\/p>\n<p>- schriftliche \u00dcbersetzung (technische \u00dcbersetzung, medizinische \u00dcbersetzung, Wirtschafts\u00fcbersetzung, juristische \u00dcbersetzung, \u00dcbersetzung von IT-Texten)<br \/>\n- Website-\u00dcbersetzung<br \/>\n- Dolmetschen (konsekutiv)<\/p>\n<p>&nbsp;<\/p>\n<p>Sowie Dienstleistungen der konsularischen Beglaubigung und Apostille.<\/p>\n<p>&nbsp;<\/p>\n<p>Wir arbeiten sowohl mit Privatpersonen als auch mit kommerziellen Organisationen zusammen.<\/p>\n<p>Das \u00dcbersetzungsb\u00fcro \u201eLingmax\u201c k\u00fcmmert sich um jeden Kunden und es ist uns sehr wichtig, dass Sie mit der Qualit\u00e4t und Geschwindigkeit der Auftragserf\u00fcllung zufrieden sind. Wir verstehen, wie wichtig jede Minute ist und wie ein Fehler den Verlauf von Verhandlungen oder den Papierkram beeinflussen kann. Langfristige Zusammenarbeit ist unser Hauptziel.<\/p>\n<p>&nbsp;<\/p>\n<p>Bitte kontaktieren Sie uns unter den Nummern, die auf unserer offiziellen Website www.lingmax.com aufgef\u00fchrt sind.<\/p>\n<p>&nbsp;<\/p>\n<p>Unsere Manager beantworten gerne alle Ihre Fragen.<\/p>\n<\/div>\n<\/div><\/div><\/div><\/div><\/div>","protected":false},"excerpt":{"rendered":"<p>Das \u00dcbersetzungsb\u00fcro Lingmax wurde 2006 von einem Team aus Linguisten und Gesch\u00e4ftsleuten gegr\u00fcndet. In 8 Jahren erfolgreicher Arbeit konnten wir uns einen hohen Ruf und Vertrauen bei den Kunden erarbeiten, was bei der Arbeit im Bereich \u00dcbersetzungen nicht weniger wichtig ist. Wir konnten in die M\u00e4rkte Ukraine, Russland, Moldawien eintreten und dort Fu\u00df fassen. &nbsp; &hellip;<\/p>\n","protected":false},"author":1,"featured_media":0,"parent":0,"menu_order":0,"comment_status":"closed","ping_status":"closed","template":"template-country.php","meta":{"inline_featured_image":false,"footnotes":""},"acf":[],"_links":{"self":[{"href":"https:\/\/lingmax.com\/de\/wp-json\/wp\/v2\/pages\/857"}],"collection":[{"href":"https:\/\/lingmax.com\/de\/wp-json\/wp\/v2\/pages"}],"about":[{"href":"https:\/\/lingmax.com\/de\/wp-json\/wp\/v2\/types\/page"}],"author":[{"embeddable":true,"href":"https:\/\/lingmax.com\/de\/wp-json\/wp\/v2\/users\/1"}],"replies":[{"embeddable":true,"href":"https:\/\/lingmax.com\/de\/wp-json\/wp\/v2\/comments?post=857"}],"version-history":[{"count":21,"href":"https:\/\/lingmax.com\/de\/wp-json\/wp\/v2\/pages\/857\/revisions"}],"predecessor-version":[{"id":1222,"href":"https:\/\/lingmax.com\/de\/wp-json\/wp\/v2\/pages\/857\/revisions\/1222"}],"wp:attachment":[{"href":"https:\/\/lingmax.com\/de\/wp-json\/wp\/v2\/media?parent=857"}],"curies":[{"name":"wp","href":"https:\/\/api.w.org\/{rel}","templated":true}]}}