{"id":863,"date":"2022-05-31T08:01:31","date_gmt":"2022-05-31T08:01:31","guid":{"rendered":"https:\/\/lingmax.com\/?page_id=863"},"modified":"2022-08-04T06:29:32","modified_gmt":"2022-08-04T06:29:32","slug":"switzerland","status":"publish","type":"page","link":"https:\/\/lingmax.com\/de\/switzerland\/","title":{"rendered":"Schweiz"},"content":{"rendered":"\n<h2 class=\"wp-block-heading\">Erbringung von Dienstleistungen durch das \u201cLingMax\u201d \u00dcbersetzungsb\u00fcro<\/h2>\n\n\n<div id=\"pl-863\" class=\"panel-layout\">\n<div id=\"pg-863-0\" class=\"panel-grid panel-no-style\" data-style=\"{\" data-ratio=\"1\" data-ratio-direction=\"right\">\n<div id=\"pgc-863-0-0\" class=\"panel-grid-cell\" data-weight=\"1\">\n<div id=\"panel-863-0-0-0\" class=\"so-panel widget widget_sow-editor panel-first-child panel-last-child\" data-index=\"0\" data-style=\"{\">\n<div class=\"so-widget-sow-editor so-widget-sow-editor-base\">\n<div>\n<p><span style=\"font-weight: 400;\">Internationales \u00dcbersetzungsb\u00fcro \u201eLingMax\u201c in der Schweiz.<\/span><\/p>\n<p><span style=\"font-weight: 400;\">Das \u00dcbersetzungsb\u00fcro \u201eLingMax\u201c ist eine schnell wachsende Firma, die die \u00dcbersetzungsdienste von verschiedenen Urkunden und Websites auf internationalem Niveau erbringt. Unser Team besteht aus hochkar\u00e4tigen Fachleuten, die sich seit vielen Jahren auf die \u00dcbersetzung von Texten aus verschiedenen Bereichen der Wissenschaft, Technik, Medizin und Rechtswissenschaft spezialisiert haben. Unser Ziel ist es, Ihnen und Ihrem Unternehmen zur \u00dcberwindung der Sprachbarrieren beizutragen.<\/span><\/p>\n<p><span style=\"font-weight: 400;\">Unsere Spezialisierung<\/span><\/p>\n<p><span style=\"font-weight: 400;\">Unsere \u00dcbersetzer sprechen alle g\u00e4ngigen Sprachen Europas und Asiens, wodurch wir fast jede \u00dcbersetzung ausf\u00fchren k\u00f6nnen. Wir k\u00fcmmern uns um jeden unserer Kunden und bieten qualitativ hochwertige Dienste sowohl f\u00fcr die Privatpersonen als auch f\u00fcr kommerzielle Organisationen an.<\/span><\/p>\n<p><span style=\"font-weight: 400;\">Bequemer und zuverl\u00e4ssiger Service<\/span><\/p>\n<p><span style=\"font-weight: 400;\">Internationales \u00dcbersetzungsb\u00fcro \u201eLingMax\u201c in der Schweiz ist bereit, die \u00dcbersetzungen jeder Komplexit\u00e4t und jedes Umfangs zu \u00fcbernehmen. Wir bieten Ihnen wettbewerbsf\u00e4hige Preise und termingerechte Qualit\u00e4ts\u00fcbersetzungen an.<\/span><\/p>\n<p><span style=\"font-weight: 400;\">Qualit\u00e4tskontrolle<\/span><\/p>\n<br \/>\n<p><span style=\"font-weight: 400;\">Alle Auftr\u00e4ge werden einer doppelten Qualit\u00e4tskontrolle unterzogen. Nachdem der Manager den Auftrag erhalten hat, wird der Auftrag von ihm an den \u00dcbersetzer \u00fcbersandt, der das f\u00fcr die \u00dcbersetzung der Urkunde\/des Dokuments erforderliche Sprachpaar flie\u00dfend beherrscht. Anschlie\u00dfend wird die fertige \u00dcbersetzung vom Lektorat gepr\u00fcft. Die \u00dcbersetzung wird dem Kunden erst dann \u00fcbergeben, wenn alle relevanten Pr\u00fcfungen, Korrekturen und Layouts abgeschlossen sind.<\/span><\/p>\n<br \/>\n<p><span style=\"font-weight: 400;\">Unser Team<\/span><\/p>\n<p><span style=\"font-weight: 400;\">In \u00fcber 15 Jahren der T\u00e4tigkeit haben wir ein Team von Fachleuten zusammengestellt, das in der Lage ist, jede \u00dcbersetzung auszuf\u00fchren:<\/span><\/p>\n<ul>\n<li><span style=\"font-weight: 400;\"> Jeder \u00dcbersetzer spricht flie\u00dfend sein eigenes Sprachpaar;<\/span><\/li>\n<li><span style=\"font-weight: 400;\">Jeder \u00dcbersetzer ist auf einen bestimmten Bereich spezialisiert (d.h. Wirtschaft, Medizin, Recht usw.);<\/span><\/li>\n<li><span style=\"font-weight: 400;\">Jeder \u00dcbersetzer hat die Erfahrung im Bereich der Sprach\u00fcbersetzungen<\/span><\/li>\n<\/ul>\n<br \/>\n<p><span style=\"font-weight: 400;\">Das Leistungsspektrum<\/span><span style=\"font-weight: 400;\">:\u00a0<\/span><\/p>\n<p><span style=\"font-weight: 400;\">Das internationale \u00dcbersetzungsb\u00fcro \u201eLingMax\u201c in der Schweiz bietet folgende Arten von \u00dcbersetzungen an:<\/span><\/p>\n<ul>\n<li><span style=\"font-weight: 400;\"> schriftliche \u00dcbersetzungen (technische, medizinische, wirtschaftliche und juristische Texte)<\/span><\/li>\n<li><span style=\"font-weight: 400;\"> Dolmetschen (Simultan\u00fcbersetzung)<\/span><\/li>\n<li><span style=\"font-weight: 400;\"> Website-\u00dcbersetzung<\/span><\/li>\n<\/ul>\n<br \/>\n<p><span style=\"font-weight: 400;\">Wir bieten auch folgende Dienstleistungen an<\/span><span style=\"font-weight: 400;\">:<\/span><\/p>\n<br \/>\n<ul>\n<li><span style=\"font-weight: 400;\"> konsularische Beglaubigung und das Versehen mit Apostille;<\/span><\/li>\n<li><span style=\"font-weight: 400;\">notarielle Beglaubigung von Urkunden;<\/span><\/li>\n<li><span style=\"font-weight: 400;\">Beglaubigung durch das Siegel des \u00dcbersetzungsb\u00fcros (kostenlos);<\/span><\/li>\n<\/ul>\n<p><span style=\"font-weight: 400;\">Unsere Firma bietet auch dringende \u00dcbersetzungen von Urkunden an.<\/span><\/p>\n<br \/><br \/>\n<p><span style=\"font-weight: 400;\">Um die Dienste unseres \u00dcbersetzungsb\u00fcros zu nutzen, k\u00f6nnen Sie:<\/span><span style=\"font-weight: 400;\"><br \/><br \/><\/span><\/p>\n<ul>\n<li><span style=\"font-weight: 400;\"> unsere Manager unter den auf der offiziellen Website www.lingmax.com aufgef\u00fchrten Telefonnummern, zu kontaktieren.<\/span><\/li>\n<li><span style=\"font-weight: 400;\"> ein Online-Formular auf unserer Website auszuf\u00fcllen;<\/span><\/li>\n<li><span style=\"font-weight: 400;\"> uns ein E-Mail an: <\/span><a href=\"mailto:hot@lingmax.com\"><span style=\"font-weight: 400;\">hot@lingmax.com<\/span><\/a><span style=\"font-weight: 400;\"> zu senden.<\/span><\/li>\n<\/ul>\n<\/div>\n<div class=\"siteorigin-widget-tinymce textwidget\">\n<h1>\u0423\u0441\u043b\u0443\u0433\u0438 \u0431\u044e\u0440\u043e \u043f\u0435\u0440\u0435\u0432\u043e\u0434\u043e\u0432 &#8222;LingMax&#8220;<\/h1>\n<\/div>\n<\/div>\n<\/div>\n<\/div>\n<\/div>\n<div id=\"pg-863-1\" class=\"panel-grid panel-has-style\" data-style=\"{\">\n<div class=\"panel-row-style panel-row-style-for-863-1\">\n<div id=\"pgc-863-1-0\" class=\"panel-grid-cell\" data-weight=\"0.33333333333333\">\n<div id=\"panel-863-1-0-0\" class=\"so-panel widget widget_black-studio-tinymce widget_black_studio_tinymce panel-first-child\" data-index=\"1\" data-style=\"{\">\n<div class=\"featured-widget panel-widget-style panel-widget-style-for-863-1-0-0\">\n<div class=\"textwidget\"><img loading=\"lazy\" decoding=\"async\" class=\"size-full wp-image-67 aligncenter\" src=\"https:\/\/lingmax.com\/wp-content\/uploads\/2022\/05\/technical.png\" alt=\"\" width=\"186\" height=\"117\" \/>\n<p>\u00a0<\/p>\n<p style=\"text-align: center;\"><a href=\"https:\/\/lingmax.com\/tehperevod.html\"><strong>\u0422\u0435\u0445\u043d\u0438\u0447\u0435\u0441\u043a\u0438\u0439 \u043f\u0435\u0440\u0435\u0432\u043e\u0434<\/strong><\/a><\/p>\n<\/div>\n<\/div>\n<\/div>\n<div id=\"panel-863-1-0-1\" class=\"so-panel widget widget_black-studio-tinymce widget_black_studio_tinymce panel-last-child\" data-index=\"2\" data-style=\"{\">\n<div class=\"featured-widget panel-widget-style panel-widget-style-for-863-1-0-1\">\n<div class=\"textwidget\"><img loading=\"lazy\" decoding=\"async\" class=\"alignnone wp-image-66 size-full aligncenter\" src=\"https:\/\/lingmax.com\/wp-content\/uploads\/2022\/05\/notarization.png\" alt=\"\" width=\"186\" height=\"117\" \/>\n<p>\u00a0<\/p>\n<p style=\"text-align: center;\"><strong><a href=\"https:\/\/lingmax.com\/notarius.html\">\u041d\u043e\u0442\u0430\u0440\u0438\u0430\u043b\u044c\u043d\u043e\u0435 \u0437\u0430\u0432\u0435\u0440\u0435\u043d\u0438\u0435<\/a><\/strong><\/p>\n<\/div>\n<\/div>\n<\/div>\n<\/div>\n<div id=\"pgc-863-1-1\" class=\"panel-grid-cell\" data-weight=\"0.33333333333333\">\n<div id=\"panel-863-1-1-0\" class=\"so-panel widget widget_black-studio-tinymce widget_black_studio_tinymce panel-first-child\" data-index=\"3\" data-style=\"{\">\n<div class=\"featured-widget panel-widget-style panel-widget-style-for-863-1-1-0\">\n<div class=\"textwidget\"><img loading=\"lazy\" decoding=\"async\" class=\"alignnone size-full wp-image-71 aligncenter\" src=\"https:\/\/lingmax.com\/wp-content\/uploads\/2022\/05\/medical.png\" alt=\"\" width=\"186\" height=\"117\" \/>\n<p>\u00a0<\/p>\n<p style=\"text-align: center;\"><strong><a href=\"https:\/\/lingmax.com\/medperevod.html\">\u041c\u0435\u0434\u0438\u0446\u0438\u043d\u0441\u043a\u0438\u0439 \u043f\u0435\u0440\u0435\u0432\u043e\u0434<\/a><\/strong><\/p>\n<\/div>\n<\/div>\n<\/div>\n<div id=\"panel-863-1-1-1\" class=\"so-panel widget widget_black-studio-tinymce widget_black_studio_tinymce panel-last-child\" data-index=\"4\" data-style=\"{\">\n<div class=\"featured-widget panel-widget-style panel-widget-style-for-863-1-1-1\">\n<div class=\"textwidget\"><img loading=\"lazy\" decoding=\"async\" class=\"size-full wp-image-69 aligncenter\" src=\"https:\/\/lingmax.com\/wp-content\/uploads\/2022\/05\/dtp-translation.png\" alt=\"\" width=\"186\" height=\"117\" \/>\n<p>\u00a0<\/p>\n<p style=\"text-align: center;\"><strong><a href=\"https:\/\/lingmax.com\/verstka.html\">\u0412\u0435\u0440\u0441\u0442\u043a\u0430 \u043f\u0435\u0440\u0435\u0432\u043e\u0434\u0430<\/a><\/strong><\/p>\n<\/div>\n<\/div>\n<\/div>\n<\/div>\n<div id=\"pgc-863-1-2\" class=\"panel-grid-cell\" data-weight=\"0.33333333333333\">\n<div id=\"panel-863-1-2-0\" class=\"so-panel widget widget_black-studio-tinymce widget_black_studio_tinymce panel-first-child\" data-index=\"5\" data-style=\"{\">\n<div class=\"featured-widget panel-widget-style panel-widget-style-for-863-1-2-0\">\n<div class=\"textwidget\"><img loading=\"lazy\" decoding=\"async\" class=\"alignnone size-full wp-image-70 aligncenter\" src=\"https:\/\/lingmax.com\/wp-content\/uploads\/2022\/05\/juridical.png\" alt=\"\" width=\"186\" height=\"117\" \/>\n<p>\u00a0<\/p>\n<p style=\"text-align: center;\"><strong><a href=\"https:\/\/lingmax.com\/urperevod.html\">\u042e\u0440\u0438\u0434\u0438\u0447\u0435\u0441\u043a\u0438\u0439 \u043f\u0435\u0440\u0435\u0432\u043e\u0434<\/a><\/strong><\/p>\n<\/div>\n<\/div>\n<\/div>\n<div id=\"panel-863-1-2-1\" class=\"so-panel widget widget_black-studio-tinymce widget_black_studio_tinymce panel-last-child\" data-index=\"6\" data-style=\"{\">\n<div class=\"featured-widget panel-widget-style panel-widget-style-for-863-1-2-1\">\n<div class=\"textwidget\"><img loading=\"lazy\" decoding=\"async\" class=\"alignnone size-full wp-image-68 aligncenter\" src=\"https:\/\/lingmax.com\/wp-content\/uploads\/2022\/05\/apostil.png\" alt=\"\" width=\"186\" height=\"117\" \/>\n<p>\u00a0<\/p>\n<p style=\"text-align: center;\"><strong><a href=\"https:\/\/lingmax.com\/apostil.html\">\u0410\u043f\u043e\u0441\u0442\u0438\u043b\u044c \u0438 \u043b\u0435\u0433\u0430\u043b\u0438\u0437\u0430\u0446\u0438\u044f<\/a><\/strong><\/p>\n<\/div>\n<\/div>\n<\/div>\n<\/div>\n<\/div>\n<\/div>\n<\/div>","protected":false},"excerpt":{"rendered":"<p>Erbringung von Dienstleistungen durch das \u201cLingMax\u201d \u00dcbersetzungsb\u00fcro Internationales \u00dcbersetzungsb\u00fcro \u201eLingMax\u201c in der Schweiz. Das \u00dcbersetzungsb\u00fcro \u201eLingMax\u201c ist eine schnell wachsende Firma, die die \u00dcbersetzungsdienste von verschiedenen Urkunden und Websites auf internationalem Niveau erbringt. Unser Team besteht aus hochkar\u00e4tigen Fachleuten, die sich seit vielen Jahren auf die \u00dcbersetzung von Texten aus verschiedenen Bereichen der Wissenschaft, Technik, &hellip;<\/p>\n","protected":false},"author":1,"featured_media":0,"parent":0,"menu_order":0,"comment_status":"closed","ping_status":"closed","template":"template-country.php","meta":{"inline_featured_image":false,"footnotes":""},"acf":[],"_links":{"self":[{"href":"https:\/\/lingmax.com\/de\/wp-json\/wp\/v2\/pages\/863"}],"collection":[{"href":"https:\/\/lingmax.com\/de\/wp-json\/wp\/v2\/pages"}],"about":[{"href":"https:\/\/lingmax.com\/de\/wp-json\/wp\/v2\/types\/page"}],"author":[{"embeddable":true,"href":"https:\/\/lingmax.com\/de\/wp-json\/wp\/v2\/users\/1"}],"replies":[{"embeddable":true,"href":"https:\/\/lingmax.com\/de\/wp-json\/wp\/v2\/comments?post=863"}],"version-history":[{"count":25,"href":"https:\/\/lingmax.com\/de\/wp-json\/wp\/v2\/pages\/863\/revisions"}],"predecessor-version":[{"id":1412,"href":"https:\/\/lingmax.com\/de\/wp-json\/wp\/v2\/pages\/863\/revisions\/1412"}],"wp:attachment":[{"href":"https:\/\/lingmax.com\/de\/wp-json\/wp\/v2\/media?parent=863"}],"curies":[{"name":"wp","href":"https:\/\/api.w.org\/{rel}","templated":true}]}}