{"id":898,"date":"2022-05-31T08:23:40","date_gmt":"2022-05-31T08:23:40","guid":{"rendered":"https:\/\/lingmax.com\/?page_id=898"},"modified":"2022-06-03T02:34:51","modified_gmt":"2022-06-03T02:34:51","slug":"oplata","status":"publish","type":"page","link":"https:\/\/lingmax.com\/de\/oplata\/","title":{"rendered":"Zahlungsmethoden \u00fcbertragen"},"content":{"rendered":"<div id=\"pl-898\"  class=\"panel-layout\" ><div id=\"pg-898-0\"  class=\"panel-grid panel-no-style\" ><div id=\"pgc-898-0-0\"  class=\"panel-grid-cell\" ><div id=\"panel-898-0-0-0\" class=\"so-panel widget widget_sow-editor panel-first-child panel-last-child\" data-index=\"0\" ><div\n\t\t\t\n\t\t\tclass=\"so-widget-sow-editor so-widget-sow-editor-base\"\n\t\t\t\n\t\t><h3 class=\"widget-title\"><span class=\"widget-title__inline\">Zahlungsmethoden \u00fcbertragen<\/span><\/h3>\n<div class=\"siteorigin-widget-tinymce textwidget\">\n\t<p>Sie k\u00f6nnen die \u00dcberweisung bezahlen:<\/p>\n<p>1. Bargeld im B\u00fcro bei der Bestellung einer \u00dcberweisung<br \/>\n2. Bargeldlose \u00dcberweisung f\u00fcr nat\u00fcrliche und juristische Personen<br \/>\n3. Elektronische Zahlungssysteme Webmoney, Yandex.Money, Privat24, Liqpay<\/p>\n<p><strong>Jetzt m\u00fcssen Sie nicht mehr in unser B\u00fcro kommen, um eine \u00dcbersetzung zu bestellen!<\/strong><br \/>\n<strong>Sie k\u00f6nnen eine Bestellung \u00fcber das Internet aufgeben und \u00fcber das Terminal bezahlen!<\/strong><\/p>\n<\/div>\n<\/div><\/div><\/div><\/div><\/div>","protected":false},"excerpt":{"rendered":"<p>Sie k\u00f6nnen die \u00dcberweisung bezahlen: 1. Bargeld im B\u00fcro bei der Bestellung einer \u00dcberweisung 2. Bargeldlose \u00dcberweisung f\u00fcr nat\u00fcrliche und juristische Personen 3. Elektronische Zahlungssysteme Webmoney, Yandex.Money, Privat24, Liqpay Jetzt m\u00fcssen Sie nicht mehr in unser B\u00fcro kommen, um eine \u00dcbersetzung zu bestellen! Sie k\u00f6nnen eine Bestellung \u00fcber das Internet aufgeben und \u00fcber das Terminal &hellip;<\/p>\n","protected":false},"author":1,"featured_media":0,"parent":0,"menu_order":0,"comment_status":"closed","ping_status":"closed","template":"","meta":{"inline_featured_image":false,"footnotes":""},"acf":[],"_links":{"self":[{"href":"https:\/\/lingmax.com\/de\/wp-json\/wp\/v2\/pages\/898"}],"collection":[{"href":"https:\/\/lingmax.com\/de\/wp-json\/wp\/v2\/pages"}],"about":[{"href":"https:\/\/lingmax.com\/de\/wp-json\/wp\/v2\/types\/page"}],"author":[{"embeddable":true,"href":"https:\/\/lingmax.com\/de\/wp-json\/wp\/v2\/users\/1"}],"replies":[{"embeddable":true,"href":"https:\/\/lingmax.com\/de\/wp-json\/wp\/v2\/comments?post=898"}],"version-history":[{"count":15,"href":"https:\/\/lingmax.com\/de\/wp-json\/wp\/v2\/pages\/898\/revisions"}],"predecessor-version":[{"id":1290,"href":"https:\/\/lingmax.com\/de\/wp-json\/wp\/v2\/pages\/898\/revisions\/1290"}],"wp:attachment":[{"href":"https:\/\/lingmax.com\/de\/wp-json\/wp\/v2\/media?parent=898"}],"curies":[{"name":"wp","href":"https:\/\/api.w.org\/{rel}","templated":true}]}}