{"id":906,"date":"2022-05-31T08:26:59","date_gmt":"2022-05-31T08:26:59","guid":{"rendered":"https:\/\/lingmax.com\/?page_id=906"},"modified":"2022-06-03T01:42:49","modified_gmt":"2022-06-03T01:42:49","slug":"translate","status":"publish","type":"page","link":"https:\/\/lingmax.com\/de\/translate\/","title":{"rendered":"Arbeitspl\u00e4tze"},"content":{"rendered":"<div id=\"pl-906\"  class=\"panel-layout\" ><div id=\"pg-906-0\"  class=\"panel-grid panel-no-style\" ><div id=\"pgc-906-0-0\"  class=\"panel-grid-cell\" ><div id=\"panel-906-0-0-0\" class=\"so-panel widget widget_sow-editor panel-first-child panel-last-child\" data-index=\"0\" ><div\n\t\t\t\n\t\t\tclass=\"so-widget-sow-editor so-widget-sow-editor-base\"\n\t\t\t\n\t\t><h3 class=\"widget-title\"><span class=\"widget-title__inline\">Jobs f\u00fcr \u00dcbersetzer<\/span><\/h3>\n<div class=\"siteorigin-widget-tinymce textwidget\">\n\t<p>Auffrischungskurse f\u00fcr \u00dcbersetzer. Wenden Sie sich an den Manager.<\/p>\n<p>Wenn Sie in unserem Team arbeiten m\u00f6chten: Manager, \u00dcbersetzer, Korrektor.<\/p>\n<p>1. Testtext hochladen: <strong><a href=\"http:\/\/azbuka-bp.ru\/test.docx\">Testaufgabe hochladen<\/a><\/strong><br \/>\n2. \u00dcbersetzen Sie den Text.<br \/>\n3. F\u00fcllen Sie den \u00dcbersetzer-Fragebogen aus, h\u00e4ngen Sie die ausgef\u00fcllte Testaufgabe mit Klick auf die Schaltfl\u00e4che \u201eDurchsuchen\u201c an und senden Sie sie uns zu.<br \/>\n4. Wenden Sie sich nach dem Senden an den Manager.<\/p>\n<h2 style=\"text-align: center;\">DOLMETSCHER-FRAGEBOGEN<\/h2>\n<p>&nbsp;<\/p>\n<div role=\"form\" class=\"wpcf7\" id=\"wpcf7-f1007-o1\" lang=\"ru-RU\" dir=\"ltr\">\n<div class=\"screen-reader-response\"><p role=\"status\" aria-live=\"polite\" aria-atomic=\"true\"><\/p> <ul><\/ul><\/div>\n<form action=\"\/de\/wp-json\/wp\/v2\/pages\/906#wpcf7-f1007-o1\" method=\"post\" class=\"wpcf7-form init\" enctype=\"multipart\/form-data\" novalidate=\"novalidate\" data-status=\"init\">\n<div style=\"display: none;\">\n<input type=\"hidden\" name=\"_wpcf7\" value=\"1007\" \/>\n<input type=\"hidden\" name=\"_wpcf7_version\" value=\"5.5.6.1\" \/>\n<input type=\"hidden\" name=\"_wpcf7_locale\" value=\"ru_RU\" \/>\n<input type=\"hidden\" name=\"_wpcf7_unit_tag\" value=\"wpcf7-f1007-o1\" \/>\n<input type=\"hidden\" name=\"_wpcf7_container_post\" value=\"0\" \/>\n<input type=\"hidden\" name=\"_wpcf7_posted_data_hash\" value=\"\" \/>\n<input type=\"hidden\" name=\"lang\" value=\"de\" \/>\n<input type=\"hidden\" name=\"_wpcf7_recaptcha_response\" value=\"\" \/>\n<\/div>\n<div class=\"contact-form-small\">\n<div class=\"row\">\n<div class=\"col-xs-12  col-md-4\">\n<p style=\"text-align:left;color:#000;\">Vollst\u00e4ndiger Name<\/p>\n<\/div>\n<div class=\"col-xs-12  col-md-8\">\n        <span class=\"wpcf7-form-control-wrap your-name\"><input type=\"text\" name=\"your-name\" value=\"\" size=\"40\" class=\"wpcf7-form-control wpcf7-text wpcf7-validates-as-required\" aria-required=\"true\" aria-invalid=\"false\" \/><\/span>\n      <\/div>\n<\/div>\n<div class=\"row\">\n<div class=\"col-xs-12  col-md-4\">\n<p style=\"text-align:left;color:#000;\">Geburtsdatum<\/p>\n<\/div>\n<div class=\"col-xs-12  col-md-2\">\n        <span class=\"wpcf7-form-control-wrap menu-629\"><select name=\"menu-629\" class=\"wpcf7-form-control wpcf7-select\" aria-invalid=\"false\"><option value=\"\">---<\/option><option value=\"1\">1<\/option><option value=\"2\">2<\/option><option value=\"3\">3<\/option><option value=\"4\">4<\/option><option value=\"5\">5<\/option><option value=\"6\">6<\/option><option value=\"7\">7<\/option><option value=\"8\">8<\/option><option value=\"9\">9<\/option><option value=\"10\">10<\/option><option value=\"11\">11<\/option><option value=\"12\">12<\/option><option value=\"13\">13<\/option><option value=\"14\">14<\/option><option value=\"15\">15<\/option><option value=\"16\">16<\/option><option value=\"17\">17<\/option><option value=\"18\">18<\/option><option value=\"19\">19<\/option><option value=\"20\">20<\/option><option value=\"21\">21<\/option><option value=\"22\">22<\/option><option value=\"23\">23<\/option><option value=\"24\">24<\/option><option value=\"25\">25<\/option><option value=\"26\">26<\/option><option value=\"27\">27<\/option><option value=\"28\">28<\/option><option value=\"29\">29<\/option><option value=\"30\">30<\/option><option value=\"31\">31<\/option><\/select><\/span>\n      <\/div>\n<div class=\"col-xs-12  col-md-2\">\n        <span class=\"wpcf7-form-control-wrap menu-792\"><select name=\"menu-792\" class=\"wpcf7-form-control wpcf7-select\" aria-invalid=\"false\"><option value=\"\">---<\/option><option value=\"1\">1<\/option><option value=\"2\">2<\/option><option value=\"3\">3<\/option><option value=\"4\">4<\/option><option value=\"5\">5<\/option><option value=\"6\">6<\/option><option value=\"7\">7<\/option><option value=\"8\">8<\/option><option value=\"9\">9<\/option><option value=\"10\">10<\/option><option value=\"11\">11<\/option><option value=\"12\">12<\/option><\/select><\/span>\n      <\/div>\n<div class=\"col-xs-12  col-md-4\">\n        <span class=\"wpcf7-form-control-wrap menu-793\"><select name=\"menu-793\" class=\"wpcf7-form-control wpcf7-select\" aria-invalid=\"false\"><option value=\"\">---<\/option><option value=\"1950\">1950<\/option><option value=\"1951\">1951<\/option><option value=\"1952\">1952<\/option><option value=\"1953\">1953<\/option><option value=\"1954\">1954<\/option><option value=\"1955\">1955<\/option><option value=\"1956\">1956<\/option><option value=\"1957\">1957<\/option><option value=\"1958\">1958<\/option><option value=\"1959\">1959<\/option><option value=\"1960\">1960<\/option><option value=\"1961\">1961<\/option><option value=\"1962\">1962<\/option><option value=\"1963\">1963<\/option><option value=\"1964\">1964<\/option><option value=\"1965\">1965<\/option><option value=\"1966\">1966<\/option><option value=\"1967\">1967<\/option><option value=\"1968\">1968<\/option><option value=\"1969\">1969<\/option><option value=\"1970\">1970<\/option><option value=\"1971\">1971<\/option><option value=\"1972\">1972<\/option><option value=\"1973\">1973<\/option><option value=\"1974\">1974<\/option><option value=\"1975\">1975<\/option><option value=\"1976\">1976<\/option><option value=\"1977\">1977<\/option><option value=\"1978\">1978<\/option><option value=\"1979\">1979<\/option><option value=\"1980\">1980<\/option><option value=\"1981\">1981<\/option><option value=\"1982\">1982<\/option><option value=\"1983\">1983<\/option><option value=\"1984\">1984<\/option><option value=\"1985\">1985<\/option><option value=\"1986\">1986<\/option><option value=\"1987\">1987<\/option><option value=\"1988\">1988<\/option><option value=\"1989\">1989<\/option><option value=\"1990\">1990<\/option><option value=\"1991\">1991<\/option><option value=\"1992\">1992<\/option><option value=\"1993\">1993<\/option><option value=\"1994\">1994<\/option><option value=\"1995\">1995<\/option><option value=\"1996\">1996<\/option><option value=\"1997\">1997<\/option><option value=\"1998\">1998<\/option><option value=\"1999\">1999<\/option><option value=\"2000\">2000<\/option><option value=\"2001\">2001<\/option><option value=\"2002\">2002<\/option><option value=\"2003\">2003<\/option><\/select><\/span>\n      <\/div>\n<\/div>\n<div class=\"row\">\n<div class=\"col-xs-12  col-md-4\">\n<p style=\"text-align:left;color:#000;\">Die Stadt<\/p>\n<\/div>\n<div class=\"col-xs-12  col-md-8\">\n        <span class=\"wpcf7-form-control-wrap your-city\"><input type=\"text\" name=\"your-city\" value=\"\" size=\"40\" class=\"wpcf7-form-control wpcf7-text wpcf7-validates-as-required\" aria-required=\"true\" aria-invalid=\"false\" \/><\/span>\n      <\/div>\n<\/div>\n<div class=\"row\">\n<div class=\"col-xs-12  col-md-4\">\n<p style=\"text-align:left;color:#000;\">Kontakt Nummer<\/p>\n<\/div>\n<div class=\"col-xs-12  col-md-8\">\n        <span class=\"wpcf7-form-control-wrap tel-386\"><input type=\"tel\" name=\"tel-386\" value=\"\" size=\"40\" class=\"wpcf7-form-control wpcf7-text wpcf7-tel wpcf7-validates-as-tel\" aria-invalid=\"false\" \/><\/span>\n      <\/div>\n<\/div>\n<div class=\"row\">\n<div class=\"col-xs-12  col-md-4\">\n<p style=\"text-align:left;color:#000;\">E-mail<\/p>\n<\/div>\n<div class=\"col-xs-12  col-md-8\">\n        <span class=\"wpcf7-form-control-wrap email-11\"><input type=\"email\" name=\"email-11\" value=\"\" size=\"40\" class=\"wpcf7-form-control wpcf7-text wpcf7-email wpcf7-validates-as-email\" aria-invalid=\"false\" \/><\/span>\n      <\/div>\n<\/div>\n<div class=\"row\">\n<div class=\"col-xs-12  col-md-4\">\n<p style=\"text-align:left;color:#000;\">Sprachpaare<\/p>\n<\/div>\n<div class=\"col-xs-12  col-md-4\">\n        <span class=\"wpcf7-form-control-wrap menu-106\"><select name=\"menu-106\" class=\"wpcf7-form-control wpcf7-select\" aria-invalid=\"false\"><option value=\"Albanian\">Albanian<\/option><option value=\"English\">English<\/option><option value=\"Azerbaijani\">Azerbaijani<\/option><option value=\"Arabic\">Arabic<\/option><option value=\"Armenian\">Armenian<\/option><option value=\"Belarusian\">Belarusian<\/option><option value=\"Bulgarian\">Bulgarian<\/option><option value=\"Hungarian\">Hungarian<\/option><option value=\"Vietnamese\">Vietnamese<\/option><option value=\"Greek\">Greek<\/option><option value=\"Georgian\">Georgian<\/option><option value=\"Danish\">Danish<\/option><option value=\"Hebrew\">Hebrew<\/option><option value=\"Yiddish\">Yiddish<\/option><option value=\"Spanish\">Spanish<\/option><option value=\"Italian\">Italian<\/option><option value=\"Irish\">Irish<\/option><option value=\"Chinese\">Chinese<\/option><option value=\"Korean\">Korean<\/option><option value=\"Kazakh\">Kazakh<\/option><option value=\"Latin\">Latin<\/option><option value=\"Latvian\">Latvian<\/option><option value=\"Lithuanian\">Lithuanian<\/option><option value=\"Malay\">Malay<\/option><option value=\"Mongolian\">Mongolian<\/option><option value=\"German\">German<\/option><option value=\"Dutch\">Dutch<\/option><option value=\"Norwegian\">Norwegian<\/option><option value=\"Polish\">Polish<\/option><option value=\"Portuguese\">Portuguese<\/option><option value=\"Romanian\">Romanian<\/option><option value=\"Russian\">Russian<\/option><option value=\"Serbian\">Serbian<\/option><option value=\"Slovak\">Slovak<\/option><option value=\"Slovenian\">Slovenian<\/option><option value=\"Tatar\">Tatar<\/option><option value=\"Tajik\">Tajik<\/option><option value=\"Turkish\">Turkish<\/option><option value=\"Turkmenistan\">Turkmenistan<\/option><option value=\"Uzbek\">Uzbek<\/option><option value=\"Ukrainian\">Ukrainian<\/option><option value=\"Farsi\">Farsi<\/option><option value=\"French\">French<\/option><option value=\"Finnish\">Finnish<\/option><option value=\"Croatian\">Croatian<\/option><option value=\"Czech\">Czech<\/option><option value=\"Swedish\">Swedish<\/option><option value=\"Hindi\">Hindi<\/option><option value=\"Estonian\">Estonian<\/option><option value=\"Japanese\">Japanese<\/option><\/select><\/span>\n      <\/div>\n<div class=\"col-xs-12  col-md-4\">\n        <span class=\"wpcf7-form-control-wrap menu-107\"><select name=\"menu-107\" class=\"wpcf7-form-control wpcf7-select\" aria-invalid=\"false\"><option value=\"Albanian\">Albanian<\/option><option value=\"English\">English<\/option><option value=\"Azerbaijani\">Azerbaijani<\/option><option value=\"Arabic\">Arabic<\/option><option value=\"Armenian\">Armenian<\/option><option value=\"Belarusian\">Belarusian<\/option><option value=\"Bulgarian\">Bulgarian<\/option><option value=\"Hungarian\">Hungarian<\/option><option value=\"Vietnamese\">Vietnamese<\/option><option value=\"Greek\">Greek<\/option><option value=\"Georgian\">Georgian<\/option><option value=\"Danish\">Danish<\/option><option value=\"Hebrew\">Hebrew<\/option><option value=\"Yiddish\">Yiddish<\/option><option value=\"Spanish\">Spanish<\/option><option value=\"Italian\">Italian<\/option><option value=\"Irish\">Irish<\/option><option value=\"Chinese\">Chinese<\/option><option value=\"Korean\">Korean<\/option><option value=\"Kazakh\">Kazakh<\/option><option value=\"Latin\">Latin<\/option><option value=\"Latvian\">Latvian<\/option><option value=\"Lithuanian\">Lithuanian<\/option><option value=\"Malay\">Malay<\/option><option value=\"Mongolian\">Mongolian<\/option><option value=\"German\">German<\/option><option value=\"Dutch\">Dutch<\/option><option value=\"Norwegian\">Norwegian<\/option><option value=\"Polish\">Polish<\/option><option value=\"Portuguese\">Portuguese<\/option><option value=\"Romanian\">Romanian<\/option><option value=\"Russian\">Russian<\/option><option value=\"Serbian\">Serbian<\/option><option value=\"Slovak\">Slovak<\/option><option value=\"Slovenian\">Slovenian<\/option><option value=\"Tatar\">Tatar<\/option><option value=\"Tajik\">Tajik<\/option><option value=\"Turkish\">Turkish<\/option><option value=\"Turkmenistan\">Turkmenistan<\/option><option value=\"Uzbek\">Uzbek<\/option><option value=\"Ukrainian\">Ukrainian<\/option><option value=\"Farsi\">Farsi<\/option><option value=\"French\">French<\/option><option value=\"Finnish\">Finnish<\/option><option value=\"Croatian\">Croatian<\/option><option value=\"Czech\">Czech<\/option><option value=\"Swedish\">Swedish<\/option><option value=\"Hindi\">Hindi<\/option><option value=\"Estonian\">Estonian<\/option><option value=\"Japanese\">Japanese<\/option><\/select><\/span>\n      <\/div>\n<\/div>\n<div class=\"row\">\n<div class=\"col-xs-12  col-md-4\">\n<p style=\"text-align:left;color:#000;\">Ausbildung (Diplom)<\/p>\n<\/div>\n<div class=\"col-xs-12  col-md-8\">\n        <span class=\"wpcf7-form-control-wrap textarea-849\"><textarea name=\"textarea-849\" cols=\"40\" rows=\"10\" class=\"wpcf7-form-control wpcf7-textarea\" aria-invalid=\"false\"><\/textarea><\/span>\n      <\/div>\n<\/div>\n<div class=\"row\">\n<div class=\"col-xs-12  col-md-4\">\n<p style=\"text-align:left;color:#000;\">Berufserfahrung<\/p>\n<\/div>\n<div class=\"col-xs-12  col-md-8\">\n        <span class=\"wpcf7-form-control-wrap textarea-64\"><textarea name=\"textarea-64\" cols=\"40\" rows=\"10\" class=\"wpcf7-form-control wpcf7-textarea\" aria-invalid=\"false\"><\/textarea><\/span>\n      <\/div>\n<\/div>\n<div class=\"row\">\n<div class=\"col-xs-12  col-md-4\">\n<p style=\"text-align:left;color:#000;\">Auf welche Fachgebiete sind Sie auf \u00dcbersetzungen spezialisiert?<\/p>\n<\/div>\n<div class=\"col-xs-12  col-md-8\">\n        <span class=\"wpcf7-form-control-wrap menu-116\"><select name=\"menu-116\" class=\"wpcf7-form-control wpcf7-select\" aria-invalid=\"false\"><option value=\"Keine Spezialisierung\">Keine Spezialisierung<\/option><option value=\"Recht\">Recht<\/option><option value=\"K\u00fcnstlerisch\">K\u00fcnstlerisch<\/option><option value=\"Technisch\">Technisch<\/option><option value=\"Medizinisch\">Medizinisch<\/option><option value=\"Wirtschaft\">Wirtschaft<\/option><option value=\"K\u00fcnstlerisch\">K\u00fcnstlerisch<\/option><\/select><\/span>\n      <\/div>\n<\/div>\n<div class=\"row\">\n<div class=\"col-xs-12  col-md-4\">\n<p style=\"text-align:left;color:#000;\">Ihr Preis (pro 1000 Zeichen)<\/p>\n<\/div>\n<div class=\"col-xs-12  col-md-8\">\n        <span class=\"wpcf7-form-control-wrap text-644\"><input type=\"text\" name=\"text-644\" value=\"\" size=\"40\" class=\"wpcf7-form-control wpcf7-text\" aria-invalid=\"false\" \/><\/span>\n      <\/div>\n<\/div>\n<div class=\"row\">\n<div class=\"col-xs-12  col-md-4\">\n<p style=\"text-align:left;color:#000;\">Ihre \u00dcbersetzungsgeschwindigkeit (pro 1 Tag\/Seiten)<\/p>\n<\/div>\n<div class=\"col-xs-12  col-md-8\">\n        <span class=\"wpcf7-form-control-wrap text-645\"><input type=\"text\" name=\"text-645\" value=\"\" size=\"40\" class=\"wpcf7-form-control wpcf7-text\" aria-invalid=\"false\" \/><\/span>\n      <\/div>\n<\/div>\n<div class=\"row\">\n<div class=\"col-xs-12  col-md-4\">\n<p style=\"text-align:left;color:#000;\">Haben Sie eine permanente Internetverbindung<\/p>\n<\/div>\n<div class=\"col-xs-12  col-md-8\">\n        <span class=\"wpcf7-form-control-wrap radio-523\"><span class=\"wpcf7-form-control wpcf7-radio\"><span class=\"wpcf7-list-item first\"><label><input type=\"radio\" name=\"radio-523\" value=\"Ja\" \/><span class=\"wpcf7-list-item-label\">Ja<\/span><\/label><\/span><span class=\"wpcf7-list-item last\"><label><input type=\"radio\" name=\"radio-523\" value=\"Nein\" checked=\"checked\" \/><span class=\"wpcf7-list-item-label\">Nein<\/span><\/label><\/span><\/span><\/span>\n      <\/div>\n<\/div>\n<div class=\"row\">\n<div class=\"col-xs-12  col-md-4\">\n<p style=\"text-align:left;color:#000;\">Ihr Rechtsstatus<\/p>\n<\/div>\n<div class=\"col-xs-12  col-md-8\">\n        <span class=\"wpcf7-form-control-wrap menu-117\"><select name=\"menu-117\" class=\"wpcf7-form-control wpcf7-select\" aria-invalid=\"false\"><option value=\"Einzelperson\">Einzelperson<\/option><option value=\"Privatunternehmer\">Privatunternehmer<\/option><option value=\"Organisation\">Organisation<\/option><\/select><\/span>\n      <\/div>\n<\/div>\n<div class=\"row\">\n<div class=\"col-xs-12  col-md-4\">\n<p style=\"text-align:left;color:#000;\">M\u00f6glichkeit der notariellen Beurkundung<\/p>\n<\/div>\n<div class=\"col-xs-12  col-md-8\">\n        <span class=\"wpcf7-form-control-wrap radio-524\"><span class=\"wpcf7-form-control wpcf7-radio\"><span class=\"wpcf7-list-item first\"><label><input type=\"radio\" name=\"radio-524\" value=\"Ja\" \/><span class=\"wpcf7-list-item-label\">Ja<\/span><\/label><\/span><span class=\"wpcf7-list-item last\"><label><input type=\"radio\" name=\"radio-524\" value=\"Nein\" checked=\"checked\" \/><span class=\"wpcf7-list-item-label\">Nein<\/span><\/label><\/span><\/span><\/span>\n      <\/div>\n<\/div>\n<div class=\"row\">\n<div class=\"col-xs-12  col-md-4\">\n<p style=\"text-align:left;color:#000;\">H\u00e4ngen Sie eine Testdatei an<\/p>\n<\/div>\n<div class=\"col-xs-12  col-md-8\">\n        <span class=\"wpcf7-form-control-wrap file-628\"><input type=\"file\" name=\"file-628\" size=\"40\" class=\"wpcf7-form-control wpcf7-file\" accept=\".jpg,.jpeg,.png,.gif,.pdf,.doc,.docx,.ppt,.pptx,.odt,.avi,.ogg,.m4a,.mov,.mp3,.mp4,.mpg,.wav,.wmv\" aria-invalid=\"false\" \/><\/span>\n      <\/div>\n<\/div>\n<div class=\"row\">\n<div class=\"col-xs-12  col-md-4\">\n<p style=\"text-align:left;color:#000;\">H\u00e4ngen Sie ein Foto an (optional f\u00fcr die Seite \u201eUnsere \u00dcbersetzer\u201c)<\/p>\n<\/div>\n<div class=\"col-xs-12  col-md-8\">\n        <span class=\"wpcf7-form-control-wrap file-629\"><input type=\"file\" name=\"file-629\" size=\"40\" class=\"wpcf7-form-control wpcf7-file\" accept=\".jpg,.jpeg,.png,.gif,.pdf,.doc,.docx,.ppt,.pptx,.odt,.avi,.ogg,.m4a,.mov,.mp3,.mp4,.mpg,.wav,.wmv\" aria-invalid=\"false\" \/><\/span>\n      <\/div>\n<\/div>\n<div class=\"row\">\n<div class=\"col-xs-12  col-md-12\" style=\"text-align:center\">\n        <input type=\"submit\" value=\"Senden\" class=\"wpcf7-form-control has-spinner wpcf7-submit btn btn-primary\" \/>\n      <\/div>\n<\/div>\n<\/div>\n<div class=\"wpcf7-response-output\" aria-hidden=\"true\"><\/div><\/form><\/div>\n<p>&nbsp;<\/p>\n<\/div>\n<\/div><\/div><\/div><\/div><\/div>","protected":false},"excerpt":{"rendered":"<p>Auffrischungskurse f\u00fcr \u00dcbersetzer. Wenden Sie sich an den Manager. Wenn Sie in unserem Team arbeiten m\u00f6chten: Manager, \u00dcbersetzer, Korrektor. 1. Testtext hochladen: Testaufgabe hochladen 2. \u00dcbersetzen Sie den Text. 3. F\u00fcllen Sie den \u00dcbersetzer-Fragebogen aus, h\u00e4ngen Sie die ausgef\u00fcllte Testaufgabe mit Klick auf die Schaltfl\u00e4che \u201eDurchsuchen\u201c an und senden Sie sie uns zu. 4. Wenden &hellip;<\/p>\n","protected":false},"author":1,"featured_media":0,"parent":0,"menu_order":0,"comment_status":"closed","ping_status":"closed","template":"","meta":{"inline_featured_image":false,"footnotes":""},"acf":[],"_links":{"self":[{"href":"https:\/\/lingmax.com\/de\/wp-json\/wp\/v2\/pages\/906"}],"collection":[{"href":"https:\/\/lingmax.com\/de\/wp-json\/wp\/v2\/pages"}],"about":[{"href":"https:\/\/lingmax.com\/de\/wp-json\/wp\/v2\/types\/page"}],"author":[{"embeddable":true,"href":"https:\/\/lingmax.com\/de\/wp-json\/wp\/v2\/users\/1"}],"replies":[{"embeddable":true,"href":"https:\/\/lingmax.com\/de\/wp-json\/wp\/v2\/comments?post=906"}],"version-history":[{"count":26,"href":"https:\/\/lingmax.com\/de\/wp-json\/wp\/v2\/pages\/906\/revisions"}],"predecessor-version":[{"id":1212,"href":"https:\/\/lingmax.com\/de\/wp-json\/wp\/v2\/pages\/906\/revisions\/1212"}],"wp:attachment":[{"href":"https:\/\/lingmax.com\/de\/wp-json\/wp\/v2\/media?parent=906"}],"curies":[{"name":"wp","href":"https:\/\/api.w.org\/{rel}","templated":true}]}}