{"id":916,"date":"2022-05-31T08:31:53","date_gmt":"2022-05-31T08:31:53","guid":{"rendered":"https:\/\/lingmax.com\/?page_id=916"},"modified":"2022-06-01T00:50:10","modified_gmt":"2022-06-01T00:50:10","slug":"medperevod","status":"publish","type":"page","link":"https:\/\/lingmax.com\/de\/medperevod\/","title":{"rendered":"Medizinische \u00dcbersetzung"},"content":{"rendered":"<div id=\"pl-916\"  class=\"panel-layout\" ><div id=\"pg-916-0\"  class=\"panel-grid panel-no-style\" ><div id=\"pgc-916-0-0\"  class=\"panel-grid-cell\" ><div id=\"panel-916-0-0-0\" class=\"so-panel widget widget_sow-editor panel-first-child panel-last-child\" data-index=\"0\" ><div\n\t\t\t\n\t\t\tclass=\"so-widget-sow-editor so-widget-sow-editor-base\"\n\t\t\t\n\t\t><h3 class=\"widget-title\"><span class=\"widget-title__inline\">Medizinische \u00dcbersetzung<\/span><\/h3>\n<div class=\"siteorigin-widget-tinymce textwidget\">\n\t<p>Eines der gefragtesten Themen der schriftlichen \u00dcbersetzung ist die medizinische \u00dcbersetzung. Dar\u00fcber hinaus ist dieser Service nicht nur f\u00fcr \u00c4rzte und Apotheker notwendig, die ausl\u00e4ndische Kliniken besuchen oder Literatur in einer anderen Sprache lesen. Eine \u00dcbersetzung kann durchaus von einem einfachen Menschen ben\u00f6tigt werden, der sich zum Beispiel f\u00fcr eine Behandlung im Ausland entscheidet oder Informationen \u00fcber sich selbst an einen ausl\u00e4ndischen Arzt schickt.Die \u00dcbersetzung medizinischer Texte kann vielleicht als eine der schwierigsten Aufgaben f\u00fcr einen \u00dcbersetzer bezeichnet werden. Wer solche Texte \u00fcbersetzt, braucht eine vielseitige Ausbildung \u2013 er muss nicht nur die Sprache perfekt beherrschen, sondern auch die Bedeutung bestimmter medizinischer Fachausdr\u00fccke verstehen. Nur wer Erfahrung in der Medizin hat, kann eine qualitativ hochwertige medizinische \u00dcbersetzung anfertigen - schlie\u00dflich kann ein gew\u00f6hnlicher Mensch manchmal nicht einmal die Handschrift eines Arztes entziffern.Deshalb befassen sich Spezialisten mit Erfahrung in medizinischen Einrichtungen und sogar aktive \u00c4rzte und Apotheker mit Medizin Texte in unserem \u00dcbersetzungsb\u00fcro. Wir f\u00fchren hochwertige \u00dcbersetzungen von Arztzeugnissen, Krankengeschichten, Diagnosen und Schlussfolgerungen eines Arztes, medizinisch-wissenschaftlichen Artikeln, pharmazeutischen Dokumenten, Lehr- und Methodenmaterialien im Bereich der Medizin durch und sind voll verantwortlich f\u00fcr die Fehlerfreiheit und die Alphabetisierung unserer Spezialisten. Mit unseren Dienstleistungen k\u00f6nnen Sie sich auf die Qualit\u00e4t und rechtzeitige \u00dcbersetzung wichtiger medizinischer Dokumente verlassen.<br \/>\nEines der gefragtesten Themen der schriftlichen \u00dcbersetzung ist die medizinische \u00dcbersetzung. Dar\u00fcber hinaus ist dieser Service nicht nur f\u00fcr \u00c4rzte und Apotheker notwendig, die ausl\u00e4ndische Kliniken besuchen oder Literatur in einer anderen Sprache lesen. Eine \u00dcbersetzung kann durchaus von einer gew\u00f6hnlichen Person ben\u00f6tigt werden, beispielsweise wenn sie eine Behandlungsoption im Ausland w\u00e4hlt oder Informationen \u00fcber sich selbst an einen ausl\u00e4ndischen Arzt sendet.<\/p>\n<p>Die \u00dcbersetzung medizinischer Texte ist vielleicht eine der schwierigsten Aufgaben f\u00fcr einen \u00dcbersetzer. Wer solche Texte \u00fcbersetzt, braucht eine vielseitige Ausbildung \u2013 er muss nicht nur die Sprache perfekt beherrschen, sondern auch die Bedeutung bestimmter medizinischer Fachausdr\u00fccke verstehen. Nur wer Erfahrung in der Medizin hat, kann eine qualitativ hochwertige medizinische \u00dcbersetzung anfertigen \u2013 schlie\u00dflich kann ein gew\u00f6hnlicher Mensch manchmal nicht einmal die Handschrift eines Arztes entziffern.<\/p>\n<p>Deshalb werden in unserem \u00dcbersetzungsb\u00fcro medizinische Texte von Spezialisten mit Erfahrung in medizinischen Einrichtungen und sogar von aktiven \u00c4rzten und Apothekern bearbeitet. Wir bieten qualitativ hochwertige \u00dcbersetzungen<\/p>\n<p>&nbsp;<\/p>\n<p>- \u00e4rztliche Atteste;<br \/>\n- Fallgeschichten;<br \/>\n- Diagnosen und Schlussfolgerungen eines Arztes;<br \/>\n- medizinische wissenschaftliche Artikel;<br \/>\n- pharmazeutische Dokumente;<br \/>\n- p\u00e4dagogische und methodische Materialien auf dem Gebiet der Medizin.<\/p>\n<p>Wir sind voll verantwortlich f\u00fcr die Fehlerfreiheit und die Alphabetisierung unserer Spezialisten. Mit unseren Dienstleistungen k\u00f6nnen Sie sich auf die Qualit\u00e4t und rechtzeitige \u00dcbersetzung wichtiger medizinischer Dokumente verlassen.<\/p>\n<\/div>\n<\/div><\/div><\/div><\/div><\/div>","protected":false},"excerpt":{"rendered":"<p>Eines der gefragtesten Themen der schriftlichen \u00dcbersetzung ist die medizinische \u00dcbersetzung. Dar\u00fcber hinaus ist dieser Service nicht nur f\u00fcr \u00c4rzte und Apotheker notwendig, die ausl\u00e4ndische Kliniken besuchen oder Literatur in einer anderen Sprache lesen. Eine \u00dcbersetzung kann durchaus von einem einfachen Menschen ben\u00f6tigt werden, der sich zum Beispiel f\u00fcr eine Behandlung im Ausland entscheidet oder &hellip;<\/p>\n","protected":false},"author":1,"featured_media":0,"parent":0,"menu_order":0,"comment_status":"closed","ping_status":"closed","template":"","meta":{"inline_featured_image":false,"footnotes":""},"acf":[],"_links":{"self":[{"href":"https:\/\/lingmax.com\/de\/wp-json\/wp\/v2\/pages\/916"}],"collection":[{"href":"https:\/\/lingmax.com\/de\/wp-json\/wp\/v2\/pages"}],"about":[{"href":"https:\/\/lingmax.com\/de\/wp-json\/wp\/v2\/types\/page"}],"author":[{"embeddable":true,"href":"https:\/\/lingmax.com\/de\/wp-json\/wp\/v2\/users\/1"}],"replies":[{"embeddable":true,"href":"https:\/\/lingmax.com\/de\/wp-json\/wp\/v2\/comments?post=916"}],"version-history":[{"count":15,"href":"https:\/\/lingmax.com\/de\/wp-json\/wp\/v2\/pages\/916\/revisions"}],"predecessor-version":[{"id":1095,"href":"https:\/\/lingmax.com\/de\/wp-json\/wp\/v2\/pages\/916\/revisions\/1095"}],"wp:attachment":[{"href":"https:\/\/lingmax.com\/de\/wp-json\/wp\/v2\/media?parent=916"}],"curies":[{"name":"wp","href":"https:\/\/api.w.org\/{rel}","templated":true}]}}