{"id":926,"date":"2022-05-31T08:35:15","date_gmt":"2022-05-31T08:35:15","guid":{"rendered":"https:\/\/lingmax.com\/?page_id=926"},"modified":"2022-06-01T00:14:01","modified_gmt":"2022-06-01T00:14:01","slug":"verstka","status":"publish","type":"page","link":"https:\/\/lingmax.com\/de\/verstka\/","title":{"rendered":"\u00dcbersetzungslayout"},"content":{"rendered":"<div id=\"pl-926\"  class=\"panel-layout\" ><div id=\"pg-926-0\"  class=\"panel-grid panel-no-style\" ><div id=\"pgc-926-0-0\"  class=\"panel-grid-cell\" ><div id=\"panel-926-0-0-0\" class=\"so-panel widget widget_sow-editor panel-first-child panel-last-child\" data-index=\"0\" ><div\n\t\t\t\n\t\t\tclass=\"so-widget-sow-editor so-widget-sow-editor-base\"\n\t\t\t\n\t\t><h3 class=\"widget-title\"><span class=\"widget-title__inline\">\u00dcbersetzungslayout<\/span><\/h3>\n<div class=\"siteorigin-widget-tinymce textwidget\">\n\t<p>Eine begleitende Dienstleistung unseres \u00dcbersetzungsb\u00fcros, die auf Wunsch des Kunden erbracht wird, ist das Textlayout. Die \u00dcbersetzung eines Textes mit Layout wird in F\u00e4llen beauftragt, in denen besondere Anforderungen an die Gestaltung der \u00dcbersetzung gestellt werden. Eine solche zus\u00e4tzliche Bearbeitung ist beispielsweise bei der \u00dcbersetzung eines notariell beglaubigten Dokuments gem\u00e4\u00df den Anforderungen der amtlichen Stelle f\u00fcr das Erscheinen der \u00dcbersetzung erforderlich.<\/p>\n<p>&nbsp;<\/p>\n<p>Wir f\u00fchren immer ein grundlegendes Layout durch, indem wir die Formatierung und Struktur des Originaldokuments in der \u00dcbersetzung wiederholen. Komplexere Arbeiten werden extra bezahlt, zum Beispiel das Layout von \u00dcbersetzungen in nicht standardm\u00e4\u00dfigen Dateien wie *.dwg-Zeichnungen (AutoCAD) und *.cdr-Grafikdateien (Corel Draw).<\/p>\n<p>&nbsp;<\/p>\n<p>H\u00e4ufig wird f\u00fcr die sp\u00e4tere Erstellung einer Papierversion eines Dokuments ein Dokumentationslayout ben\u00f6tigt. Das Dokument muss so gestaltet sein, dass die Druckerei keine Probleme mit der Druckvorbereitung und dem Druck selbst hat. Hier kommt es auf jedes Detail an, zum Beispiel muss eine \u00dcbersetzung einer Pr\u00e4sentation in elektronischer Form die gleichen Illustrationen enthalten wie das Original, mit den gleichen Farben und Schattierungen. Das Textlayout wird immer zusammen mit der \u00dcbersetzung von Brosch\u00fcren, Websites, Zeitschriften, B\u00fcchern, Zeichnungen, Katalogen und anderen Texten in Auftrag gegeben.<\/p>\n<p>&nbsp;<\/p>\n<p>Das Layout von Texten wird von professionellen Schriftsetzern durchgef\u00fchrt, aber es sollte beachtet werden, dass dies ein m\u00fchsamer Prozess ist, der viel Zeit in Anspruch nimmt. Wenn Sie besondere Anforderungen an das Aussehen der \u00dcbersetzung haben, teilen Sie dies bitte dem Manager bei der \u00dcbertragung des Auftrags ins Werk mit - Sie m\u00fcssen zus\u00e4tzliche Zeit f\u00fcr das Layout einplanen und den Abgabetermin f\u00fcr den Auftrag entsprechend anpassen.<\/p>\n<\/div>\n<\/div><\/div><\/div><\/div><\/div>","protected":false},"excerpt":{"rendered":"<p>Eine begleitende Dienstleistung unseres \u00dcbersetzungsb\u00fcros, die auf Wunsch des Kunden erbracht wird, ist das Textlayout. Die \u00dcbersetzung eines Textes mit Layout wird in F\u00e4llen beauftragt, in denen besondere Anforderungen an die Gestaltung der \u00dcbersetzung gestellt werden. Eine solche zus\u00e4tzliche Bearbeitung ist beispielsweise bei der \u00dcbersetzung eines notariell beglaubigten Dokuments gem\u00e4\u00df den Anforderungen der amtlichen Stelle &hellip;<\/p>\n","protected":false},"author":1,"featured_media":0,"parent":0,"menu_order":0,"comment_status":"closed","ping_status":"closed","template":"","meta":{"inline_featured_image":false,"footnotes":""},"acf":[],"_links":{"self":[{"href":"https:\/\/lingmax.com\/de\/wp-json\/wp\/v2\/pages\/926"}],"collection":[{"href":"https:\/\/lingmax.com\/de\/wp-json\/wp\/v2\/pages"}],"about":[{"href":"https:\/\/lingmax.com\/de\/wp-json\/wp\/v2\/types\/page"}],"author":[{"embeddable":true,"href":"https:\/\/lingmax.com\/de\/wp-json\/wp\/v2\/users\/1"}],"replies":[{"embeddable":true,"href":"https:\/\/lingmax.com\/de\/wp-json\/wp\/v2\/comments?post=926"}],"version-history":[{"count":15,"href":"https:\/\/lingmax.com\/de\/wp-json\/wp\/v2\/pages\/926\/revisions"}],"predecessor-version":[{"id":1055,"href":"https:\/\/lingmax.com\/de\/wp-json\/wp\/v2\/pages\/926\/revisions\/1055"}],"wp:attachment":[{"href":"https:\/\/lingmax.com\/de\/wp-json\/wp\/v2\/media?parent=926"}],"curies":[{"name":"wp","href":"https:\/\/api.w.org\/{rel}","templated":true}]}}