{"id":930,"date":"2022-05-31T08:36:07","date_gmt":"2022-05-31T08:36:07","guid":{"rendered":"https:\/\/lingmax.com\/?page_id=930"},"modified":"2022-06-01T00:09:21","modified_gmt":"2022-06-01T00:09:21","slug":"apostil","status":"publish","type":"page","link":"https:\/\/lingmax.com\/de\/apostil\/","title":{"rendered":"Apostille und Legalisation"},"content":{"rendered":"<div id=\"pl-930\"  class=\"panel-layout\" ><div id=\"pg-930-0\"  class=\"panel-grid panel-no-style\" ><div id=\"pgc-930-0-0\"  class=\"panel-grid-cell\" ><div id=\"panel-930-0-0-0\" class=\"so-panel widget widget_sow-editor panel-first-child panel-last-child\" data-index=\"0\" ><div\n\t\t\t\n\t\t\tclass=\"so-widget-sow-editor so-widget-sow-editor-base\"\n\t\t\t\n\t\t><h3 class=\"widget-title\"><span class=\"widget-title__inline\">Apostille und Legalisation<\/span><\/h3>\n<div class=\"siteorigin-widget-tinymce textwidget\">\n\t<p>Die Apostille und die konsularische Beglaubigung von Dokumenten sind Mittel zur Best\u00e4tigung der Rechtm\u00e4\u00dfigkeit von Dokumenten, die von offiziellen staatlichen Stellen f\u00fcr ihre Vorlage am Ort der Forderung in einem anderen Land ausgestellt wurden. Dazu geh\u00f6ren Urkunden aller Art, Bildungsdiplome, Vollmachten, Unterlagen des Standesamtes etc. - alle, die kein Foto des Inhabers des Dokuments haben.<\/p>\n<p>Die konsularische Beglaubigung ist ein ziemlich kompliziertes und langwieriges Verfahren. Der Einfachheit halber verabschiedeten einige L\u00e4nder 1961 das Haager \u00dcbereinkommen \u00fcber die gegenseitige Anerkennung von Dokumenten, die in den Vertragsstaaten des \u00dcbereinkommens ausgestellt wurden, und den Ersatz der konsularischen Beglaubigung durch ein vereinfachtes Verfahren \u2013 Apostille. Der Text der Apostille muss Angaben \u00fcber den Namen des Staates, die Funktion und den Nachnamen der Person enthalten, die die Urkunde unterschrieben hat, den Namen der Stadt usw. in Englisch, Franz\u00f6sisch oder der Amtssprache des Staates, der die Urkunde angebracht hat die Apostille.<\/p>\n<p>F\u00fcr L\u00e4nder, die nicht am Haager \u00dcbereinkommen teilgenommen haben, m\u00fcssen Dokumente legalisiert werden, dh die Autorit\u00e4t der Beamten best\u00e4tigen, die die offiziellen Dokumente ausgestellt haben. Dieser Prozess ist komplexer. Dem legalisierten Dokument wird eine notariell beglaubigte \u00dcbersetzung beigef\u00fcgt, dann werden die Papiere tats\u00e4chlich legalisiert - in der Regel im Au\u00dfenministerium und im Justizministerium und dann - im Konsulat des Landes, in dem die Papiere ausgestellt werden. In diesem Fall ist das Dokument nur in einem bestimmten Staat g\u00fcltig. Das hei\u00dft, das Papier, das Sie f\u00fcr die USA legalisiert haben, ist f\u00fcr China nicht g\u00fcltig.<\/p>\n<p>Wenn Sie Hilfe bei der Beglaubigung von Dokumenten und dem Anbringen einer Apostille ben\u00f6tigen, wenden Sie sich bitte an unser \u00dcbersetzungsb\u00fcro. Unsere Spezialisten beraten Sie zu diesen Fragen und helfen Ihnen bei der L\u00f6sung von Apostille- und Beglaubigungsproblemen.<\/p>\n<\/div>\n<\/div><\/div><\/div><\/div><\/div>","protected":false},"excerpt":{"rendered":"<p>Die Apostille und die konsularische Beglaubigung von Dokumenten sind Mittel zur Best\u00e4tigung der Rechtm\u00e4\u00dfigkeit von Dokumenten, die von offiziellen staatlichen Stellen f\u00fcr ihre Vorlage am Ort der Forderung in einem anderen Land ausgestellt wurden. Dazu geh\u00f6ren Urkunden aller Art, Bildungsdiplome, Vollmachten, Unterlagen des Standesamtes etc. &#8211; alle, die kein Foto des Inhabers des Dokuments haben. &hellip;<\/p>\n","protected":false},"author":1,"featured_media":0,"parent":0,"menu_order":0,"comment_status":"closed","ping_status":"closed","template":"","meta":{"inline_featured_image":false,"footnotes":""},"acf":[],"_links":{"self":[{"href":"https:\/\/lingmax.com\/de\/wp-json\/wp\/v2\/pages\/930"}],"collection":[{"href":"https:\/\/lingmax.com\/de\/wp-json\/wp\/v2\/pages"}],"about":[{"href":"https:\/\/lingmax.com\/de\/wp-json\/wp\/v2\/types\/page"}],"author":[{"embeddable":true,"href":"https:\/\/lingmax.com\/de\/wp-json\/wp\/v2\/users\/1"}],"replies":[{"embeddable":true,"href":"https:\/\/lingmax.com\/de\/wp-json\/wp\/v2\/comments?post=930"}],"version-history":[{"count":19,"href":"https:\/\/lingmax.com\/de\/wp-json\/wp\/v2\/pages\/930\/revisions"}],"predecessor-version":[{"id":1045,"href":"https:\/\/lingmax.com\/de\/wp-json\/wp\/v2\/pages\/930\/revisions\/1045"}],"wp:attachment":[{"href":"https:\/\/lingmax.com\/de\/wp-json\/wp\/v2\/media?parent=930"}],"curies":[{"name":"wp","href":"https:\/\/api.w.org\/{rel}","templated":true}]}}