{"id":952,"date":"2022-05-31T08:54:48","date_gmt":"2022-05-31T08:54:48","guid":{"rendered":"https:\/\/lingmax.com\/?page_id=952"},"modified":"2022-06-03T02:26:26","modified_gmt":"2022-06-03T02:26:26","slug":"usloviya","status":"publish","type":"page","link":"https:\/\/lingmax.com\/de\/usloviya\/","title":{"rendered":"Sonderkonditionen f\u00fcr Firmenkunden"},"content":{"rendered":"<div id=\"pl-952\"  class=\"panel-layout\" ><div id=\"pg-952-0\"  class=\"panel-grid panel-no-style\" ><div id=\"pgc-952-0-0\"  class=\"panel-grid-cell\" ><div id=\"panel-952-0-0-0\" class=\"so-panel widget widget_sow-editor panel-first-child panel-last-child\" data-index=\"0\" ><div\n\t\t\t\n\t\t\tclass=\"so-widget-sow-editor so-widget-sow-editor-base\"\n\t\t\t\n\t\t><h3 class=\"widget-title\"><span class=\"widget-title__inline\">Arbeite mit Firmenkunden<\/span><\/h3>\n<div class=\"siteorigin-widget-tinymce textwidget\">\n\t<p>Bei der \u00dcbersetzung von Dokumenten, thematischen Texten und Medienmaterialien bem\u00fchen sich unsere Spezialisten, ihre Arbeit mit h\u00f6chster Qualit\u00e4t und Schnelligkeit auszuf\u00fchren. Damit unterstreichen wir die Professionalit\u00e4t und Zuverl\u00e4ssigkeit unseres \u00dcbersetzungsb\u00fcros, was besonders f\u00fcr Firmenkunden wichtig ist.<\/p>\n<p>&nbsp;<\/p>\n<p>Die T\u00e4tigkeit des B\u00fcros und die Bem\u00fchungen der \u00dcbersetzer sind auf eine langfristige und fruchtbare Zusammenarbeit ausgerichtet. Daher erhalten Stammkunden zus\u00e4tzlich zu den Dienstleistungen, die jedem Kunden zur Verf\u00fcgung stehen, eine Reihe zus\u00e4tzlicher Vorteile.<\/p>\n<p><strong>Vorteile der Unternehmenskooperation<\/strong><\/p>\n<p>Durch den Abschluss einer Vereinbarung mit dem \u00dcbersetzungsb\u00fcro Azbuka erhalten Firmenkunden viele neue M\u00f6glichkeiten und Vorteile. Die wichtigsten sind:<\/p>\n<p>- <strong>Einzelvertrag.<\/strong> \u00dcbersetzungsdienste werden Stammkunden sowohl mit als auch ohne Vertragsabschluss erbracht. Wahl f\u00fcr Kunden! Die Manager des \u00dcbersetzungsb\u00fcros Azbuka h\u00f6ren auf die Bed\u00fcrfnisse des Kunden und bereiten so schnell wie m\u00f6glich ein spezielles Angebot vor.<br \/>\n- <strong>Pers\u00f6nlicher Manager.<\/strong> Neben einem Einzelvertrag erhalten Firmenkunden einen pers\u00f6nlichen Manager. Er nimmt Ihre Auftr\u00e4ge pers\u00f6nlich entgegen und liefert sie termingerecht unter Ber\u00fccksichtigung der Besonderheiten, Besonderheiten des Unternehmens und besonderer Anforderungen an fertige \u00dcbersetzungen.<br \/>\n- <strong>Sorgf\u00e4ltiges Studium<\/strong> des \u00dcbersetzungsgegenstandes unter Ber\u00fccksichtigung der Besonderheiten der T\u00e4tigkeit des Auftraggebers.<\/p>\n<p>Durch die langj\u00e4hrige Zusammenarbeit mit Firmenkunden k\u00f6nnen die Mitarbeiter unseres B\u00fcros nicht nur die Anforderungen des Kunden, sondern auch die Besonderheiten seiner Arbeit, das \u00dcbersetzungsthema, h\u00e4ufig verwendete Begriffe und Abk\u00fcrzungen sorgf\u00e4ltig studieren. Dazu wird ein Fachglossar mit Terminologie und etablierten \u00dcbersetzungen von in Ihrem Unternehmen akzeptierten W\u00f6rtern erstellt.<\/p>\n<p>Dar\u00fcber hinaus k\u00f6nnen Kunden unsere \u00dcbersetzer testen und einen Spezialisten zulassen, der alle nachfolgenden \u00dcbersetzungen durchf\u00fchrt. Vor Erhalt der fertigen \u00dcbersetzung erh\u00e4lt der Kunde die M\u00f6glichkeit, den Text zu \u00fcberpr\u00fcfen und ggf. Korrekturen vorzunehmen. Sie werden bei zuk\u00fcnftigen Arbeiten ber\u00fccksichtigt, wodurch wir die Qualit\u00e4t zuk\u00fcnftiger \u00dcbersetzungen erheblich verbessern k\u00f6nnen.<\/p>\n<p>Ein weiterer wichtiger Punkt f\u00fcr Firmenkunden ist das Fehlen jeglicher Begrenzung des \u00dcberweisungsvolumens und der Auftragsh\u00e4ufigkeit. Unabh\u00e4ngig von der Gesamtauslastung des B\u00fcros und gewissen Einschr\u00e4nkungen f\u00fcr Gelegenheitsbesucher. In Anbetracht unserer Stammkunden reservieren wir immer einen Teil der Ressourcen des B\u00fcros f\u00fcr sie.<\/p>\n<p><strong>\u00dcberweisungen \u201ef\u00fcr gestern\u201c und Rabatte<\/strong><\/p>\n<p>Das Auftreten verschiedener kritischer Situationen ist unvermeidlich. In Zusammenarbeit mit Stammkunden sind wir bereit, die Position eines Kunden einzunehmen und jede komplexe \u00dcbersetzung \u201ef\u00fcr gestern\u201c durchzuf\u00fchren. Au\u00dferdem h\u00e4ngt die Qualit\u00e4t des fertigen Textes weder vom Umfang noch von knappen Abgabeterminen ab.<\/p>\n<p>Dar\u00fcber hinaus werden f\u00fcr Firmenkunden die g\u00fcnstigsten Konditionen und zus\u00e4tzliche Rabatte gew\u00e4hrt. Sowie die M\u00f6glichkeit der Ratenzahlung Werden Sie noch heute unser Stammkunde. Dazu reicht es aus, eine Bestellung aufzugeben und einen Vertrag abzuschlie\u00dfen.<\/p>\n<\/div>\n<\/div><\/div><\/div><\/div><\/div>","protected":false},"excerpt":{"rendered":"<p>Bei der \u00dcbersetzung von Dokumenten, thematischen Texten und Medienmaterialien bem\u00fchen sich unsere Spezialisten, ihre Arbeit mit h\u00f6chster Qualit\u00e4t und Schnelligkeit auszuf\u00fchren. Damit unterstreichen wir die Professionalit\u00e4t und Zuverl\u00e4ssigkeit unseres \u00dcbersetzungsb\u00fcros, was besonders f\u00fcr Firmenkunden wichtig ist. &nbsp; Die T\u00e4tigkeit des B\u00fcros und die Bem\u00fchungen der \u00dcbersetzer sind auf eine langfristige und fruchtbare Zusammenarbeit ausgerichtet. Daher &hellip;<\/p>\n","protected":false},"author":1,"featured_media":0,"parent":0,"menu_order":0,"comment_status":"closed","ping_status":"closed","template":"","meta":{"inline_featured_image":false,"footnotes":""},"acf":[],"_links":{"self":[{"href":"https:\/\/lingmax.com\/de\/wp-json\/wp\/v2\/pages\/952"}],"collection":[{"href":"https:\/\/lingmax.com\/de\/wp-json\/wp\/v2\/pages"}],"about":[{"href":"https:\/\/lingmax.com\/de\/wp-json\/wp\/v2\/types\/page"}],"author":[{"embeddable":true,"href":"https:\/\/lingmax.com\/de\/wp-json\/wp\/v2\/users\/1"}],"replies":[{"embeddable":true,"href":"https:\/\/lingmax.com\/de\/wp-json\/wp\/v2\/comments?post=952"}],"version-history":[{"count":13,"href":"https:\/\/lingmax.com\/de\/wp-json\/wp\/v2\/pages\/952\/revisions"}],"predecessor-version":[{"id":1270,"href":"https:\/\/lingmax.com\/de\/wp-json\/wp\/v2\/pages\/952\/revisions\/1270"}],"wp:attachment":[{"href":"https:\/\/lingmax.com\/de\/wp-json\/wp\/v2\/media?parent=952"}],"curies":[{"name":"wp","href":"https:\/\/api.w.org\/{rel}","templated":true}]}}