{"id":218,"date":"2015-04-14T10:13:09","date_gmt":"2015-04-14T10:13:09","guid":{"rendered":"https:\/\/xml-io.proteusthemes.com\/cargopress\/?page_id=6"},"modified":"2022-06-03T01:23:48","modified_gmt":"2022-06-03T01:23:48","slug":"home-2","status":"publish","type":"page","link":"https:\/\/lingmax.com\/ro\/","title":{"rendered":"Acas\u0103"},"content":{"rendered":"<div id=\"pl-218\"  class=\"panel-layout\" ><div id=\"pg-218-0\"  class=\"panel-grid panel-has-style\" ><div class=\"siteorigin-panels-stretch panel-row-style panel-row-style-for-218-0\" data-stretch-type=\"full-stretched\" ><div id=\"pgc-218-0-0\"  class=\"panel-grid-cell\" ><div id=\"panel-218-0-0-0\" class=\"so-panel widget widget_sow-slider panel-first-child panel-last-child\" data-index=\"0\" ><div\n\t\t\t\n\t\t\tclass=\"so-widget-sow-slider so-widget-sow-slider-default-a2f6f5f9e179-218\"\n\t\t\t\n\t\t><div class=\"sow-slider-base\" style=\"display: none\"><ul\n\t\t\t\t\tclass=\"sow-slider-images\"\n\t\t\t\t\tdata-settings=\"{&quot;pagination&quot;:true,&quot;speed&quot;:&quot;800&quot;,&quot;timeout&quot;:&quot;8000&quot;,&quot;paused&quot;:false,&quot;pause_on_hover&quot;:true,&quot;swipe&quot;:&quot;on&quot;,&quot;nav_always_show_desktop&quot;:&quot;&quot;,&quot;nav_always_show_mobile&quot;:&quot;&quot;,&quot;breakpoint&quot;:&quot;780px&quot;,&quot;unmute&quot;:false,&quot;anchor&quot;:null}\"\n\t\t\t\t\t\t\t\t\t>\t\t<li class=\"sow-slider-image  sow-slider-image-cover\" style=\"background-image: url(https:\/\/lingmax.com\/wp-content\/uploads\/2022\/05\/lingmax_slider1_6.png)\" >\n\t\t\t\t\t\t\t\t\t<img fetchpriority=\"high\" decoding=\"async\" width=\"1920\" height=\"468\" src=\"https:\/\/lingmax.com\/wp-content\/uploads\/2022\/05\/lingmax_slider1_6.png\" class=\"sow-slider-background-image skip-lazy\" alt=\"\" loading=\"eager\" srcset=\"https:\/\/lingmax.com\/wp-content\/uploads\/2022\/05\/lingmax_slider1_6.png 1920w, https:\/\/lingmax.com\/wp-content\/uploads\/2022\/05\/lingmax_slider1_6-300x73.png 300w, https:\/\/lingmax.com\/wp-content\/uploads\/2022\/05\/lingmax_slider1_6-1024x250.png 1024w, https:\/\/lingmax.com\/wp-content\/uploads\/2022\/05\/lingmax_slider1_6-768x187.png 768w, https:\/\/lingmax.com\/wp-content\/uploads\/2022\/05\/lingmax_slider1_6-1536x374.png 1536w\" sizes=\"(max-width: 1920px) 100vw, 1920px\" \/>\t\t\t\t\t\t\t\t<\/li>\n\t\t\t\t<li class=\"sow-slider-image  sow-slider-image-cover\" style=\"background-image: url(https:\/\/lingmax.com\/wp-content\/uploads\/2022\/05\/lingmax_slider1_5.png)\" >\n\t\t\t\t\t\t\t\t\t<img decoding=\"async\" width=\"1919\" height=\"468\" src=\"https:\/\/lingmax.com\/wp-content\/uploads\/2022\/05\/lingmax_slider1_5.png\" class=\"sow-slider-background-image skip-lazy\" alt=\"\" loading=\"eager\" srcset=\"https:\/\/lingmax.com\/wp-content\/uploads\/2022\/05\/lingmax_slider1_5.png 1919w, https:\/\/lingmax.com\/wp-content\/uploads\/2022\/05\/lingmax_slider1_5-300x73.png 300w, https:\/\/lingmax.com\/wp-content\/uploads\/2022\/05\/lingmax_slider1_5-1024x250.png 1024w, https:\/\/lingmax.com\/wp-content\/uploads\/2022\/05\/lingmax_slider1_5-768x187.png 768w, https:\/\/lingmax.com\/wp-content\/uploads\/2022\/05\/lingmax_slider1_5-1536x375.png 1536w\" sizes=\"(max-width: 1919px) 100vw, 1919px\" \/>\t\t\t\t\t\t\t\t<\/li>\n\t\t\t\t<li class=\"sow-slider-image  sow-slider-image-cover\" style=\"background-image: url(https:\/\/lingmax.com\/wp-content\/uploads\/2022\/05\/lingmax_slide1-1920x468-1.png)\" >\n\t\t\t\t\t\t\t\t\t<img decoding=\"async\" width=\"1920\" height=\"468\" src=\"https:\/\/lingmax.com\/wp-content\/uploads\/2022\/05\/lingmax_slide1-1920x468-1.png\" class=\"sow-slider-background-image skip-lazy\" alt=\"\" loading=\"eager\" srcset=\"https:\/\/lingmax.com\/wp-content\/uploads\/2022\/05\/lingmax_slide1-1920x468-1.png 1920w, https:\/\/lingmax.com\/wp-content\/uploads\/2022\/05\/lingmax_slide1-1920x468-1-300x73.png 300w, https:\/\/lingmax.com\/wp-content\/uploads\/2022\/05\/lingmax_slide1-1920x468-1-1024x250.png 1024w, https:\/\/lingmax.com\/wp-content\/uploads\/2022\/05\/lingmax_slide1-1920x468-1-768x187.png 768w, https:\/\/lingmax.com\/wp-content\/uploads\/2022\/05\/lingmax_slide1-1920x468-1-1536x374.png 1536w\" sizes=\"(max-width: 1920px) 100vw, 1920px\" \/>\t\t\t\t\t\t\t\t<\/li>\n\t\t<\/ul>\t\t\t\t<ol class=\"sow-slider-pagination\">\n\t\t\t\t\t\t\t\t\t\t\t<li><a href=\"#\" data-goto=\"0\" aria-label=\"display slide 1\"><\/a><\/li>\n\t\t\t\t\t\t\t\t\t\t\t<li><a href=\"#\" data-goto=\"1\" aria-label=\"display slide 2\"><\/a><\/li>\n\t\t\t\t\t\t\t\t\t\t\t<li><a href=\"#\" data-goto=\"2\" aria-label=\"display slide 3\"><\/a><\/li>\n\t\t\t\t\t\t\t\t\t<\/ol>\n\n\t\t\t\t<div class=\"sow-slide-nav sow-slide-nav-next\">\n\t\t\t\t\t<a href=\"#\" data-goto=\"next\" aria-label=\"next slide\" data-action=\"next\">\n\t\t\t\t\t\t<em class=\"sow-sld-icon-thin-right\"><\/em>\n\t\t\t\t\t<\/a>\n\t\t\t\t<\/div>\n\n\t\t\t\t<div class=\"sow-slide-nav sow-slide-nav-prev\">\n\t\t\t\t\t<a href=\"#\" data-goto=\"previous\" aria-label=\"previous slide\" data-action=\"prev\">\n\t\t\t\t\t\t<em class=\"sow-sld-icon-thin-left\"><\/em>\n\t\t\t\t\t<\/a>\n\t\t\t\t<\/div>\n\t\t\t\t<\/div><\/div><\/div><\/div><\/div><\/div><div id=\"pg-218-1\"  class=\"panel-grid panel-no-style\" ><div id=\"pgc-218-1-0\"  class=\"panel-grid-cell\" ><div id=\"panel-218-1-0-0\" class=\"so-panel widget widget_sow-editor panel-first-child panel-last-child\" data-index=\"1\" ><div\n\t\t\t\n\t\t\tclass=\"so-widget-sow-editor so-widget-sow-editor-base\"\n\t\t\t\n\t\t><h3 class=\"widget-title\"><span class=\"widget-title__inline\">International Traducere LingMax<\/span><\/h3>\n<div class=\"siteorigin-widget-tinymce textwidget\">\n\t<p lang=\"ru-RU\"><span lang=\"es-ES\">Lumea de ast\u0103zi difer\u0103 de\u00a0<\/span><span lang=\"ro-RO\">lumea de\u00a0<\/span><span lang=\"es-ES\">ieri<\/span><span lang=\"ro-RO\">\u00a0prin aceea c\u0103 frontier<\/span><span lang=\"es-ES\">ele dintre\u00a0<\/span><span lang=\"es-ES\">\u021b<\/span><span lang=\"es-ES\">\u0103ri sunt mai pu<\/span><span lang=\"es-ES\">\u021b<\/span><span lang=\"es-ES\">in importante. Acestea nu te mai \u00eencurc\u0103 s\u0103 c\u0103l\u0103tore\u015fti, s\u0103 faci studii, s\u0103 g\u0103se\u015fti un loc de munc\u0103 interesant. A g\u0103si o afacere care nu este implicat\u0103 \u00een import sau export de m\u0103rfuri este aproape imposibil. Pentru ca s\u0103 folose\u015fti \u00een deplin toat\u0103 l\u0103<\/span><span lang=\"es-ES\">\u021b<\/span><span lang=\"es-ES\">imea de posibilit\u0103<\/span><span lang=\"es-ES\">\u021b<\/span><span lang=\"es-ES\">i, deschise de integrarea \u00een comunitatea interna<\/span><span lang=\"es-ES\">\u021b<\/span><span lang=\"es-ES\">ional\u0103, este nevoie de o traducere calitativ\u0103.<\/span><\/p>\n<p class=\"western\"><span lang=\"en-US\">Compania \u00abLingMAX\u00bb mai mult de 8 ani\u00a0<\/span><span lang=\"ro-RO\">activeaz\u0103\u00a0<\/span><span lang=\"en-US\">pe pia<\/span><span lang=\"ro-RO\">\u0163<\/span><span lang=\"en-US\">a din\u00a0<\/span><span lang=\"en-US\">\u021b<\/span><span lang=\"en-US\">\u0103rile CSI.<\/span><span lang=\"ro-RO\">\u00a0<\/span><span lang=\"ro-RO\"><strong>S<\/strong><\/span><span lang=\"es-ES\"><strong>pecializarea noastr\u0103 \u2013 traducere de texte din limbi str\u0103ine \u00een limbile rus\u0103\u00a0<\/strong><\/span><span lang=\"es-ES\"><strong>\u0219<\/strong><\/span><span lang=\"es-ES\"><strong>i ucrainean\u0103\u00a0<\/strong><\/span><span lang=\"es-ES\"><strong>\u0219<\/strong><\/span><span lang=\"es-ES\"><strong>i invers.<\/strong><\/span><span lang=\"ro-RO\"><strong>\u00a0<\/strong><\/span><span lang=\"ro-RO\">Avem o vast\u0103 experient\u0103 in traducerea din englez\u0103 \u00een rus\u0103\u00a0<\/span><span lang=\"ro-RO\">\u0219<\/span><span lang=\"ro-RO\">i ucrainean\u0103 a materialelor pe diferite teme<\/span><span lang=\"ro-RO\"><strong>:<\/strong><\/span><\/p>\n<ul>\n<li>- inginerie\u00a0<span lang=\"ro-RO\">m<\/span>ecanic\u0103;<\/li>\n<li><span lang=\"ro-RO\">- construc\u0163ii<\/span>;<\/li>\n<li><span lang=\"es-ES\">- extrac<\/span><span lang=\"es-ES\">\u021b<\/span><span lang=\"es-ES\">ia de petrol\u00a0<\/span><span lang=\"es-ES\">\u0219<\/span><span lang=\"es-ES\">i gaze;<\/span><\/li>\n<li>- industria u\u0219oar\u0103 \u0219i alimentar\u0103;<\/li>\n<li><span lang=\"ro-RO\">- chimia \u015fi ecoligia<\/span>;<\/li>\n<li><span lang=\"ro-RO\">- medicina \u015fi\u00a0<\/span>echipamente<span lang=\"ro-RO\">le<\/span>\u00a0medicale;<\/li>\n<li><span lang=\"ro-RO\">- m<\/span>arketing \u0219i publicitate;<\/li>\n<li>- jurispruden\u021b\u0103;<\/li>\n<li><span lang=\"ro-RO\">- economia<\/span>;<\/li>\n<li><span lang=\"ro-RO\">- activitatea bancar\u0103<\/span>;<\/li>\n<li><span lang=\"ro-RO\">- s<\/span>oftware.<\/li>\n<\/ul>\n<p class=\"western\">Clientii nostri\u00a0<span lang=\"ro-RO\">permanen\u0163i\u00a0<\/span>sunt\u00a0<strong>site-uri web care se specializeaz\u0103 \u00een v\u00e2nz\u0103ri interna<\/strong><strong>\u021b<\/strong><strong>ionale<\/strong>,<span lang=\"ro-RO\">\u00a0<\/span>\u00eentreprinderi industriale \u0219i comerciale, banci, edituri, institu\u021bii de \u00eenv\u0103\u021b\u0103m\u00e2nt, organiza\u021bii comerciale internationale,\u00a0<span lang=\"ro-RO\">asocia\u0163ii<\/span>\u00a0sportive,\u00a0<span lang=\"ro-RO\">agen\u0163ii\u00a0<\/span>de\u00a0<span lang=\"ro-RO\">turism\u00a0<\/span>\u0219i<span lang=\"ro-RO\">\u00a0<\/span>transport.\u00a0<span lang=\"es-ES\">Experien<\/span><span lang=\"es-ES\">\u021b<\/span><span lang=\"es-ES\">\u0103\u00a0<\/span><span lang=\"ro-RO\">de activitate\u00a0<\/span><span lang=\"es-ES\">cu diferite tipuri de afaceri ne permite s\u0103 afirm\u0103m \u2013 putem \"ajusta\" la specificul companiei dumneavoastr\u0103\u00a0<\/span><span lang=\"es-ES\">\u0219<\/span><span lang=\"es-ES\">i s\u0103 dev<\/span><span lang=\"ro-RO\">enim<\/span><span lang=\"es-ES\">\u00a0un partener convenabil\u00a0<\/span><span lang=\"ro-RO\">pe o perioad\u0103 \u00eendelungat\u0103<\/span><span lang=\"es-ES\">.<\/span><\/p>\n<p class=\"western\"><span lang=\"es-ES\">Traducerea calitativ\u0103\u00a0<\/span><span lang=\"es-ES\">\u0219<\/span><span lang=\"es-ES\">i rapid\u0103 de c\u0103tre agen\u0163ia de traducere \"LingMAX\u00bb v\u0103 va ajuta s\u0103 comunica\u0163i calitativ cu un num\u0103r mare de parteneri str\u0103ini<\/span><span lang=\"es-ES\">, s\u0103 r\u0103sp\u00e2ndi\u0163i mai repede produsele\u00a0<\/span><span lang=\"es-ES\">\u0219<\/span><span lang=\"es-ES\">i serviciile dvs.\u00a0<\/span><span lang=\"es-ES\">\u0219<\/span><span lang=\"es-ES\">i s\u0103 face\u0163i brand-ul dvs. mai recunoscut.<\/span><\/p>\n<p class=\"western\">\n<p class=\"western\"><span lang=\"es-ES\">V\u0103 rug\u0103m s\u0103 ne contacta<\/span><span lang=\"es-ES\">\u021b<\/span><span lang=\"es-ES\">i\u00a0<\/span><span lang=\"es-ES\">\u0219<\/span><span lang=\"es-ES\">i managerul de lucru cu clientii v\u0103 va ajuta s\u0103 afla<\/span><span lang=\"es-ES\">\u021b<\/span><span lang=\"es-ES\">i despre serviciile noastre mai mult,\u00a0<\/span><span lang=\"es-ES\">\u0219<\/span><span lang=\"es-ES\">i pas cu pas v\u0103 va duce la timpul execut\u0103rii comenzii. Scopul nostru este satisfac\u0163ia dvs. la 100% de munca noastr\u0103.\u00a0<\/span><\/p>\n<\/div>\n<\/div><\/div><\/div><\/div><div id=\"pg-218-2\"  class=\"panel-grid panel-has-style\" ><div class=\"siteorigin-panels-stretch panel-row-style panel-row-style-for-218-2\" data-stretch-type=\"full\" ><div id=\"pgc-218-2-0\"  class=\"panel-grid-cell\" ><div id=\"panel-218-2-0-0\" class=\"so-panel widget widget_pw_icon_box widget-icon-box panel-first-child\" data-index=\"2\" ><div class=\"widget-title--big panel-widget-style panel-widget-style-for-218-2-0-0\" >\n\n\t\t<a class=\"icon-box\" href=\"\/onlineorders\" target=\"_self\">\n\n\t\t<i class=\"fa  fa-laptop\"><\/i>\n\t\t<div class=\"icon-box__title\">COMAND\u0102 DE TRADUCERE ONLINE<\/div>\n\t\t<span class=\"icon-box__subtitle\">Comand\u0103 traducerea documentelor online \u00een c\u00e2teva clicuri<\/span>\n\n\t\t<\/a>\n\n<\/div><\/div><div id=\"panel-218-2-0-1\" class=\"so-panel widget widget_pw_icon_box widget-icon-box panel-last-child\" data-index=\"3\" ><div class=\"widget-title--big panel-widget-style panel-widget-style-for-218-2-0-1\" >\n\n\t\t<a class=\"icon-box\" href=\"\/usloviya\" target=\"_self\">\n\n\t\t<i class=\"fa  fa-users\"><\/i>\n\t\t<div class=\"icon-box__title\">CLIEN\u021aILOR CORPORATIVI<\/div>\n\t\t<span class=\"icon-box__subtitle\">Citi\u021bi termenii de traducere a documentelor pentru clien\u021bii corporativi<\/span>\n\n\t\t<\/a>\n\n<\/div><\/div><\/div><div id=\"pgc-218-2-1\"  class=\"panel-grid-cell\" ><div id=\"panel-218-2-1-0\" class=\"so-panel widget widget_black-studio-tinymce widget_black_studio_tinymce panel-first-child panel-last-child\" data-index=\"4\" ><div class=\"featured-widget panel-widget-style panel-widget-style-for-218-2-1-0\" ><h3 class=\"widget-title\"><span class=\"widget-title__inline\">CALCULA\u021aI COST<\/span><\/h3><div class=\"textwidget\">V\u0103 rug\u0103m s\u0103 completa\u021bi formularul pentru a calcula costul traducerii\n<br><br>\n<div role=\"form\" class=\"wpcf7\" id=\"wpcf7-f313-o1\" lang=\"en-US\" dir=\"ltr\">\n<div class=\"screen-reader-response\"><p role=\"status\" aria-live=\"polite\" aria-atomic=\"true\"><\/p> <ul><\/ul><\/div>\n<form action=\"\/ro\/wp-json\/wp\/v2\/pages\/218#wpcf7-f313-o1\" method=\"post\" class=\"wpcf7-form init\" novalidate=\"novalidate\" data-status=\"init\">\n<div style=\"display: none;\">\n<input type=\"hidden\" name=\"_wpcf7\" value=\"313\" \/>\n<input type=\"hidden\" name=\"_wpcf7_version\" value=\"5.5.6.1\" \/>\n<input type=\"hidden\" name=\"_wpcf7_locale\" value=\"en_US\" \/>\n<input type=\"hidden\" name=\"_wpcf7_unit_tag\" value=\"wpcf7-f313-o1\" \/>\n<input type=\"hidden\" name=\"_wpcf7_container_post\" value=\"0\" \/>\n<input type=\"hidden\" name=\"_wpcf7_posted_data_hash\" value=\"\" \/>\n<input type=\"hidden\" name=\"lang\" value=\"ro\" \/>\n<input type=\"hidden\" name=\"_wpcf7_recaptcha_response\" value=\"\" \/>\n<\/div>\n<div class=\"contact-form-small\">\n<div class=\"row\">\n<div class=\"col-xs-12  col-md-6\">\n      <span class=\"wpcf7-form-control-wrap your-name\"><input type=\"text\" name=\"your-name\" value=\"\" size=\"40\" class=\"wpcf7-form-control wpcf7-text wpcf7-validates-as-required\" aria-required=\"true\" aria-invalid=\"false\" placeholder=\"Nume\" \/><\/span><br \/>\n      <span class=\"wpcf7-form-control-wrap your-email\"><input type=\"email\" name=\"your-email\" value=\"\" size=\"40\" class=\"wpcf7-form-control wpcf7-text wpcf7-email wpcf7-validates-as-required wpcf7-validates-as-email\" aria-required=\"true\" aria-invalid=\"false\" placeholder=\"Email\" \/><\/span>\n    <\/div>\n<div class=\"col-xs-12  col-md-6\">\n        <span class=\"wpcf7-form-control-wrap your-message\"><textarea name=\"your-message\" cols=\"40\" rows=\"10\" class=\"wpcf7-form-control wpcf7-textarea\" aria-invalid=\"false\" placeholder=\"Mesaj\"><\/textarea><\/span>\n    <\/div>\n<div class=\"col-xs-12  col-md-12\">\n      <input type=\"submit\" value=\"Trimite\" class=\"wpcf7-form-control has-spinner wpcf7-submit btn btn-primary pull-right\" \/>\n    <\/div>\n<\/div>\n<\/div>\n<div class=\"wpcf7-response-output\" aria-hidden=\"true\"><\/div><\/form><\/div><\/div><\/div><\/div><\/div><\/div><\/div><\/div>","protected":false},"excerpt":{"rendered":"<p>Lumea de ast\u0103zi difer\u0103 de\u00a0lumea de\u00a0ieri\u00a0prin aceea c\u0103 frontierele dintre\u00a0\u021b\u0103ri sunt mai pu\u021bin importante. Acestea nu te mai \u00eencurc\u0103 s\u0103 c\u0103l\u0103tore\u015fti, s\u0103 faci studii, s\u0103 g\u0103se\u015fti un loc de munc\u0103 interesant. A g\u0103si o afacere care nu este implicat\u0103 \u00een import sau export de m\u0103rfuri este aproape imposibil. Pentru ca s\u0103 folose\u015fti \u00een deplin toat\u0103 &hellip;<\/p>\n","protected":false},"author":1,"featured_media":0,"parent":0,"menu_order":0,"comment_status":"closed","ping_status":"open","template":"template-front-page-slider.php","meta":{"inline_featured_image":false,"footnotes":""},"acf":[],"_links":{"self":[{"href":"https:\/\/lingmax.com\/ro\/wp-json\/wp\/v2\/pages\/218"}],"collection":[{"href":"https:\/\/lingmax.com\/ro\/wp-json\/wp\/v2\/pages"}],"about":[{"href":"https:\/\/lingmax.com\/ro\/wp-json\/wp\/v2\/types\/page"}],"author":[{"embeddable":true,"href":"https:\/\/lingmax.com\/ro\/wp-json\/wp\/v2\/users\/1"}],"replies":[{"embeddable":true,"href":"https:\/\/lingmax.com\/ro\/wp-json\/wp\/v2\/comments?post=218"}],"version-history":[{"count":104,"href":"https:\/\/lingmax.com\/ro\/wp-json\/wp\/v2\/pages\/218\/revisions"}],"predecessor-version":[{"id":1017,"href":"https:\/\/lingmax.com\/ro\/wp-json\/wp\/v2\/pages\/218\/revisions\/1017"}],"wp:attachment":[{"href":"https:\/\/lingmax.com\/ro\/wp-json\/wp\/v2\/media?parent=218"}],"curies":[{"name":"wp","href":"https:\/\/api.w.org\/{rel}","templated":true}]}}