{"id":817,"date":"2022-05-31T06:59:30","date_gmt":"2022-05-31T06:59:30","guid":{"rendered":"https:\/\/lingmax.com\/?page_id=817"},"modified":"2022-07-23T14:43:44","modified_gmt":"2022-07-23T14:43:44","slug":"ukraine","status":"publish","type":"page","link":"https:\/\/lingmax.com\/ro\/ukraine\/","title":{"rendered":"Ucraina"},"content":{"rendered":"<div id=\"pl-817\"  class=\"panel-layout\" ><div id=\"pg-817-0\"  class=\"panel-grid panel-no-style\" ><div id=\"pgc-817-0-0\"  class=\"panel-grid-cell\" ><div id=\"panel-817-0-0-0\" class=\"so-panel widget widget_sow-editor panel-first-child panel-last-child\" data-index=\"0\" ><div\n\t\t\t\n\t\t\tclass=\"so-widget-sow-editor so-widget-sow-editor-base\"\n\t\t\t\n\t\t><h3 class=\"widget-title\"><span class=\"widget-title__inline\">BIROUL DE TRADUCERE LINGMAX DIN UCRAINA<\/span><\/h3>\n<div class=\"siteorigin-widget-tinymce textwidget\">\n\t<p>\u00cen ultimii 15 ani, companiile care furnizeaz\u0103 servicii de traducere de text au c\u00e2\u0219tigat mult\u0103 popularitate. \u00centruc\u00e2t rela\u021biile interna\u021bionale au devenit principala cheie a succesului \u00een dezvoltarea companiei, intrarea pe pia\u021ba interna\u021bional\u0103 este sarcina principal\u0103 pentru fiecare \u00eentreprindere sau organiza\u021bie. Dar pentru aceasta este necesar s\u0103 dep\u0103\u0219im bariera lingvistic\u0103.<br \/>\nAgen\u021biile de traduceri nu numai c\u0103 traduc texte de diverse subiecte, complexitate \u0219i volum, ceea ce ajut\u0103 la dep\u0103\u0219irea barierei lingvistice, dar ofer\u0103 \u0219i servicii suplimentare, precum legalizarea notarial\u0103, legalizarea consular\u0103, aplicarea \u0219tampilei Apostila. Traducerea unui document nu va fi valabil\u0103 \u00een departamentele, institu\u021biile \u0219i organiza\u021biile guvernamentale dac\u0103 nu con\u021bine confirmarea c\u0103 traducerea a fost efectuat\u0103 de un traduc\u0103tor autorizat.<\/p>\n<p>Agen\u021bia de traduceri interna\u021bionale Lingmax din Ucraina este preg\u0103tit\u0103 s\u0103 v\u0103 asiste \u00een traducerea textelor pe diverse subiecte \u00een cele mai comune limbi ale lumii: spaniol\u0103, german\u0103, francez\u0103, japonez\u0103, chinez\u0103, rus\u0103, italian\u0103, portughez\u0103, coreean\u0103, arab\u0103 \u0219i alte 55 limbi ale lumii. Volumul \u0219i complexitatea nu conteaz\u0103 pentru noi.<\/p>\n<p>Pe baza dorin\u021belor clientului, managerul va selecta un traduc\u0103tor profesionist care cunoa\u0219te fluent perechea de limbi a documentului \u0219i este specialist \u00een domeniul c\u0103ruia \u00eei apar\u021bine documentul.<br \/>\nV\u0103 garant\u0103m traduceri de \u00eenalt\u0103 calitate \u0219i rapid\u0103 la pre\u021buri accesibile.<\/p>\n<p>De ce sa ne alegeti pe noi?<\/p>\n<p>Agen\u021bia de traduceri Lingmax ofer\u0103 urm\u0103toarele tipuri de traduceri:<br \/>\n- traduceri juridice;<br \/>\n-traduceri tehnice;<br \/>\n- traduceri economice;<br \/>\n- traduceri medicale;<br \/>\n-traduceri de texte IT.<\/p>\n<p>Pentru 15 ani de munc\u0103 de succes \u00een Ucraina, am reu\u0219it s\u0103 organiz\u0103m munca tuturor birourilor la cel mai \u00eenalt nivel. Acest lucru v\u0103 permite s\u0103 \u00eendeplini\u021bi comenzile c\u00e2t mai repede posibil \u0219i f\u0103r\u0103 pierderi de calitate. Datorit\u0103 ac\u021biunilor coordonate, ve\u021bi primi \u00eentotdeauna traducerea exact la timp.<br \/>\nBiroul interna\u021bional de traduceri \u201eLingmax\u201d din Ucraina ofer\u0103 servicii de notarizare a traducerilor, legalizare consular\u0103 \u0219i aplicarea \u0219tampilei \u201eApostila\u201d.<br \/>\nEchipa noastr\u0103 reune\u0219te lingvi\u0219ti profesioni\u0219ti din \u00eentreaga lume, ceea ce face posibil\u0103 efectuarea corect\u0103 \u0219i eficient\u0103 a oric\u0103rei traduceri.<\/p>\n<p>Dac\u0103 ave\u021bi \u00eentreb\u0103ri, nu ezita\u021bi s\u0103 suna\u021bi la numerele afi\u0219ate pe site-ul nostru oficial: www.lingmax.com sau s\u0103 trimite\u021bi o cerere prin e-mail:<br \/>\nManagerii no\u0219tri v\u0103 vor contacta c\u00e2t mai cur\u00e2nd posibil.<\/p>\n<\/div>\n<\/div><\/div><\/div><\/div><\/div>","protected":false},"excerpt":{"rendered":"<p>\u00cen ultimii 15 ani, companiile care furnizeaz\u0103 servicii de traducere de text au c\u00e2\u0219tigat mult\u0103 popularitate. \u00centruc\u00e2t rela\u021biile interna\u021bionale au devenit principala cheie a succesului \u00een dezvoltarea companiei, intrarea pe pia\u021ba interna\u021bional\u0103 este sarcina principal\u0103 pentru fiecare \u00eentreprindere sau organiza\u021bie. Dar pentru aceasta este necesar s\u0103 dep\u0103\u0219im bariera lingvistic\u0103. Agen\u021biile de traduceri nu numai c\u0103 &hellip;<\/p>\n","protected":false},"author":1,"featured_media":0,"parent":0,"menu_order":0,"comment_status":"closed","ping_status":"closed","template":"","meta":{"inline_featured_image":false,"footnotes":""},"acf":[],"_links":{"self":[{"href":"https:\/\/lingmax.com\/ro\/wp-json\/wp\/v2\/pages\/817"}],"collection":[{"href":"https:\/\/lingmax.com\/ro\/wp-json\/wp\/v2\/pages"}],"about":[{"href":"https:\/\/lingmax.com\/ro\/wp-json\/wp\/v2\/types\/page"}],"author":[{"embeddable":true,"href":"https:\/\/lingmax.com\/ro\/wp-json\/wp\/v2\/users\/1"}],"replies":[{"embeddable":true,"href":"https:\/\/lingmax.com\/ro\/wp-json\/wp\/v2\/comments?post=817"}],"version-history":[{"count":51,"href":"https:\/\/lingmax.com\/ro\/wp-json\/wp\/v2\/pages\/817\/revisions"}],"predecessor-version":[{"id":1398,"href":"https:\/\/lingmax.com\/ro\/wp-json\/wp\/v2\/pages\/817\/revisions\/1398"}],"wp:attachment":[{"href":"https:\/\/lingmax.com\/ro\/wp-json\/wp\/v2\/media?parent=817"}],"curies":[{"name":"wp","href":"https:\/\/api.w.org\/{rel}","templated":true}]}}