{"id":838,"date":"2022-05-31T07:50:03","date_gmt":"2022-05-31T07:50:03","guid":{"rendered":"https:\/\/lingmax.com\/?page_id=838"},"modified":"2022-06-03T02:12:43","modified_gmt":"2022-06-03T02:12:43","slug":"moldova","status":"publish","type":"page","link":"https:\/\/lingmax.com\/ro\/moldova\/","title":{"rendered":"Moldova"},"content":{"rendered":"<div id=\"pl-838\"  class=\"panel-layout\" ><div id=\"pg-838-0\"  class=\"panel-grid panel-no-style\" ><div id=\"pgc-838-0-0\"  class=\"panel-grid-cell\" ><div id=\"panel-838-0-0-0\" class=\"so-panel widget widget_sow-editor panel-first-child panel-last-child\" data-index=\"0\" ><div\n\t\t\t\n\t\t\tclass=\"so-widget-sow-editor so-widget-sow-editor-base\"\n\t\t\t\n\t\t><h3 class=\"widget-title\"><span class=\"widget-title__inline\">Biroul interna\u021bional de traduceri \u00abLingmax\u00bb<\/span><\/h3>\n<div class=\"siteorigin-widget-tinymce textwidget\">\n\t<h1><b>Biroul interna\u021bional de traduceri \u00abLingmax\u00bb\u00a0<\/b><\/h1>\n<p style=\"font-weight: 400;\"><strong>Adresa noastr\u0103: Chi\u0219in\u0103u, str. Decebal 212<\/strong><\/p>\n<p style=\"font-weight: 400;\"><strong>Telefon: +37369106200<\/strong><\/p>\n<p style=\"font-weight: 400;\"><strong>viber: +380977744088<\/strong><\/p>\n<p style=\"font-weight: 400;\">Biroul de traduceri \u00abLingmax\u00bb<strong>\u00a0<\/strong>ofer\u0103 \u00een Moldova o gam\u0103 complet\u0103 de servicii pentru traducerea documentelor din\/\u00een\u00a0 majoritatea limbilor din Europa si Asia. Ne specializ\u0103m in traduceri de \u00eenalt\u0103 calitate ale documentelor, at\u00e2t pentru persoane fizice cat \u0219i pentru \u00eentreprinderi.<\/p>\n<table style=\"font-weight: 400;\" width=\"100%\">\n<thead>\n<tr>\n<th>Limba<\/th>\n<th>standart<\/th>\n<th>text<\/th>\n<\/tr>\n<\/thead>\n<tbody>\n<tr>\n<td><b>\u00a0<\/b>englez\u0103<\/td>\n<td>55<\/td>\n<td>70<\/td>\n<\/tr>\n<tr>\n<td><b>\u00a0<\/b>arab\u0103<\/td>\n<td>225<\/td>\n<td>225<\/td>\n<\/tr>\n<tr>\n<td><b>\u00a0<\/b>armean\u0103<\/td>\n<td>85<\/td>\n<td>95<\/td>\n<\/tr>\n<tr>\n<td><b>\u00a0<\/b>bulgar\u0103<\/td>\n<td>90<\/td>\n<td>125<\/td>\n<\/tr>\n<tr>\n<td><b>\u00a0<\/b>maghiar\u0103<\/td>\n<td>65<\/td>\n<td>90<\/td>\n<\/tr>\n<tr>\n<td><b>\u00a0<\/b>olandez\u0103<\/td>\n<td>260<\/td>\n<td>270<\/td>\n<\/tr>\n<tr>\n<td><b>\u00a0<\/b>greac\u0103<\/td>\n<td>\u00a0100<\/td>\n<td>\u00a0105<\/td>\n<\/tr>\n<tr>\n<td><b>\u00a0<\/b>georgian\u0103<\/td>\n<td>55<\/td>\n<td>70<\/td>\n<\/tr>\n<tr>\n<td><b>\u00a0<\/b>danez\u0103<\/td>\n<td>225<\/td>\n<td>225<\/td>\n<\/tr>\n<tr>\n<td><b>\u00a0<\/b>ebraic\u0103<\/td>\n<td>240<\/td>\n<td>245<\/td>\n<\/tr>\n<tr>\n<td><b>\u00a0<\/b>spaniol\u0103<\/td>\n<td>85<\/td>\n<td>95<\/td>\n<\/tr>\n<tr>\n<td><b>\u00a0<\/b>italian\u0103<\/td>\n<td>85<\/td>\n<td>95<\/td>\n<\/tr>\n<tr>\n<td><b>\u00a0<\/b>chinez\u0103<\/td>\n<td>105<\/td>\n<td>105<\/td>\n<\/tr>\n<tr>\n<td><b>\u00a0<\/b>leton\u0103<\/td>\n<td>225<\/td>\n<td>225<\/td>\n<\/tr>\n<tr>\n<td><b>\u00a0<\/b>lituanian\u0103<\/td>\n<td>110<\/td>\n<td>110<\/td>\n<\/tr>\n<tr>\n<td><b>\u00a0<\/b>german\u0103<\/td>\n<td>85<\/td>\n<td>95<\/td>\n<\/tr>\n<tr>\n<td><b>\u00a0<\/b>norvegian\u0103<\/td>\n<td>\u00a0225<\/td>\n<td>\u00a0225<\/td>\n<\/tr>\n<tr>\n<td><b>\u00a0<\/b>polonez\u0103<\/td>\n<td>\u00a085<\/td>\n<td>\u00a095<\/td>\n<\/tr>\n<tr>\n<td><b>\u00a0<\/b>portughez\u0103<\/td>\n<td>\u00a075<\/td>\n<td>90<\/td>\n<\/tr>\n<tr>\n<td><b>\u00a0<\/b>S\u00e2rbo-croat\u0103<\/td>\n<td>\u00a090<\/td>\n<td>\u00a0100<\/td>\n<\/tr>\n<tr>\n<td><b>\u00a0<\/b>slovac\u0103<\/td>\n<td>\u00a090<\/td>\n<td>\u00a0100<\/td>\n<\/tr>\n<tr>\n<td><b>\u00a0<\/b>sloven\u0103<\/td>\n<td>90<\/td>\n<td>100<\/td>\n<\/tr>\n<tr>\n<td><b>\u00a0<\/b>turc\u0103<\/td>\n<td>65<\/td>\n<td>65<\/td>\n<\/tr>\n<tr>\n<td><b>\u00a0<\/b>francez\u0103<\/td>\n<td>85<\/td>\n<td>95<\/td>\n<\/tr>\n<tr>\n<td><b>\u00a0<\/b>ceh\u0103<\/td>\n<td>75<\/td>\n<td>150<\/td>\n<\/tr>\n<tr>\n<td><b>\u00a0<\/b>suedez\u0103<\/td>\n<td>225<\/td>\n<td>225<\/td>\n<\/tr>\n<tr>\n<td><b>\u00a0<\/b>eston\u0103<\/td>\n<td>120<\/td>\n<td><\/td>\n<\/tr>\n<tr>\n<td><b>\u00a0<\/b>japonez\u0103<\/td>\n<td>105<\/td>\n<td>110<\/td>\n<\/tr>\n<tr>\n<td><b>\u00a0<\/b>rus\u0103<\/td>\n<td>75<\/td>\n<td>85<\/td>\n<\/tr>\n<tr>\n<td>ucrainean\u0103<\/td>\n<td>\u00a085<\/td>\n<td>\u00a095<\/td>\n<\/tr>\n<\/tbody>\n<\/table>\n<p style=\"font-weight: 400;\"><strong>\u00cen biroul nostru de traduceri activeaz\u0103 un num\u0103r mare de translatori profesioni\u0219ti, care efectueaz\u0103 traduceri \u00een urm\u0103toarele domenii:<\/strong><\/p>\n<p style=\"font-weight: 400;\">-jurispruden\u021b\u0103;<br \/>\n-economie;<br \/>\n-tehnic\u0103;<br \/>\n-medicin\u0103;<br \/>\n-tehnologii informa\u021bionale (traducere texte\u00a0IT).<\/p>\n<p style=\"font-weight: 400;\">Garant\u0103m traducere de \u00eenalt\u0103 calitate \u00een fiecare din sfera men\u021bionat\u0103 mai sus. Pentru fiecare comand\u0103 select\u0103m translator fluent \u00een perechea de limbi \u0219i specializat \u00een sfera, din care face parte documentul.<\/p>\n<p style=\"font-weight: 400;\">Pentru excluderea gre\u0219elilor \u00een traducere \u0219i corespunderea acesteia tuturor standardelor necesare de calitate, textul tradus este \u00eentotdeauna verificat de departamentul corectur\u0103 \u0219i numai apoi se transmite clientului.<\/p>\n<p style=\"font-weight: 400;\">Activitatea bine coordonat\u0103 a echipei biroului de traduceri\u00a0 \u00abLingmax\u00bb asigur\u0103 executarea foarte rapid\u0103 a comenzilor, f\u0103r\u0103 pierderea calit\u0103\u021bii.<\/p>\n<p style=\"font-weight: 400;\">Biroul de traduceri \u00abLingmax\u00bb<strong>\u00a0<\/strong>\u00een Moldova efectueaz\u0103, de asemenea, autentificarea notarial\u0103, legalizarea consular\u0103 \u0219i aplicarea \"Apostilei\".<\/p>\n<p style=\"font-weight: 400;\">De asemenea efectu\u0103m traduceri urgente.<\/p>\n<p style=\"font-weight: 400;\">Contacta\u021bi-ne la numerele de telefon listate pe site.<\/p>\n<p style=\"font-weight: 400;\">Managerii no\u0219tri vor r\u0103spunde la toate \u00eentreb\u0103rile dvs.<\/p>\n<p style=\"font-weight: 400;\">Noi accept\u0103m plata prin urm\u0103toarele modalit\u0103\u021bi:<\/p>\n<p style=\"font-weight: 400;\">- numerar la birou;<\/p>\n<p style=\"font-weight: 400;\">- monede electronice WebMoney, YandexMoney;<\/p>\n<p style=\"font-weight: 400;\">- transfer fonduri pe card bancar.<\/p>\n<\/div>\n<\/div><\/div><\/div><\/div><\/div>","protected":false},"excerpt":{"rendered":"<p>Biroul interna\u021bional de traduceri \u00abLingmax\u00bb\u00a0 Adresa noastr\u0103: Chi\u0219in\u0103u, str. Decebal 212 Telefon: +37369106200 viber: +380977744088 Biroul de traduceri \u00abLingmax\u00bb\u00a0ofer\u0103 \u00een Moldova o gam\u0103 complet\u0103 de servicii pentru traducerea documentelor din\/\u00een\u00a0 majoritatea limbilor din Europa si Asia. Ne specializ\u0103m in traduceri de \u00eenalt\u0103 calitate ale documentelor, at\u00e2t pentru persoane fizice cat \u0219i pentru \u00eentreprinderi. Limba standart &hellip;<\/p>\n","protected":false},"author":1,"featured_media":0,"parent":0,"menu_order":0,"comment_status":"closed","ping_status":"closed","template":"template-country.php","meta":{"inline_featured_image":false,"footnotes":""},"acf":[],"_links":{"self":[{"href":"https:\/\/lingmax.com\/ro\/wp-json\/wp\/v2\/pages\/838"}],"collection":[{"href":"https:\/\/lingmax.com\/ro\/wp-json\/wp\/v2\/pages"}],"about":[{"href":"https:\/\/lingmax.com\/ro\/wp-json\/wp\/v2\/types\/page"}],"author":[{"embeddable":true,"href":"https:\/\/lingmax.com\/ro\/wp-json\/wp\/v2\/users\/1"}],"replies":[{"embeddable":true,"href":"https:\/\/lingmax.com\/ro\/wp-json\/wp\/v2\/comments?post=838"}],"version-history":[{"count":29,"href":"https:\/\/lingmax.com\/ro\/wp-json\/wp\/v2\/pages\/838\/revisions"}],"predecessor-version":[{"id":1264,"href":"https:\/\/lingmax.com\/ro\/wp-json\/wp\/v2\/pages\/838\/revisions\/1264"}],"wp:attachment":[{"href":"https:\/\/lingmax.com\/ro\/wp-json\/wp\/v2\/media?parent=838"}],"curies":[{"name":"wp","href":"https:\/\/api.w.org\/{rel}","templated":true}]}}