{"id":857,"date":"2022-05-31T08:00:21","date_gmt":"2022-05-31T08:00:21","guid":{"rendered":"https:\/\/lingmax.com\/?page_id=857"},"modified":"2022-06-03T01:47:21","modified_gmt":"2022-06-03T01:47:21","slug":"hong_kong","status":"publish","type":"page","link":"https:\/\/lingmax.com\/ro\/hong_kong\/","title":{"rendered":"Hong Kong"},"content":{"rendered":"<div id=\"pl-857\"  class=\"panel-layout\" ><div id=\"pg-857-0\"  class=\"panel-grid panel-no-style\" ><div id=\"pgc-857-0-0\"  class=\"panel-grid-cell\" ><div id=\"panel-857-0-0-0\" class=\"so-panel widget widget_sow-editor panel-first-child panel-last-child\" data-index=\"0\" ><div\n\t\t\t\n\t\t\tclass=\"so-widget-sow-editor so-widget-sow-editor-base\"\n\t\t\t\n\t\t><h3 class=\"widget-title\"><span class=\"widget-title__inline\">Agen\u021bia Interna\u021bional\u0103 de Traduceri Lingmax din Hong Kong<\/span><\/h3>\n<div class=\"siteorigin-widget-tinymce textwidget\">\n\t<p>Agen\u021bia de traduceri Lingmax a fost fondat\u0103 \u00een 2006 de o echip\u0103 de lingvi\u0219ti \u0219i profesioni\u0219ti \u00een afaceri. Peste 8 ani de munc\u0103 fructuoas\u0103, am reu\u0219it s\u0103 c\u00e2\u0219tig\u0103m o \u00eenalt\u0103 reputa\u021bie \u0219i \u00eencredere \u00een r\u00e2ndul clien\u021bilor, ceea ce nu este mai pu\u021bin important atunci c\u00e2nd lucr\u0103m \u00een domeniul traducerilor. Am putut s\u0103 p\u0103trundem \u0219i s\u0103 ne punem picior pe pie\u021bele din Ucraina, Rusia, Moldova.<\/p>\n<p>&nbsp;<\/p>\n<p>Agen\u021bia noastr\u0103 ofer\u0103 urm\u0103toarele servicii de traducere:<\/p>\n<p>- traducerea documentelor cu autentificare notarial (pa\u0219aport, certificat de na\u0219tere, legitima\u021bie militar\u0103, carnet de munc\u0103, diplom\u0103, certificat, permis de conducere, acord de p\u0103r\u0103sire a copilului etc.)<\/p>\n<p>- traducere scris\u0103 (traducere tehnic\u0103, traducere medical\u0103, traducere economic\u0103, traducere juridic\u0103, traducere de texte IT)<br \/>\n- traducere site<br \/>\n- interpretare (consecutiv)<\/p>\n<p>&nbsp;<\/p>\n<p>Precum \u0219i servicii de legalizare consular\u0103 \u0219i apostilare.<\/p>\n<p>&nbsp;<\/p>\n<p>Lucr\u0103m at\u00e2t cu persoane fizice, c\u00e2t \u0219i cu organiza\u021bii comerciale.<\/p>\n<p>Agentia de traduceri \u201eLingmax\u201d are grija de fiecare client si este foarte important pentru noi sa fiti multumiti de calitatea si rapiditatea onorarii comenzilor. \u00cen\u021belegem c\u00e2t de important este fiecare minut \u0219i cum o gre\u0219eal\u0103 poate afecta cursul negocierilor sau al documentelor. Cooperarea pe termen lung este scopul nostru principal.<\/p>\n<p>&nbsp;<\/p>\n<p>V\u0103 rug\u0103m s\u0103 ne contacta\u021bi la numerele afi\u0219ate pe site-ul nostru oficial www.lingmax.com.<\/p>\n<p>&nbsp;<\/p>\n<p>Managerii no\u0219tri v\u0103 vor r\u0103spunde cu pl\u0103cere la toate \u00eentreb\u0103rile.<\/p>\n<\/div>\n<\/div><\/div><\/div><\/div><\/div>","protected":false},"excerpt":{"rendered":"<p>Agen\u021bia de traduceri Lingmax a fost fondat\u0103 \u00een 2006 de o echip\u0103 de lingvi\u0219ti \u0219i profesioni\u0219ti \u00een afaceri. Peste 8 ani de munc\u0103 fructuoas\u0103, am reu\u0219it s\u0103 c\u00e2\u0219tig\u0103m o \u00eenalt\u0103 reputa\u021bie \u0219i \u00eencredere \u00een r\u00e2ndul clien\u021bilor, ceea ce nu este mai pu\u021bin important atunci c\u00e2nd lucr\u0103m \u00een domeniul traducerilor. Am putut s\u0103 p\u0103trundem \u0219i s\u0103 &hellip;<\/p>\n","protected":false},"author":1,"featured_media":0,"parent":0,"menu_order":0,"comment_status":"closed","ping_status":"closed","template":"template-country.php","meta":{"inline_featured_image":false,"footnotes":""},"acf":[],"_links":{"self":[{"href":"https:\/\/lingmax.com\/ro\/wp-json\/wp\/v2\/pages\/857"}],"collection":[{"href":"https:\/\/lingmax.com\/ro\/wp-json\/wp\/v2\/pages"}],"about":[{"href":"https:\/\/lingmax.com\/ro\/wp-json\/wp\/v2\/types\/page"}],"author":[{"embeddable":true,"href":"https:\/\/lingmax.com\/ro\/wp-json\/wp\/v2\/users\/1"}],"replies":[{"embeddable":true,"href":"https:\/\/lingmax.com\/ro\/wp-json\/wp\/v2\/comments?post=857"}],"version-history":[{"count":21,"href":"https:\/\/lingmax.com\/ro\/wp-json\/wp\/v2\/pages\/857\/revisions"}],"predecessor-version":[{"id":1222,"href":"https:\/\/lingmax.com\/ro\/wp-json\/wp\/v2\/pages\/857\/revisions\/1222"}],"wp:attachment":[{"href":"https:\/\/lingmax.com\/ro\/wp-json\/wp\/v2\/media?parent=857"}],"curies":[{"name":"wp","href":"https:\/\/api.w.org\/{rel}","templated":true}]}}