{"id":863,"date":"2022-05-31T08:01:31","date_gmt":"2022-05-31T08:01:31","guid":{"rendered":"https:\/\/lingmax.com\/?page_id=863"},"modified":"2022-08-04T06:29:32","modified_gmt":"2022-08-04T06:29:32","slug":"switzerland","status":"publish","type":"page","link":"https:\/\/lingmax.com\/ro\/switzerland\/","title":{"rendered":"Elve\u0163ia"},"content":{"rendered":"\n<h2 class=\"wp-block-heading\">Agen\u021bie interna\u021bional\u0103 de traduceri Lingmax din Elve\u021bia<\/h2>\n\n\n<div id=\"pl-863\" class=\"panel-layout\">\n<div id=\"pg-863-0\" class=\"panel-grid panel-no-style\" data-style=\"{\" data-ratio=\"1\" data-ratio-direction=\"right\">\n<div id=\"pgc-863-0-0\" class=\"panel-grid-cell\" data-weight=\"1\">\n<div id=\"panel-863-0-0-0\" class=\"so-panel widget widget_sow-editor panel-first-child panel-last-child\" data-index=\"0\" data-style=\"{\">\n<div class=\"so-widget-sow-editor so-widget-sow-editor-base\">\n<div>\n<p>Agen\u021bia de traduceri Lingmax este o companie \u00een cre\u0219tere rapid\u0103 care ofer\u0103 servicii de traducere pentru diverse documente \u0219i site-uri web la nivel interna\u021bional. Echipa noastr\u0103 este format\u0103 din profesioni\u0219ti de \u00eenalt\u0103 clas\u0103, care de mul\u021bi ani s-au specializat \u00een traducerea de texte legate de diverse domenii ale \u0219tiin\u021bei, tehnologiei, medicinei \u0219i jurispruden\u021bei. Scopul nostru este s\u0103 v\u0103 ajut\u0103m pe dumneavoastr\u0103 \u0219i compania dumneavoastr\u0103 s\u0103 dep\u0103\u0219i\u021bi barierele lingvistice.<\/p>\n<p><br \/>Specializarea noastr\u0103<\/p>\n<p><br \/>Traduc\u0103torii no\u0219tri vorbesc toate cele mai populare limbi din Europa \u0219i Asia, ceea ce ne permite s\u0103 realiz\u0103m aproape orice traducere. Ne pas\u0103 de fiecare dintre clien\u021bii no\u0219tri \u0219i oferim servicii de calitate at\u00e2t persoanelor fizice, c\u00e2t \u0219i organiza\u021biilor comerciale.<\/p>\n<p><br \/>Serviciu convenabil \u0219i de \u00eencredere<\/p>\n<p><br \/>Agen\u021bia interna\u021bional\u0103 de traduceri \u201eLingmax\u201d din Elve\u021bia este preg\u0103tit\u0103 s\u0103 accepte traduceri de orice complexitate \u0219i volum. V\u0103 oferim pre\u021buri competitive \u0219i traduceri de \u00eenalt\u0103 calitate la timp.<\/p>\n<p><br \/>Control de calitate<\/p>\n<p><br \/>Toate comenzile sunt supuse unui dublu control de calitate. Dup\u0103 ce managerul a primit comanda, o trimite traduc\u0103torului, care cunoa\u0219te fluent perechea de limbi necesar\u0103 pentru traducerea documentului. Apoi, traducerea finalizat\u0103 este verificat\u0103 de departamentul de corecturi. Traducerea este dat\u0103 clientului numai atunci c\u00e2nd toate verific\u0103rile relevante, corectarea \u0219i aspectul au fost finalizate.<\/p>\n<p><br \/>echipa noastr\u0103<\/p>\n<p><br \/>Peste 15 ani de munc\u0103, am adunat o echip\u0103 de profesioni\u0219ti capabili s\u0103 execute orice traducere:<br \/>\u2022 fiecare traduc\u0103tor este fluent \u00een propria sa pereche de limbi;<br \/>\u2022 fiecare traduc\u0103tor este specialist \u00eentr-un anumit domeniu (economie, medicin\u0103, drept etc.);<br \/>\u2022 fiecare traduc\u0103tor are experien\u021b\u0103 \u00een domeniul traducerilor de limbi str\u0103ine.<\/p>\n<p><br \/>Gama de servicii oferite:<\/p>\n<p><br \/>Agen\u021bia interna\u021bional\u0103 de traduceri \u201eLingmax\u201d din Elve\u021bia ofer\u0103 urm\u0103toarele tipuri de traduceri:<br \/>\u2022 traduceri scrise (traducere tehnica, traducere medicala, traducere economica, traducere juridica)<br \/>\u2022 traduceri orale (traducere consecutiv\u0103)<br \/>\u2022 traducerea site-ului<\/p>\n<p><br \/>De asemenea, efectuam:<br \/>\u2022 legalizare consular\u0103 \u0219i \u0219tampilare \u201eApostila\u201d;<br \/>\u2022 legalizarea documentelor;<br \/>\u2022 certificare prin sigiliul agen\u021biei de traduceri (gratuit);<\/p>\n<p><br \/>Compania noastra ofera si traduceri urgente de documente.<br \/>Pentru a utiliza serviciile agen\u021biei noastre de traduceri, pute\u021bi:<br \/>\u2022 Contacta\u021bi managerii prin numerele de telefon afi\u0219ate pe site-ul oficial www.lingmax.com.<br \/>\u2022 Completa\u021bi formularul online de pe site-ul nostru.<br \/>\u2022 Trimite-ne un e-mail la c\u0103su\u021ba po\u0219tal\u0103: hot@lingmax.com<\/p>\n<\/div>\n<div class=\"siteorigin-widget-tinymce textwidget\">\n<h1>\u0423\u0441\u043b\u0443\u0433\u0438 \u0431\u044e\u0440\u043e \u043f\u0435\u0440\u0435\u0432\u043e\u0434\u043e\u0432 &#8222;LingMax&#8221;<\/h1>\n<\/div>\n<\/div>\n<\/div>\n<\/div>\n<\/div>\n<div id=\"pg-863-1\" class=\"panel-grid panel-has-style\" data-style=\"{\">\n<div class=\"panel-row-style panel-row-style-for-863-1\">\n<div id=\"pgc-863-1-0\" class=\"panel-grid-cell\" data-weight=\"0.33333333333333\">\n<div id=\"panel-863-1-0-0\" class=\"so-panel widget widget_black-studio-tinymce widget_black_studio_tinymce panel-first-child\" data-index=\"1\" data-style=\"{\">\n<div class=\"featured-widget panel-widget-style panel-widget-style-for-863-1-0-0\">\n<div class=\"textwidget\"><img loading=\"lazy\" decoding=\"async\" class=\"size-full wp-image-67 aligncenter\" src=\"https:\/\/lingmax.com\/wp-content\/uploads\/2022\/05\/technical.png\" alt=\"\" width=\"186\" height=\"117\" \/>\n<p>\u00a0<\/p>\n<p style=\"text-align: center;\"><a href=\"https:\/\/lingmax.com\/tehperevod.html\"><strong>\u0422\u0435\u0445\u043d\u0438\u0447\u0435\u0441\u043a\u0438\u0439 \u043f\u0435\u0440\u0435\u0432\u043e\u0434<\/strong><\/a><\/p>\n<\/div>\n<\/div>\n<\/div>\n<div id=\"panel-863-1-0-1\" class=\"so-panel widget widget_black-studio-tinymce widget_black_studio_tinymce panel-last-child\" data-index=\"2\" data-style=\"{\">\n<div class=\"featured-widget panel-widget-style panel-widget-style-for-863-1-0-1\">\n<div class=\"textwidget\"><img loading=\"lazy\" decoding=\"async\" class=\"alignnone wp-image-66 size-full aligncenter\" src=\"https:\/\/lingmax.com\/wp-content\/uploads\/2022\/05\/notarization.png\" alt=\"\" width=\"186\" height=\"117\" \/>\n<p>\u00a0<\/p>\n<p style=\"text-align: center;\"><strong><a href=\"https:\/\/lingmax.com\/notarius.html\">\u041d\u043e\u0442\u0430\u0440\u0438\u0430\u043b\u044c\u043d\u043e\u0435 \u0437\u0430\u0432\u0435\u0440\u0435\u043d\u0438\u0435<\/a><\/strong><\/p>\n<\/div>\n<\/div>\n<\/div>\n<\/div>\n<div id=\"pgc-863-1-1\" class=\"panel-grid-cell\" data-weight=\"0.33333333333333\">\n<div id=\"panel-863-1-1-0\" class=\"so-panel widget widget_black-studio-tinymce widget_black_studio_tinymce panel-first-child\" data-index=\"3\" data-style=\"{\">\n<div class=\"featured-widget panel-widget-style panel-widget-style-for-863-1-1-0\">\n<div class=\"textwidget\"><img loading=\"lazy\" decoding=\"async\" class=\"alignnone size-full wp-image-71 aligncenter\" src=\"https:\/\/lingmax.com\/wp-content\/uploads\/2022\/05\/medical.png\" alt=\"\" width=\"186\" height=\"117\" \/>\n<p>\u00a0<\/p>\n<p style=\"text-align: center;\"><strong><a href=\"https:\/\/lingmax.com\/medperevod.html\">\u041c\u0435\u0434\u0438\u0446\u0438\u043d\u0441\u043a\u0438\u0439 \u043f\u0435\u0440\u0435\u0432\u043e\u0434<\/a><\/strong><\/p>\n<\/div>\n<\/div>\n<\/div>\n<div id=\"panel-863-1-1-1\" class=\"so-panel widget widget_black-studio-tinymce widget_black_studio_tinymce panel-last-child\" data-index=\"4\" data-style=\"{\">\n<div class=\"featured-widget panel-widget-style panel-widget-style-for-863-1-1-1\">\n<div class=\"textwidget\"><img loading=\"lazy\" decoding=\"async\" class=\"size-full wp-image-69 aligncenter\" src=\"https:\/\/lingmax.com\/wp-content\/uploads\/2022\/05\/dtp-translation.png\" alt=\"\" width=\"186\" height=\"117\" \/>\n<p>\u00a0<\/p>\n<p style=\"text-align: center;\"><strong><a href=\"https:\/\/lingmax.com\/verstka.html\">\u0412\u0435\u0440\u0441\u0442\u043a\u0430 \u043f\u0435\u0440\u0435\u0432\u043e\u0434\u0430<\/a><\/strong><\/p>\n<\/div>\n<\/div>\n<\/div>\n<\/div>\n<div id=\"pgc-863-1-2\" class=\"panel-grid-cell\" data-weight=\"0.33333333333333\">\n<div id=\"panel-863-1-2-0\" class=\"so-panel widget widget_black-studio-tinymce widget_black_studio_tinymce panel-first-child\" data-index=\"5\" data-style=\"{\">\n<div class=\"featured-widget panel-widget-style panel-widget-style-for-863-1-2-0\">\n<div class=\"textwidget\"><img loading=\"lazy\" decoding=\"async\" class=\"alignnone size-full wp-image-70 aligncenter\" src=\"https:\/\/lingmax.com\/wp-content\/uploads\/2022\/05\/juridical.png\" alt=\"\" width=\"186\" height=\"117\" \/>\n<p>\u00a0<\/p>\n<p style=\"text-align: center;\"><strong><a href=\"https:\/\/lingmax.com\/urperevod.html\">\u042e\u0440\u0438\u0434\u0438\u0447\u0435\u0441\u043a\u0438\u0439 \u043f\u0435\u0440\u0435\u0432\u043e\u0434<\/a><\/strong><\/p>\n<\/div>\n<\/div>\n<\/div>\n<div id=\"panel-863-1-2-1\" class=\"so-panel widget widget_black-studio-tinymce widget_black_studio_tinymce panel-last-child\" data-index=\"6\" data-style=\"{\">\n<div class=\"featured-widget panel-widget-style panel-widget-style-for-863-1-2-1\">\n<div class=\"textwidget\"><img loading=\"lazy\" decoding=\"async\" class=\"alignnone size-full wp-image-68 aligncenter\" src=\"https:\/\/lingmax.com\/wp-content\/uploads\/2022\/05\/apostil.png\" alt=\"\" width=\"186\" height=\"117\" \/>\n<p>\u00a0<\/p>\n<p style=\"text-align: center;\"><strong><a href=\"https:\/\/lingmax.com\/apostil.html\">\u0410\u043f\u043e\u0441\u0442\u0438\u043b\u044c \u0438 \u043b\u0435\u0433\u0430\u043b\u0438\u0437\u0430\u0446\u0438\u044f<\/a><\/strong><\/p>\n<\/div>\n<\/div>\n<\/div>\n<\/div>\n<\/div>\n<\/div>\n<\/div>","protected":false},"excerpt":{"rendered":"<p>Agen\u021bie interna\u021bional\u0103 de traduceri Lingmax din Elve\u021bia Agen\u021bia de traduceri Lingmax este o companie \u00een cre\u0219tere rapid\u0103 care ofer\u0103 servicii de traducere pentru diverse documente \u0219i site-uri web la nivel interna\u021bional. Echipa noastr\u0103 este format\u0103 din profesioni\u0219ti de \u00eenalt\u0103 clas\u0103, care de mul\u021bi ani s-au specializat \u00een traducerea de texte legate de diverse domenii ale &hellip;<\/p>\n","protected":false},"author":1,"featured_media":0,"parent":0,"menu_order":0,"comment_status":"closed","ping_status":"closed","template":"template-country.php","meta":{"inline_featured_image":false,"footnotes":""},"acf":[],"_links":{"self":[{"href":"https:\/\/lingmax.com\/ro\/wp-json\/wp\/v2\/pages\/863"}],"collection":[{"href":"https:\/\/lingmax.com\/ro\/wp-json\/wp\/v2\/pages"}],"about":[{"href":"https:\/\/lingmax.com\/ro\/wp-json\/wp\/v2\/types\/page"}],"author":[{"embeddable":true,"href":"https:\/\/lingmax.com\/ro\/wp-json\/wp\/v2\/users\/1"}],"replies":[{"embeddable":true,"href":"https:\/\/lingmax.com\/ro\/wp-json\/wp\/v2\/comments?post=863"}],"version-history":[{"count":25,"href":"https:\/\/lingmax.com\/ro\/wp-json\/wp\/v2\/pages\/863\/revisions"}],"predecessor-version":[{"id":1412,"href":"https:\/\/lingmax.com\/ro\/wp-json\/wp\/v2\/pages\/863\/revisions\/1412"}],"wp:attachment":[{"href":"https:\/\/lingmax.com\/ro\/wp-json\/wp\/v2\/media?parent=863"}],"curies":[{"name":"wp","href":"https:\/\/api.w.org\/{rel}","templated":true}]}}