{"id":898,"date":"2022-05-31T08:23:40","date_gmt":"2022-05-31T08:23:40","guid":{"rendered":"https:\/\/lingmax.com\/?page_id=898"},"modified":"2022-06-03T02:34:51","modified_gmt":"2022-06-03T02:34:51","slug":"oplata","status":"publish","type":"page","link":"https:\/\/lingmax.com\/ro\/oplata\/","title":{"rendered":"Metode de plat\u0103 prin transfer"},"content":{"rendered":"<div id=\"pl-898\"  class=\"panel-layout\" ><div id=\"pg-898-0\"  class=\"panel-grid panel-no-style\" ><div id=\"pgc-898-0-0\"  class=\"panel-grid-cell\" ><div id=\"panel-898-0-0-0\" class=\"so-panel widget widget_sow-editor panel-first-child panel-last-child\" data-index=\"0\" ><div\n\t\t\t\n\t\t\tclass=\"so-widget-sow-editor so-widget-sow-editor-base\"\n\t\t\t\n\t\t><h3 class=\"widget-title\"><span class=\"widget-title__inline\">Metode de plat\u0103 prin transfer<\/span><\/h3>\n<div class=\"siteorigin-widget-tinymce textwidget\">\n\t<p>Pute\u021bi pl\u0103ti pentru transfer:<\/p>\n<p>1. Cash la birou la comanda unui transfer<br \/>\n2. Transfer f\u0103r\u0103 numerar pentru persoane fizice \u0219i juridice<br \/>\n3. Sisteme electronice de plat\u0103 Webmoney, Yandex.Money, Privat24, Liqpay<\/p>\n<p><strong>Acum nu trebuie s\u0103 vii la biroul nostru pentru a comanda o traducere!<\/strong><br \/>\n<strong>Pute\u021bi plasa o comand\u0103 prin internet \u0219i pl\u0103ti prin terminal!<\/strong><\/p>\n<\/div>\n<\/div><\/div><\/div><\/div><\/div>","protected":false},"excerpt":{"rendered":"<p>Pute\u021bi pl\u0103ti pentru transfer: 1. Cash la birou la comanda unui transfer 2. Transfer f\u0103r\u0103 numerar pentru persoane fizice \u0219i juridice 3. Sisteme electronice de plat\u0103 Webmoney, Yandex.Money, Privat24, Liqpay Acum nu trebuie s\u0103 vii la biroul nostru pentru a comanda o traducere! Pute\u021bi plasa o comand\u0103 prin internet \u0219i pl\u0103ti prin terminal!<\/p>\n","protected":false},"author":1,"featured_media":0,"parent":0,"menu_order":0,"comment_status":"closed","ping_status":"closed","template":"","meta":{"inline_featured_image":false,"footnotes":""},"acf":[],"_links":{"self":[{"href":"https:\/\/lingmax.com\/ro\/wp-json\/wp\/v2\/pages\/898"}],"collection":[{"href":"https:\/\/lingmax.com\/ro\/wp-json\/wp\/v2\/pages"}],"about":[{"href":"https:\/\/lingmax.com\/ro\/wp-json\/wp\/v2\/types\/page"}],"author":[{"embeddable":true,"href":"https:\/\/lingmax.com\/ro\/wp-json\/wp\/v2\/users\/1"}],"replies":[{"embeddable":true,"href":"https:\/\/lingmax.com\/ro\/wp-json\/wp\/v2\/comments?post=898"}],"version-history":[{"count":15,"href":"https:\/\/lingmax.com\/ro\/wp-json\/wp\/v2\/pages\/898\/revisions"}],"predecessor-version":[{"id":1290,"href":"https:\/\/lingmax.com\/ro\/wp-json\/wp\/v2\/pages\/898\/revisions\/1290"}],"wp:attachment":[{"href":"https:\/\/lingmax.com\/ro\/wp-json\/wp\/v2\/media?parent=898"}],"curies":[{"name":"wp","href":"https:\/\/api.w.org\/{rel}","templated":true}]}}