{"id":930,"date":"2022-05-31T08:36:07","date_gmt":"2022-05-31T08:36:07","guid":{"rendered":"https:\/\/lingmax.com\/?page_id=930"},"modified":"2022-06-01T00:09:21","modified_gmt":"2022-06-01T00:09:21","slug":"apostil","status":"publish","type":"page","link":"https:\/\/lingmax.com\/ro\/apostil\/","title":{"rendered":"Apostilarea \u0219i legalizarea"},"content":{"rendered":"<div id=\"pl-930\"  class=\"panel-layout\" ><div id=\"pg-930-0\"  class=\"panel-grid panel-no-style\" ><div id=\"pgc-930-0-0\"  class=\"panel-grid-cell\" ><div id=\"panel-930-0-0-0\" class=\"so-panel widget widget_sow-editor panel-first-child panel-last-child\" data-index=\"0\" ><div\n\t\t\t\n\t\t\tclass=\"so-widget-sow-editor so-widget-sow-editor-base\"\n\t\t\t\n\t\t><h3 class=\"widget-title\"><span class=\"widget-title__inline\">Apostilarea \u0219i legalizarea<\/span><\/h3>\n<div class=\"siteorigin-widget-tinymce textwidget\">\n\t<p>Apostilarea \u0219i legalizarea consular\u0103 a documentelor \u00a0este o modalitate de a confirma legitimitatea actelor emise de autorit\u0103\u021bile oficiale ale statului, pentru prezentarea lor la locul cererii \u00eentr-o alt\u0103 \u021bar\u0103. Aceste acte se refer\u0103 la toate tipurile \u00a0de adeverin\u0163e, diplome de studii, procuri, acte de la serviciul de stare civil\u0103, etc., toate documentele \u00a0ce nu au fotografiile titularului documentului.Legalizarea consular\u0103 este un timp \u00a0de procedur\u0103 \u00a0complicat\u0103 \u015fi dureaz\u0103 mult . Pentru comoditate, un num\u0103r de \u021b\u0103ri din 1961 a \u00a0adoptat Conven\u021bia de la Haga privind recunoa\u0219terea reciproc\u0103 a actelor eliberate \u00een \u021b\u0103rile membre ale Conven\u021biei \u0219i \u00eenlocuirea legaliz\u0103rii consulare cu \u00a0o procedur\u0103 simplificat\u0103 \u2013 aplicarea \u0219tampilei \"Apostil\u0103\". Textul apostilei \u00a0trebuie s\u0103 con\u021bin\u0103 informa\u021bii cu privire la denumirea statului, func\u021bia \u0219i numele persoanei care a semnat documentul, denumirea ora\u0219ului \u0219i altele \u00een englez\u0103, \u00a0francez\u0103 sau limba oficial\u0103 a statului \u00a0care a apostilat documentul.Pentru \u021b\u0103rile care nu au participat la Conven\u021bia de la Haga, documentele trebuie s\u0103 fie legalizate, adic\u0103 \u00a0s\u0103 se confirme autoritatea persoanelor oficiale care au emis actele oficiale. Acest proces este mult mai complicat. Cu actul legalizat se coase traducerea legalizat\u0103 notarial, apoi actele \u00a0trec legalizarea - de obicei \u00een cadrul Ministerului Afacerilor Externe \u0219i Ministerului Justi\u021biei \u0219i dup\u0103 \u00a0aceea la consulatul \u021b\u0103rii \u00a0unde vor fi depuse actele . Aceste documente vor ac\u021biona numai \u00eentr-un anumit stat. \u00a0Adic\u0103, \u00a0actele legalizate pentru SUA nu vor fi valabile pentru China.<\/p>\n<p>Dac\u0103 ave\u021bi nevoie de ajutor cu legalizarea documentelor \u0219i apostilare, v\u0103 rug\u0103m s\u0103 v\u0103 adresa\u0163i la biroul nostru de traduceri. Speciali\u015ftii no\u0219tri v\u0103 vor consulta cu privire la aceste aspecte \u0219i pot s\u0103 v\u0103 ajute cu rezolvarea tuturor problemelor legate cu legalizarea \u0219i apostilarea.<\/p>\n<\/div>\n<\/div><\/div><\/div><\/div><\/div>","protected":false},"excerpt":{"rendered":"<p>Apostilarea \u0219i legalizarea consular\u0103 a documentelor \u00a0este o modalitate de a confirma legitimitatea actelor emise de autorit\u0103\u021bile oficiale ale statului, pentru prezentarea lor la locul cererii \u00eentr-o alt\u0103 \u021bar\u0103. Aceste acte se refer\u0103 la toate tipurile \u00a0de adeverin\u0163e, diplome de studii, procuri, acte de la serviciul de stare civil\u0103, etc., toate documentele \u00a0ce nu au &hellip;<\/p>\n","protected":false},"author":1,"featured_media":0,"parent":0,"menu_order":0,"comment_status":"closed","ping_status":"closed","template":"","meta":{"inline_featured_image":false,"footnotes":""},"acf":[],"_links":{"self":[{"href":"https:\/\/lingmax.com\/ro\/wp-json\/wp\/v2\/pages\/930"}],"collection":[{"href":"https:\/\/lingmax.com\/ro\/wp-json\/wp\/v2\/pages"}],"about":[{"href":"https:\/\/lingmax.com\/ro\/wp-json\/wp\/v2\/types\/page"}],"author":[{"embeddable":true,"href":"https:\/\/lingmax.com\/ro\/wp-json\/wp\/v2\/users\/1"}],"replies":[{"embeddable":true,"href":"https:\/\/lingmax.com\/ro\/wp-json\/wp\/v2\/comments?post=930"}],"version-history":[{"count":19,"href":"https:\/\/lingmax.com\/ro\/wp-json\/wp\/v2\/pages\/930\/revisions"}],"predecessor-version":[{"id":1045,"href":"https:\/\/lingmax.com\/ro\/wp-json\/wp\/v2\/pages\/930\/revisions\/1045"}],"wp:attachment":[{"href":"https:\/\/lingmax.com\/ro\/wp-json\/wp\/v2\/media?parent=930"}],"curies":[{"name":"wp","href":"https:\/\/api.w.org\/{rel}","templated":true}]}}